{"id":22225,"date":"2024-04-24T18:36:16","date_gmt":"2024-04-24T16:36:16","guid":{"rendered":"https:\/\/www.franz-stadlhofer.at\/shop\/?post_type=product&#038;p=22225"},"modified":"2026-03-18T15:50:03","modified_gmt":"2026-03-18T14:50:03","slug":"armbanduhr","status":"publish","type":"product","link":"https:\/\/www.franz-stadlhofer.at\/shop\/produkt\/armbanduhr\/","title":{"rendered":"Armbanduhr"},"content":{"rendered":"<p>Dieses drei-teilige Set bietet eine spannende Alternative zu &#8222;klassischen&#8220; Wanduhren. Sowohl die Uhrb\u00e4nder als auch das Ziffernblatt bieten ausreichend Platz f\u00fcr sch\u00f6ne Verzierungen. Nach Fertigstellung erreicht die Armbanduhr eine Gesamtl\u00e4nge von 128 cm und ist auf jeder Wand ein besonderer Blickfang.<\/p>\n<p>Eine Idee f\u00fcr die Gestaltung sowie passendes Zubeh\u00f6r erhalten Sie mit dem <strong><a href=\"https:\/\/www.franz-stadlhofer.at\/shop\/produkt\/set-armbanduhr-edelweiss\/\" target=\"_blank\" rel=\"noopener\">Uhren Set Armbanduhr Edelweiss.<\/a><\/strong> Werfen Sie einen Blick hinein.<\/p>\n","protected":false},"excerpt":{"rendered":"<p>Dieses drei-teilige Set bietet eine spannende Alternative zu &#8222;klassischen&#8220; Wanduhren. Sowohl die Uhrb\u00e4nder als auch das Ziffernblatt bieten ausreichend Platz f\u00fcr sch\u00f6ne Verzierungen. Nach Fertigstellung erreicht die Armbanduhr eine Gesamtl\u00e4nge von 128 cm und ist  [&#8230;]<\/p>\n","protected":false},"featured_media":22226,"template":"","meta":[],"product_brand":[803],"product_cat":[778,759],"product_tag":[955,1249,1450,1516,1518],"class_list":{"0":"post-22225","1":"product","2":"type-product","3":"status-publish","4":"has-post-thumbnail","6":"product_brand-schnitzstube-franz-stadlhofer","7":"product_cat-einrichtung","8":"product_cat-rohes-lindenholz","9":"product_tag-uhren","10":"product_tag-armbanduhr","11":"product_tag-schnitzholz","12":"product_tag-rohes-lindenholz","13":"product_tag-beschnitzbar","15":"first","16":"instock","17":"taxable","18":"shipping-taxable","19":"purchasable","20":"product-type-simple"},"barcode":null,"atum_controlled":true,"out_stock_date":null,"out_stock_threshold":null,"inheritable":false,"stock_on_hold":0,"sold_today":0,"sales_last_days":0,"reserved_stock":0,"customer_returns":0,"warehouse_damage":0,"lost_in_post":0,"other_logs":0,"out_stock_days":0,"lost_sales":0,"update_date":"2026-05-11T00:02:08","atum_locations":[],"atum_stock_status":"instock","restock_status":false,"low_stock_amount":"","sales_update_date":"2026-05-11T00:02:08","calc_backorders":null,"yoast_head":"<!-- This site is optimized with the Yoast SEO plugin v27.5 - https:\/\/yoast.com\/product\/yoast-seo-wordpress\/ -->\n<title>Armbanduhr<\/title>\n<meta name=\"description\" content=\"Dieses drei-teilige Set bietet eine spannende Alternative zu &quot;klassischen&quot; Wanduhren. Sowohl die Uhrb\u00e4nder als auch das Ziffernblatt bieten ausreichend Platz f\u00fcr sch\u00f6ne Verzierungen. Nach Fertigstellung erreicht die Armbanduhr eine Gesamtl\u00e4nge von 128 cm und ist auf jeder Wand ein besonderer Blickfang.\" \/>\n<meta name=\"robots\" content=\"index, follow, max-snippet:-1, max-image-preview:large, max-video-preview:-1\" \/>\n<link rel=\"canonical\" href=\"https:\/\/www.franz-stadlhofer.at\/shop\/produkt\/armbanduhr\/\" \/>\n<meta property=\"og:locale\" content=\"de_DE\" \/>\n<meta property=\"og:type\" content=\"article\" \/>\n<meta property=\"og:title\" content=\"Armbanduhr\" \/>\n<meta property=\"og:description\" content=\"Dieses drei-teilige Set bietet eine spannende Alternative zu &quot;klassischen&quot; Wanduhren. Sowohl die Uhrb\u00e4nder als auch das Ziffernblatt bieten ausreichend Platz f\u00fcr sch\u00f6ne Verzierungen. Nach Fertigstellung erreicht die Armbanduhr eine Gesamtl\u00e4nge von 128 cm und ist auf jeder Wand ein besonderer Blickfang.\" \/>\n<meta property=\"og:url\" content=\"https:\/\/www.franz-stadlhofer.at\/shop\/produkt\/armbanduhr\/\" \/>\n<meta property=\"og:site_name\" content=\"Schnitzstube Stadlhofer Shop\" \/>\n<meta property=\"article:modified_time\" content=\"2026-03-18T14:50:03+00:00\" \/>\n<meta property=\"og:image\" content=\"https:\/\/www.franz-stadlhofer.at\/shop\/wp-content\/uploads\/2014\/11\/products-Armbanduhr_von_oben.jpg\" \/>\n\t<meta property=\"og:image:width\" content=\"945\" \/>\n\t<meta property=\"og:image:height\" content=\"945\" \/>\n\t<meta property=\"og:image:type\" content=\"image\/jpeg\" \/>\n<meta name=\"twitter:card\" content=\"summary_large_image\" \/>\n<meta name=\"twitter:label1\" content=\"Gesch\u00e4tzte Lesezeit\" \/>\n\t<meta name=\"twitter:data1\" content=\"1\u00a0Minute\" \/>\n<script type=\"application\/ld+json\" class=\"yoast-schema-graph\">{\"@context\":\"https:\\\/\\\/schema.org\",\"@graph\":[{\"@type\":\"WebPage\",\"@id\":\"https:\\\/\\\/www.franz-stadlhofer.at\\\/shop\\\/produkt\\\/armbanduhr\\\/\",\"url\":\"https:\\\/\\\/www.franz-stadlhofer.at\\\/shop\\\/produkt\\\/armbanduhr\\\/\",\"name\":\"Armbanduhr\",\"isPartOf\":{\"@id\":\"https:\\\/\\\/www.franz-stadlhofer.at\\\/shop\\\/#website\"},\"primaryImageOfPage\":{\"@id\":\"https:\\\/\\\/www.franz-stadlhofer.at\\\/shop\\\/produkt\\\/armbanduhr\\\/#primaryimage\"},\"image\":{\"@id\":\"https:\\\/\\\/www.franz-stadlhofer.at\\\/shop\\\/produkt\\\/armbanduhr\\\/#primaryimage\"},\"thumbnailUrl\":\"https:\\\/\\\/www.franz-stadlhofer.at\\\/shop\\\/wp-content\\\/uploads\\\/2014\\\/11\\\/products-Armbanduhr_von_oben.jpg\",\"datePublished\":\"2024-04-24T16:36:16+00:00\",\"dateModified\":\"2026-03-18T14:50:03+00:00\",\"description\":\"Dieses drei-teilige Set bietet eine spannende Alternative zu \\\"klassischen\\\" Wanduhren. Sowohl die Uhrb\u00e4nder als auch das Ziffernblatt bieten ausreichend Platz f\u00fcr sch\u00f6ne Verzierungen. Nach Fertigstellung erreicht die Armbanduhr eine Gesamtl\u00e4nge von 128 cm und ist auf jeder Wand ein besonderer Blickfang.\",\"breadcrumb\":{\"@id\":\"https:\\\/\\\/www.franz-stadlhofer.at\\\/shop\\\/produkt\\\/armbanduhr\\\/#breadcrumb\"},\"inLanguage\":\"de\",\"potentialAction\":[{\"@type\":\"ReadAction\",\"target\":[\"https:\\\/\\\/www.franz-stadlhofer.at\\\/shop\\\/produkt\\\/armbanduhr\\\/\"]}]},{\"@type\":\"ImageObject\",\"inLanguage\":\"de\",\"@id\":\"https:\\\/\\\/www.franz-stadlhofer.at\\\/shop\\\/produkt\\\/armbanduhr\\\/#primaryimage\",\"url\":\"https:\\\/\\\/www.franz-stadlhofer.at\\\/shop\\\/wp-content\\\/uploads\\\/2014\\\/11\\\/products-Armbanduhr_von_oben.jpg\",\"contentUrl\":\"https:\\\/\\\/www.franz-stadlhofer.at\\\/shop\\\/wp-content\\\/uploads\\\/2014\\\/11\\\/products-Armbanduhr_von_oben.jpg\",\"width\":\"945\",\"height\":\"945\",\"caption\":\"Armbanduhr Lindenholz roh - Schnitzstube Stadlhofer Shop\"},{\"@type\":\"BreadcrumbList\",\"@id\":\"https:\\\/\\\/www.franz-stadlhofer.at\\\/shop\\\/produkt\\\/armbanduhr\\\/#breadcrumb\",\"itemListElement\":[{\"@type\":\"ListItem\",\"position\":1,\"name\":\"Startseite\",\"item\":\"https:\\\/\\\/www.franz-stadlhofer.at\\\/shop\\\/\"},{\"@type\":\"ListItem\",\"position\":2,\"name\":\"Produkte\",\"item\":\"https:\\\/\\\/www.franz-stadlhofer.at\\\/shop\\\/shop\\\/\"},{\"@type\":\"ListItem\",\"position\":3,\"name\":\"Armbanduhr\"}]},{\"@type\":\"WebSite\",\"@id\":\"https:\\\/\\\/www.franz-stadlhofer.at\\\/shop\\\/#website\",\"url\":\"https:\\\/\\\/www.franz-stadlhofer.at\\\/shop\\\/\",\"name\":\"Schnitzstube Stadlhofer Shop\",\"description\":\"Holzschnitzen Onlineshop\",\"publisher\":{\"@id\":\"https:\\\/\\\/www.franz-stadlhofer.at\\\/shop\\\/#organization\"},\"potentialAction\":[{\"@type\":\"SearchAction\",\"target\":{\"@type\":\"EntryPoint\",\"urlTemplate\":\"https:\\\/\\\/www.franz-stadlhofer.at\\\/shop\\\/?s={search_term_string}\"},\"query-input\":{\"@type\":\"PropertyValueSpecification\",\"valueRequired\":true,\"valueName\":\"search_term_string\"}}],\"inLanguage\":\"de\"},{\"@type\":\"Organization\",\"@id\":\"https:\\\/\\\/www.franz-stadlhofer.at\\\/shop\\\/#organization\",\"name\":\"Schnitzstube Stadlhofer Shop\",\"url\":\"https:\\\/\\\/www.franz-stadlhofer.at\\\/shop\\\/\",\"logo\":{\"@type\":\"ImageObject\",\"inLanguage\":\"de\",\"@id\":\"https:\\\/\\\/www.franz-stadlhofer.at\\\/shop\\\/#\\\/schema\\\/logo\\\/image\\\/\",\"url\":\"https:\\\/\\\/www.franz-stadlhofer.at\\\/shop\\\/wp-content\\\/uploads\\\/2019\\\/10\\\/LOGO-2-RETINA.png\",\"contentUrl\":\"https:\\\/\\\/www.franz-stadlhofer.at\\\/shop\\\/wp-content\\\/uploads\\\/2019\\\/10\\\/LOGO-2-RETINA.png\",\"width\":471,\"height\":160,\"caption\":\"Schnitzstube Stadlhofer Shop\"},\"image\":{\"@id\":\"https:\\\/\\\/www.franz-stadlhofer.at\\\/shop\\\/#\\\/schema\\\/logo\\\/image\\\/\"}}]}<\/script>\n<!-- \/ Yoast SEO plugin. -->","yoast_head_json":{"title":"Armbanduhr","description":"Dieses drei-teilige Set bietet eine spannende Alternative zu \"klassischen\" Wanduhren. Sowohl die Uhrb\u00e4nder als auch das Ziffernblatt bieten ausreichend Platz f\u00fcr sch\u00f6ne Verzierungen. Nach Fertigstellung erreicht die Armbanduhr eine Gesamtl\u00e4nge von 128 cm und ist auf jeder Wand ein besonderer Blickfang.","robots":{"index":"index","follow":"follow","max-snippet":"max-snippet:-1","max-image-preview":"max-image-preview:large","max-video-preview":"max-video-preview:-1"},"canonical":"https:\/\/www.franz-stadlhofer.at\/shop\/produkt\/armbanduhr\/","og_locale":"de_DE","og_type":"article","og_title":"Armbanduhr","og_description":"Dieses drei-teilige Set bietet eine spannende Alternative zu \"klassischen\" Wanduhren. Sowohl die Uhrb\u00e4nder als auch das Ziffernblatt bieten ausreichend Platz f\u00fcr sch\u00f6ne Verzierungen. Nach Fertigstellung erreicht die Armbanduhr eine Gesamtl\u00e4nge von 128 cm und ist auf jeder Wand ein besonderer Blickfang.","og_url":"https:\/\/www.franz-stadlhofer.at\/shop\/produkt\/armbanduhr\/","og_site_name":"Schnitzstube Stadlhofer Shop","article_modified_time":"2026-03-18T14:50:03+00:00","og_image":[{"width":945,"height":945,"url":"https:\/\/www.franz-stadlhofer.at\/shop\/wp-content\/uploads\/2014\/11\/products-Armbanduhr_von_oben.jpg","type":"image\/jpeg"}],"twitter_card":"summary_large_image","twitter_misc":{"Gesch\u00e4tzte Lesezeit":"1\u00a0Minute"},"schema":{"@context":"https:\/\/schema.org","@graph":[{"@type":"WebPage","@id":"https:\/\/www.franz-stadlhofer.at\/shop\/produkt\/armbanduhr\/","url":"https:\/\/www.franz-stadlhofer.at\/shop\/produkt\/armbanduhr\/","name":"Armbanduhr","isPartOf":{"@id":"https:\/\/www.franz-stadlhofer.at\/shop\/#website"},"primaryImageOfPage":{"@id":"https:\/\/www.franz-stadlhofer.at\/shop\/produkt\/armbanduhr\/#primaryimage"},"image":{"@id":"https:\/\/www.franz-stadlhofer.at\/shop\/produkt\/armbanduhr\/#primaryimage"},"thumbnailUrl":"https:\/\/www.franz-stadlhofer.at\/shop\/wp-content\/uploads\/2014\/11\/products-Armbanduhr_von_oben.jpg","datePublished":"2024-04-24T16:36:16+00:00","dateModified":"2026-03-18T14:50:03+00:00","description":"Dieses drei-teilige Set bietet eine spannende Alternative zu \"klassischen\" Wanduhren. Sowohl die Uhrb\u00e4nder als auch das Ziffernblatt bieten ausreichend Platz f\u00fcr sch\u00f6ne Verzierungen. Nach Fertigstellung erreicht die Armbanduhr eine Gesamtl\u00e4nge von 128 cm und ist auf jeder Wand ein besonderer Blickfang.","breadcrumb":{"@id":"https:\/\/www.franz-stadlhofer.at\/shop\/produkt\/armbanduhr\/#breadcrumb"},"inLanguage":"de","potentialAction":[{"@type":"ReadAction","target":["https:\/\/www.franz-stadlhofer.at\/shop\/produkt\/armbanduhr\/"]}]},{"@type":"ImageObject","inLanguage":"de","@id":"https:\/\/www.franz-stadlhofer.at\/shop\/produkt\/armbanduhr\/#primaryimage","url":"https:\/\/www.franz-stadlhofer.at\/shop\/wp-content\/uploads\/2014\/11\/products-Armbanduhr_von_oben.jpg","contentUrl":"https:\/\/www.franz-stadlhofer.at\/shop\/wp-content\/uploads\/2014\/11\/products-Armbanduhr_von_oben.jpg","width":"945","height":"945","caption":"Armbanduhr Lindenholz roh - Schnitzstube Stadlhofer Shop"},{"@type":"BreadcrumbList","@id":"https:\/\/www.franz-stadlhofer.at\/shop\/produkt\/armbanduhr\/#breadcrumb","itemListElement":[{"@type":"ListItem","position":1,"name":"Startseite","item":"https:\/\/www.franz-stadlhofer.at\/shop\/"},{"@type":"ListItem","position":2,"name":"Produkte","item":"https:\/\/www.franz-stadlhofer.at\/shop\/shop\/"},{"@type":"ListItem","position":3,"name":"Armbanduhr"}]},{"@type":"WebSite","@id":"https:\/\/www.franz-stadlhofer.at\/shop\/#website","url":"https:\/\/www.franz-stadlhofer.at\/shop\/","name":"Schnitzstube Stadlhofer Shop","description":"Holzschnitzen Onlineshop","publisher":{"@id":"https:\/\/www.franz-stadlhofer.at\/shop\/#organization"},"potentialAction":[{"@type":"SearchAction","target":{"@type":"EntryPoint","urlTemplate":"https:\/\/www.franz-stadlhofer.at\/shop\/?s={search_term_string}"},"query-input":{"@type":"PropertyValueSpecification","valueRequired":true,"valueName":"search_term_string"}}],"inLanguage":"de"},{"@type":"Organization","@id":"https:\/\/www.franz-stadlhofer.at\/shop\/#organization","name":"Schnitzstube Stadlhofer Shop","url":"https:\/\/www.franz-stadlhofer.at\/shop\/","logo":{"@type":"ImageObject","inLanguage":"de","@id":"https:\/\/www.franz-stadlhofer.at\/shop\/#\/schema\/logo\/image\/","url":"https:\/\/www.franz-stadlhofer.at\/shop\/wp-content\/uploads\/2019\/10\/LOGO-2-RETINA.png","contentUrl":"https:\/\/www.franz-stadlhofer.at\/shop\/wp-content\/uploads\/2019\/10\/LOGO-2-RETINA.png","width":471,"height":160,"caption":"Schnitzstube Stadlhofer Shop"},"image":{"@id":"https:\/\/www.franz-stadlhofer.at\/shop\/#\/schema\/logo\/image\/"}}]}},"_links":{"self":[{"href":"https:\/\/www.franz-stadlhofer.at\/shop\/wp-json\/wp\/v2\/product\/22225","targetHints":{"allow":["GET"]}}],"collection":[{"href":"https:\/\/www.franz-stadlhofer.at\/shop\/wp-json\/wp\/v2\/product"}],"about":[{"href":"https:\/\/www.franz-stadlhofer.at\/shop\/wp-json\/wp\/v2\/types\/product"}],"wp:featuredmedia":[{"embeddable":true,"href":"https:\/\/www.franz-stadlhofer.at\/shop\/wp-json\/wp\/v2\/media\/22226"}],"wp:attachment":[{"href":"https:\/\/www.franz-stadlhofer.at\/shop\/wp-json\/wp\/v2\/media?parent=22225"}],"wp:term":[{"taxonomy":"product_brand","embeddable":true,"href":"https:\/\/www.franz-stadlhofer.at\/shop\/wp-json\/wp\/v2\/product_brand?post=22225"},{"taxonomy":"product_cat","embeddable":true,"href":"https:\/\/www.franz-stadlhofer.at\/shop\/wp-json\/wp\/v2\/product_cat?post=22225"},{"taxonomy":"product_tag","embeddable":true,"href":"https:\/\/www.franz-stadlhofer.at\/shop\/wp-json\/wp\/v2\/product_tag?post=22225"}],"curies":[{"name":"wp","href":"https:\/\/api.w.org\/{rel}","templated":true}]}}