{"id":22128,"date":"2024-04-24T18:36:00","date_gmt":"2024-04-24T16:36:00","guid":{"rendered":"https:\/\/www.franz-stadlhofer.at\/shop\/?post_type=product&#038;p=22128"},"modified":"2025-11-18T09:20:10","modified_gmt":"2025-11-18T08:20:10","slug":"schatulle-laura","status":"publish","type":"product","link":"https:\/\/www.franz-stadlhofer.at\/shop\/produkt\/schatulle-laura\/","title":{"rendered":"Schatulle Laura"},"content":{"rendered":"<p>In dieser Schatulle lassen sich aufgrund der Gr\u00f6\u00dfe bereits mehrere Kostbarkeiten verstauen. Der eingerahmte Deckel l\u00e4dt zu einer zus\u00e4tzlichen Verziehrung ein, die das Haupmuster in den rechten Rahmen setzen kann.<\/p>\n<p>Ma\u00dfe (L x B x H): 250 x 170 x 80 mm<\/p>\n","protected":false},"excerpt":{"rendered":"<p>In dieser Schatulle lassen sich aufgrund der Gr\u00f6\u00dfe bereits mehrere Kostbarkeiten verstauen. Der eingerahmte Deckel l\u00e4dt zu einer zus\u00e4tzlichen Verziehrung ein, die das Haupmuster in den rechten Rahmen setzen kann. Ma\u00dfe (L x B x  [&#8230;]<\/p>\n","protected":false},"featured_media":22129,"template":"","meta":[],"product_brand":[803],"product_cat":[759,780],"product_tag":[1536,1540,1541,1084,1086,1122,1338,1450,1516,1518],"class_list":{"0":"post-22128","1":"product","2":"type-product","3":"status-publish","4":"has-post-thumbnail","6":"product_brand-schnitzstube-franz-stadlhofer","7":"product_cat-rohes-lindenholz","8":"product_cat-schatullen-dosen","9":"product_tag-rechteckig","10":"product_tag-klappdeckel","11":"product_tag-mit-standfuessen","12":"product_tag-kassette","13":"product_tag-schachtel","14":"product_tag-box","15":"product_tag-schatulle","16":"product_tag-schnitzholz","17":"product_tag-rohes-lindenholz","18":"product_tag-beschnitzbar","20":"first","21":"instock","22":"taxable","23":"shipping-taxable","24":"purchasable","25":"product-type-simple"},"barcode":null,"atum_controlled":true,"out_stock_date":null,"out_stock_threshold":null,"inheritable":false,"stock_on_hold":0,"sold_today":0,"sales_last_days":0,"reserved_stock":0,"customer_returns":0,"warehouse_damage":0,"lost_in_post":0,"other_logs":0,"out_stock_days":0,"lost_sales":0,"update_date":"2026-04-15T00:00:57","atum_locations":[],"atum_stock_status":"instock","restock_status":false,"low_stock_amount":"","sales_update_date":"2026-04-15T00:00:56","calc_backorders":null,"yoast_head":"<!-- This site is optimized with the Yoast SEO plugin v27.3 - https:\/\/yoast.com\/product\/yoast-seo-wordpress\/ -->\n<title>Schatulle Laura<\/title>\n<meta name=\"description\" content=\"In dieser Schatulle lassen sich aufgrund der Gr\u00f6\u00dfe bereits mehrere Kostbarkeiten verstauen. Der eingerahmte Deckel l\u00e4dt zu einer zus\u00e4tzlichen Verziehrung ein, die das Haupmuster in den rechten Rahmen setzen kann. Ma\u00dfe (L x B x H): 250 x 170 x 80 mm\" \/>\n<meta name=\"robots\" content=\"index, follow, max-snippet:-1, max-image-preview:large, max-video-preview:-1\" \/>\n<link rel=\"canonical\" href=\"https:\/\/www.franz-stadlhofer.at\/shop\/produkt\/schatulle-laura\/\" \/>\n<meta property=\"og:locale\" content=\"de_DE\" \/>\n<meta property=\"og:type\" content=\"article\" \/>\n<meta property=\"og:title\" content=\"Schatulle Laura\" \/>\n<meta property=\"og:description\" content=\"In dieser Schatulle lassen sich aufgrund der Gr\u00f6\u00dfe bereits mehrere Kostbarkeiten verstauen. Der eingerahmte Deckel l\u00e4dt zu einer zus\u00e4tzlichen Verziehrung ein, die das Haupmuster in den rechten Rahmen setzen kann. Ma\u00dfe (L x B x H): 250 x 170 x 80 mm\" \/>\n<meta property=\"og:url\" content=\"https:\/\/www.franz-stadlhofer.at\/shop\/produkt\/schatulle-laura\/\" \/>\n<meta property=\"og:site_name\" content=\"Schnitzstube Stadlhofer Shop\" \/>\n<meta property=\"article:modified_time\" content=\"2025-11-18T08:20:10+00:00\" \/>\n<meta property=\"og:image\" content=\"https:\/\/www.franz-stadlhofer.at\/shop\/wp-content\/uploads\/2014\/11\/products-Barockkassette_vorne_x.jpg\" \/>\n\t<meta property=\"og:image:width\" content=\"945\" \/>\n\t<meta property=\"og:image:height\" content=\"945\" \/>\n\t<meta property=\"og:image:type\" content=\"image\/jpeg\" \/>\n<meta name=\"twitter:card\" content=\"summary_large_image\" \/>\n<script type=\"application\/ld+json\" class=\"yoast-schema-graph\">{\"@context\":\"https:\\\/\\\/schema.org\",\"@graph\":[{\"@type\":\"WebPage\",\"@id\":\"https:\\\/\\\/www.franz-stadlhofer.at\\\/shop\\\/produkt\\\/schatulle-laura\\\/\",\"url\":\"https:\\\/\\\/www.franz-stadlhofer.at\\\/shop\\\/produkt\\\/schatulle-laura\\\/\",\"name\":\"Schatulle Laura\",\"isPartOf\":{\"@id\":\"https:\\\/\\\/www.franz-stadlhofer.at\\\/shop\\\/#website\"},\"primaryImageOfPage\":{\"@id\":\"https:\\\/\\\/www.franz-stadlhofer.at\\\/shop\\\/produkt\\\/schatulle-laura\\\/#primaryimage\"},\"image\":{\"@id\":\"https:\\\/\\\/www.franz-stadlhofer.at\\\/shop\\\/produkt\\\/schatulle-laura\\\/#primaryimage\"},\"thumbnailUrl\":\"https:\\\/\\\/www.franz-stadlhofer.at\\\/shop\\\/wp-content\\\/uploads\\\/2014\\\/11\\\/products-Barockkassette_vorne_x.jpg\",\"datePublished\":\"2024-04-24T16:36:00+00:00\",\"dateModified\":\"2025-11-18T08:20:10+00:00\",\"description\":\"In dieser Schatulle lassen sich aufgrund der Gr\u00f6\u00dfe bereits mehrere Kostbarkeiten verstauen. Der eingerahmte Deckel l\u00e4dt zu einer zus\u00e4tzlichen Verziehrung ein, die das Haupmuster in den rechten Rahmen setzen kann. Ma\u00dfe (L x B x H): 250 x 170 x 80 mm\",\"breadcrumb\":{\"@id\":\"https:\\\/\\\/www.franz-stadlhofer.at\\\/shop\\\/produkt\\\/schatulle-laura\\\/#breadcrumb\"},\"inLanguage\":\"de\",\"potentialAction\":[{\"@type\":\"ReadAction\",\"target\":[\"https:\\\/\\\/www.franz-stadlhofer.at\\\/shop\\\/produkt\\\/schatulle-laura\\\/\"]}]},{\"@type\":\"ImageObject\",\"inLanguage\":\"de\",\"@id\":\"https:\\\/\\\/www.franz-stadlhofer.at\\\/shop\\\/produkt\\\/schatulle-laura\\\/#primaryimage\",\"url\":\"https:\\\/\\\/www.franz-stadlhofer.at\\\/shop\\\/wp-content\\\/uploads\\\/2014\\\/11\\\/products-Barockkassette_vorne_x.jpg\",\"contentUrl\":\"https:\\\/\\\/www.franz-stadlhofer.at\\\/shop\\\/wp-content\\\/uploads\\\/2014\\\/11\\\/products-Barockkassette_vorne_x.jpg\",\"width\":\"945\",\"height\":\"945\",\"caption\":\"Schatulle Laura Lindenholz roh - Schnitzstube Stadlhofer Shop\"},{\"@type\":\"BreadcrumbList\",\"@id\":\"https:\\\/\\\/www.franz-stadlhofer.at\\\/shop\\\/produkt\\\/schatulle-laura\\\/#breadcrumb\",\"itemListElement\":[{\"@type\":\"ListItem\",\"position\":1,\"name\":\"Startseite\",\"item\":\"https:\\\/\\\/www.franz-stadlhofer.at\\\/shop\\\/\"},{\"@type\":\"ListItem\",\"position\":2,\"name\":\"Produkte\",\"item\":\"https:\\\/\\\/www.franz-stadlhofer.at\\\/shop\\\/shop\\\/\"},{\"@type\":\"ListItem\",\"position\":3,\"name\":\"Schatulle Laura\"}]},{\"@type\":\"WebSite\",\"@id\":\"https:\\\/\\\/www.franz-stadlhofer.at\\\/shop\\\/#website\",\"url\":\"https:\\\/\\\/www.franz-stadlhofer.at\\\/shop\\\/\",\"name\":\"Schnitzstube Stadlhofer Shop\",\"description\":\"Holzschnitzen Onlineshop\",\"publisher\":{\"@id\":\"https:\\\/\\\/www.franz-stadlhofer.at\\\/shop\\\/#organization\"},\"potentialAction\":[{\"@type\":\"SearchAction\",\"target\":{\"@type\":\"EntryPoint\",\"urlTemplate\":\"https:\\\/\\\/www.franz-stadlhofer.at\\\/shop\\\/?s={search_term_string}\"},\"query-input\":{\"@type\":\"PropertyValueSpecification\",\"valueRequired\":true,\"valueName\":\"search_term_string\"}}],\"inLanguage\":\"de\"},{\"@type\":\"Organization\",\"@id\":\"https:\\\/\\\/www.franz-stadlhofer.at\\\/shop\\\/#organization\",\"name\":\"Schnitzstube Stadlhofer Shop\",\"url\":\"https:\\\/\\\/www.franz-stadlhofer.at\\\/shop\\\/\",\"logo\":{\"@type\":\"ImageObject\",\"inLanguage\":\"de\",\"@id\":\"https:\\\/\\\/www.franz-stadlhofer.at\\\/shop\\\/#\\\/schema\\\/logo\\\/image\\\/\",\"url\":\"https:\\\/\\\/www.franz-stadlhofer.at\\\/shop\\\/wp-content\\\/uploads\\\/2019\\\/10\\\/LOGO-2-RETINA.png\",\"contentUrl\":\"https:\\\/\\\/www.franz-stadlhofer.at\\\/shop\\\/wp-content\\\/uploads\\\/2019\\\/10\\\/LOGO-2-RETINA.png\",\"width\":471,\"height\":160,\"caption\":\"Schnitzstube Stadlhofer Shop\"},\"image\":{\"@id\":\"https:\\\/\\\/www.franz-stadlhofer.at\\\/shop\\\/#\\\/schema\\\/logo\\\/image\\\/\"}}]}<\/script>\n<!-- \/ Yoast SEO plugin. -->","yoast_head_json":{"title":"Schatulle Laura","description":"In dieser Schatulle lassen sich aufgrund der Gr\u00f6\u00dfe bereits mehrere Kostbarkeiten verstauen. Der eingerahmte Deckel l\u00e4dt zu einer zus\u00e4tzlichen Verziehrung ein, die das Haupmuster in den rechten Rahmen setzen kann. Ma\u00dfe (L x B x H): 250 x 170 x 80 mm","robots":{"index":"index","follow":"follow","max-snippet":"max-snippet:-1","max-image-preview":"max-image-preview:large","max-video-preview":"max-video-preview:-1"},"canonical":"https:\/\/www.franz-stadlhofer.at\/shop\/produkt\/schatulle-laura\/","og_locale":"de_DE","og_type":"article","og_title":"Schatulle Laura","og_description":"In dieser Schatulle lassen sich aufgrund der Gr\u00f6\u00dfe bereits mehrere Kostbarkeiten verstauen. Der eingerahmte Deckel l\u00e4dt zu einer zus\u00e4tzlichen Verziehrung ein, die das Haupmuster in den rechten Rahmen setzen kann. Ma\u00dfe (L x B x H): 250 x 170 x 80 mm","og_url":"https:\/\/www.franz-stadlhofer.at\/shop\/produkt\/schatulle-laura\/","og_site_name":"Schnitzstube Stadlhofer Shop","article_modified_time":"2025-11-18T08:20:10+00:00","og_image":[{"width":945,"height":945,"url":"https:\/\/www.franz-stadlhofer.at\/shop\/wp-content\/uploads\/2014\/11\/products-Barockkassette_vorne_x.jpg","type":"image\/jpeg"}],"twitter_card":"summary_large_image","schema":{"@context":"https:\/\/schema.org","@graph":[{"@type":"WebPage","@id":"https:\/\/www.franz-stadlhofer.at\/shop\/produkt\/schatulle-laura\/","url":"https:\/\/www.franz-stadlhofer.at\/shop\/produkt\/schatulle-laura\/","name":"Schatulle Laura","isPartOf":{"@id":"https:\/\/www.franz-stadlhofer.at\/shop\/#website"},"primaryImageOfPage":{"@id":"https:\/\/www.franz-stadlhofer.at\/shop\/produkt\/schatulle-laura\/#primaryimage"},"image":{"@id":"https:\/\/www.franz-stadlhofer.at\/shop\/produkt\/schatulle-laura\/#primaryimage"},"thumbnailUrl":"https:\/\/www.franz-stadlhofer.at\/shop\/wp-content\/uploads\/2014\/11\/products-Barockkassette_vorne_x.jpg","datePublished":"2024-04-24T16:36:00+00:00","dateModified":"2025-11-18T08:20:10+00:00","description":"In dieser Schatulle lassen sich aufgrund der Gr\u00f6\u00dfe bereits mehrere Kostbarkeiten verstauen. Der eingerahmte Deckel l\u00e4dt zu einer zus\u00e4tzlichen Verziehrung ein, die das Haupmuster in den rechten Rahmen setzen kann. Ma\u00dfe (L x B x H): 250 x 170 x 80 mm","breadcrumb":{"@id":"https:\/\/www.franz-stadlhofer.at\/shop\/produkt\/schatulle-laura\/#breadcrumb"},"inLanguage":"de","potentialAction":[{"@type":"ReadAction","target":["https:\/\/www.franz-stadlhofer.at\/shop\/produkt\/schatulle-laura\/"]}]},{"@type":"ImageObject","inLanguage":"de","@id":"https:\/\/www.franz-stadlhofer.at\/shop\/produkt\/schatulle-laura\/#primaryimage","url":"https:\/\/www.franz-stadlhofer.at\/shop\/wp-content\/uploads\/2014\/11\/products-Barockkassette_vorne_x.jpg","contentUrl":"https:\/\/www.franz-stadlhofer.at\/shop\/wp-content\/uploads\/2014\/11\/products-Barockkassette_vorne_x.jpg","width":"945","height":"945","caption":"Schatulle Laura Lindenholz roh - Schnitzstube Stadlhofer Shop"},{"@type":"BreadcrumbList","@id":"https:\/\/www.franz-stadlhofer.at\/shop\/produkt\/schatulle-laura\/#breadcrumb","itemListElement":[{"@type":"ListItem","position":1,"name":"Startseite","item":"https:\/\/www.franz-stadlhofer.at\/shop\/"},{"@type":"ListItem","position":2,"name":"Produkte","item":"https:\/\/www.franz-stadlhofer.at\/shop\/shop\/"},{"@type":"ListItem","position":3,"name":"Schatulle Laura"}]},{"@type":"WebSite","@id":"https:\/\/www.franz-stadlhofer.at\/shop\/#website","url":"https:\/\/www.franz-stadlhofer.at\/shop\/","name":"Schnitzstube Stadlhofer Shop","description":"Holzschnitzen Onlineshop","publisher":{"@id":"https:\/\/www.franz-stadlhofer.at\/shop\/#organization"},"potentialAction":[{"@type":"SearchAction","target":{"@type":"EntryPoint","urlTemplate":"https:\/\/www.franz-stadlhofer.at\/shop\/?s={search_term_string}"},"query-input":{"@type":"PropertyValueSpecification","valueRequired":true,"valueName":"search_term_string"}}],"inLanguage":"de"},{"@type":"Organization","@id":"https:\/\/www.franz-stadlhofer.at\/shop\/#organization","name":"Schnitzstube Stadlhofer Shop","url":"https:\/\/www.franz-stadlhofer.at\/shop\/","logo":{"@type":"ImageObject","inLanguage":"de","@id":"https:\/\/www.franz-stadlhofer.at\/shop\/#\/schema\/logo\/image\/","url":"https:\/\/www.franz-stadlhofer.at\/shop\/wp-content\/uploads\/2019\/10\/LOGO-2-RETINA.png","contentUrl":"https:\/\/www.franz-stadlhofer.at\/shop\/wp-content\/uploads\/2019\/10\/LOGO-2-RETINA.png","width":471,"height":160,"caption":"Schnitzstube Stadlhofer Shop"},"image":{"@id":"https:\/\/www.franz-stadlhofer.at\/shop\/#\/schema\/logo\/image\/"}}]}},"_links":{"self":[{"href":"https:\/\/www.franz-stadlhofer.at\/shop\/wp-json\/wp\/v2\/product\/22128","targetHints":{"allow":["GET"]}}],"collection":[{"href":"https:\/\/www.franz-stadlhofer.at\/shop\/wp-json\/wp\/v2\/product"}],"about":[{"href":"https:\/\/www.franz-stadlhofer.at\/shop\/wp-json\/wp\/v2\/types\/product"}],"wp:featuredmedia":[{"embeddable":true,"href":"https:\/\/www.franz-stadlhofer.at\/shop\/wp-json\/wp\/v2\/media\/22129"}],"wp:attachment":[{"href":"https:\/\/www.franz-stadlhofer.at\/shop\/wp-json\/wp\/v2\/media?parent=22128"}],"wp:term":[{"taxonomy":"product_brand","embeddable":true,"href":"https:\/\/www.franz-stadlhofer.at\/shop\/wp-json\/wp\/v2\/product_brand?post=22128"},{"taxonomy":"product_cat","embeddable":true,"href":"https:\/\/www.franz-stadlhofer.at\/shop\/wp-json\/wp\/v2\/product_cat?post=22128"},{"taxonomy":"product_tag","embeddable":true,"href":"https:\/\/www.franz-stadlhofer.at\/shop\/wp-json\/wp\/v2\/product_tag?post=22128"}],"curies":[{"name":"wp","href":"https:\/\/api.w.org\/{rel}","templated":true}]}}