{"id":22056,"date":"2014-11-08T19:10:22","date_gmt":"2014-11-08T18:10:22","guid":{"rendered":"https:\/\/www.franz-stadlhofer.at\/shop\/?post_type=product&#038;p=22056"},"modified":"2026-01-26T14:36:35","modified_gmt":"2026-01-26T13:36:35","slug":"schaerfstation-ts-740","status":"publish","type":"product","link":"https:\/\/www.franz-stadlhofer.at\/shop\/produkt\/schaerfstation-ts-740\/","title":{"rendered":"Sch\u00e4rfstation (TS-740)"},"content":{"rendered":"<div class=\"fusion-fullwidth fullwidth-box fusion-builder-row-1 fusion-flex-container nonhundred-percent-fullwidth non-hundred-percent-height-scrolling\" style=\"--awb-border-radius-top-left:0px;--awb-border-radius-top-right:0px;--awb-border-radius-bottom-right:0px;--awb-border-radius-bottom-left:0px;--awb-flex-wrap:wrap;\" ><div class=\"fusion-builder-row fusion-row fusion-flex-align-items-flex-start fusion-flex-content-wrap\" style=\"max-width:1216.8px;margin-left: calc(-4% \/ 2 );margin-right: calc(-4% \/ 2 );\"><div class=\"fusion-layout-column fusion_builder_column fusion-builder-column-0 fusion_builder_column_1_1 1_1 fusion-flex-column\" style=\"--awb-bg-size:cover;--awb-width-large:100%;--awb-margin-top-large:0px;--awb-spacing-right-large:1.92%;--awb-margin-bottom-large:0px;--awb-spacing-left-large:1.92%;--awb-width-medium:100%;--awb-spacing-right-medium:1.92%;--awb-spacing-left-medium:1.92%;--awb-width-small:100%;--awb-spacing-right-small:1.92%;--awb-spacing-left-small:1.92%;\"><div class=\"fusion-column-wrapper fusion-flex-justify-content-flex-start fusion-content-layout-column\"><div class=\"fusion-text fusion-text-1\"><p>Tormek hebt das Sch\u00e4rfen von Schneidwerkzeugen auf ein v\u00f6llig neues Niveau in Bezug auf Arbeitskomfort und Kontrolle.<\/p>\n<p>Mit der Schleifstation von h\u00f6chster Qualit\u00e4t mit angepassten Schubladeneins\u00e4tzen f\u00fcr Tormeks Zubeh\u00f6r. Praktisches Verstauen von Schleifvorrichtungen und Zubeh\u00f6r zum Schleifen aller Arten von Werkzeugen. Kr\u00e4ftige Stahlkonstruktion mit kratzfester Pulverbeschichtung, abgerundete Ecken und Tormeklogo.<\/p>\n<p><strong><a title=\"Datenblatt TS-740\" href=\"https:\/\/www.franz-stadlhofer.at\/shop\/wp-content\/uploads\/2020\/12\/TS-740.pdf\">Datenblatt<\/a><\/strong><\/p>\n<p><span style=\"color: #ff0000;\"><strong>Mit TOP-Anleitung zum Spitzen-Schliff: Lernen Sie alle Teile des Tormek-Systems kennen und \u00fcben Sie den optimalen Einsatz in unseren <a style=\"color: #ff0000;\" href=\"https:\/\/www.franz-stadlhofer.at\/kursthema\/schleifen-schaerfen\/\" target=\"_blank\" rel=\"noopener\">SCHLEIFKURSEN<\/a>.<\/strong><\/span><\/p>\n<\/div><\/div><\/div><\/div><\/div>\n","protected":false},"excerpt":{"rendered":"","protected":false},"featured_media":22058,"template":"","meta":[],"product_brand":[806],"product_cat":[767,788,758,763],"product_tag":[],"class_list":{"0":"post-22056","1":"product","2":"type-product","3":"status-publish","4":"has-post-thumbnail","6":"product_brand-tormek","7":"product_cat-nass-schleifen","8":"product_cat-zubehor-schleifen","9":"product_cat-werkzeuge","10":"product_cat-schleifen-scharfen","12":"first","13":"instock","14":"sale","15":"taxable","16":"shipping-taxable","17":"purchasable","18":"product-type-simple"},"barcode":null,"atum_controlled":true,"out_stock_date":null,"out_stock_threshold":null,"inheritable":false,"stock_on_hold":0,"sold_today":0,"sales_last_days":0,"reserved_stock":0,"customer_returns":0,"warehouse_damage":0,"lost_in_post":0,"other_logs":0,"out_stock_days":0,"lost_sales":0,"update_date":"2026-05-05T00:05:44","atum_locations":[],"atum_stock_status":"instock","restock_status":false,"low_stock_amount":1,"sales_update_date":"2026-05-05T00:05:44","calc_backorders":null,"yoast_head":"<!-- This site is optimized with the Yoast SEO plugin v27.4 - https:\/\/yoast.com\/product\/yoast-seo-wordpress\/ -->\n<title>Sch\u00e4rfstation (TS-740)<\/title>\n<meta name=\"description\" content=\"Tormek hebt das Sch\u00e4rfen von Schneidwerkzeugen auf ein v\u00f6llig neues Niveau in Bezug auf Arbeitskomfort und Kontrolle. Mit der Schleifstation von h\u00f6chster Qualit\u00e4t mit angepassten Schubladeneins\u00e4tzen f\u00fcr Tormeks Zubeh\u00f6r. Praktisches Verstauen von Schleifvorrichtungen und Zubeh\u00f6r zum Schleifen aller Arten von Werkzeugen. Kr\u00e4ftige Stahlkonstruktion mit kratzfester Pulverbeschichtung, abgerundete Ecken und Tormeklogo. Datenblatt\" \/>\n<meta name=\"robots\" content=\"index, follow, max-snippet:-1, max-image-preview:large, max-video-preview:-1\" \/>\n<link rel=\"canonical\" href=\"https:\/\/www.franz-stadlhofer.at\/shop\/produkt\/schaerfstation-ts-740\/\" \/>\n<meta property=\"og:locale\" content=\"de_DE\" \/>\n<meta property=\"og:type\" content=\"article\" \/>\n<meta property=\"og:title\" content=\"Sch\u00e4rfstation (TS-740)\" \/>\n<meta property=\"og:description\" content=\"Tormek hebt das Sch\u00e4rfen von Schneidwerkzeugen auf ein v\u00f6llig neues Niveau in Bezug auf Arbeitskomfort und Kontrolle. Mit der Schleifstation von h\u00f6chster Qualit\u00e4t mit angepassten Schubladeneins\u00e4tzen f\u00fcr Tormeks Zubeh\u00f6r. Praktisches Verstauen von Schleifvorrichtungen und Zubeh\u00f6r zum Schleifen aller Arten von Werkzeugen. Kr\u00e4ftige Stahlkonstruktion mit kratzfester Pulverbeschichtung, abgerundete Ecken und Tormeklogo. Datenblatt\" \/>\n<meta property=\"og:url\" content=\"https:\/\/www.franz-stadlhofer.at\/shop\/produkt\/schaerfstation-ts-740\/\" \/>\n<meta property=\"og:site_name\" content=\"Schnitzstube Stadlhofer Shop\" \/>\n<meta property=\"article:modified_time\" content=\"2026-01-26T13:36:35+00:00\" \/>\n<meta property=\"og:image\" content=\"https:\/\/www.franz-stadlhofer.at\/shop\/wp-content\/uploads\/2014\/11\/products-ts740_overview_de_530.jpg\" \/>\n\t<meta property=\"og:image:width\" content=\"945\" \/>\n\t<meta property=\"og:image:height\" content=\"945\" \/>\n\t<meta property=\"og:image:type\" content=\"image\/jpeg\" \/>\n<meta name=\"twitter:card\" content=\"summary_large_image\" \/>\n<meta name=\"twitter:label1\" content=\"Gesch\u00e4tzte Lesezeit\" \/>\n\t<meta name=\"twitter:data1\" content=\"1\u00a0Minute\" \/>\n<script type=\"application\/ld+json\" class=\"yoast-schema-graph\">{\"@context\":\"https:\\\/\\\/schema.org\",\"@graph\":[{\"@type\":\"WebPage\",\"@id\":\"https:\\\/\\\/www.franz-stadlhofer.at\\\/shop\\\/produkt\\\/schaerfstation-ts-740\\\/\",\"url\":\"https:\\\/\\\/www.franz-stadlhofer.at\\\/shop\\\/produkt\\\/schaerfstation-ts-740\\\/\",\"name\":\"Sch\u00e4rfstation (TS-740)\",\"isPartOf\":{\"@id\":\"https:\\\/\\\/www.franz-stadlhofer.at\\\/shop\\\/#website\"},\"primaryImageOfPage\":{\"@id\":\"https:\\\/\\\/www.franz-stadlhofer.at\\\/shop\\\/produkt\\\/schaerfstation-ts-740\\\/#primaryimage\"},\"image\":{\"@id\":\"https:\\\/\\\/www.franz-stadlhofer.at\\\/shop\\\/produkt\\\/schaerfstation-ts-740\\\/#primaryimage\"},\"thumbnailUrl\":\"https:\\\/\\\/www.franz-stadlhofer.at\\\/shop\\\/wp-content\\\/uploads\\\/2014\\\/11\\\/products-ts740_overview_de_530.jpg\",\"datePublished\":\"2014-11-08T18:10:22+00:00\",\"dateModified\":\"2026-01-26T13:36:35+00:00\",\"description\":\"Tormek hebt das Sch\u00e4rfen von Schneidwerkzeugen auf ein v\u00f6llig neues Niveau in Bezug auf Arbeitskomfort und Kontrolle. Mit der Schleifstation von h\u00f6chster Qualit\u00e4t mit angepassten Schubladeneins\u00e4tzen f\u00fcr Tormeks Zubeh\u00f6r. Praktisches Verstauen von Schleifvorrichtungen und Zubeh\u00f6r zum Schleifen aller Arten von Werkzeugen. Kr\u00e4ftige Stahlkonstruktion mit kratzfester Pulverbeschichtung, abgerundete Ecken und Tormeklogo. Datenblatt\",\"breadcrumb\":{\"@id\":\"https:\\\/\\\/www.franz-stadlhofer.at\\\/shop\\\/produkt\\\/schaerfstation-ts-740\\\/#breadcrumb\"},\"inLanguage\":\"de\",\"potentialAction\":[{\"@type\":\"ReadAction\",\"target\":[\"https:\\\/\\\/www.franz-stadlhofer.at\\\/shop\\\/produkt\\\/schaerfstation-ts-740\\\/\"]}]},{\"@type\":\"ImageObject\",\"inLanguage\":\"de\",\"@id\":\"https:\\\/\\\/www.franz-stadlhofer.at\\\/shop\\\/produkt\\\/schaerfstation-ts-740\\\/#primaryimage\",\"url\":\"https:\\\/\\\/www.franz-stadlhofer.at\\\/shop\\\/wp-content\\\/uploads\\\/2014\\\/11\\\/products-ts740_overview_de_530.jpg\",\"contentUrl\":\"https:\\\/\\\/www.franz-stadlhofer.at\\\/shop\\\/wp-content\\\/uploads\\\/2014\\\/11\\\/products-ts740_overview_de_530.jpg\",\"width\":\"945\",\"height\":\"945\",\"caption\":\"Tormek Sch\u00e4rfstation (TS-740) - Schnitzstube Stadlhofer Shop\"},{\"@type\":\"BreadcrumbList\",\"@id\":\"https:\\\/\\\/www.franz-stadlhofer.at\\\/shop\\\/produkt\\\/schaerfstation-ts-740\\\/#breadcrumb\",\"itemListElement\":[{\"@type\":\"ListItem\",\"position\":1,\"name\":\"Startseite\",\"item\":\"https:\\\/\\\/www.franz-stadlhofer.at\\\/shop\\\/\"},{\"@type\":\"ListItem\",\"position\":2,\"name\":\"Produkte\",\"item\":\"https:\\\/\\\/www.franz-stadlhofer.at\\\/shop\\\/shop\\\/\"},{\"@type\":\"ListItem\",\"position\":3,\"name\":\"Sch\u00e4rfstation (TS-740)\"}]},{\"@type\":\"WebSite\",\"@id\":\"https:\\\/\\\/www.franz-stadlhofer.at\\\/shop\\\/#website\",\"url\":\"https:\\\/\\\/www.franz-stadlhofer.at\\\/shop\\\/\",\"name\":\"Schnitzstube Stadlhofer Shop\",\"description\":\"Holzschnitzen Onlineshop\",\"publisher\":{\"@id\":\"https:\\\/\\\/www.franz-stadlhofer.at\\\/shop\\\/#organization\"},\"potentialAction\":[{\"@type\":\"SearchAction\",\"target\":{\"@type\":\"EntryPoint\",\"urlTemplate\":\"https:\\\/\\\/www.franz-stadlhofer.at\\\/shop\\\/?s={search_term_string}\"},\"query-input\":{\"@type\":\"PropertyValueSpecification\",\"valueRequired\":true,\"valueName\":\"search_term_string\"}}],\"inLanguage\":\"de\"},{\"@type\":\"Organization\",\"@id\":\"https:\\\/\\\/www.franz-stadlhofer.at\\\/shop\\\/#organization\",\"name\":\"Schnitzstube Stadlhofer Shop\",\"url\":\"https:\\\/\\\/www.franz-stadlhofer.at\\\/shop\\\/\",\"logo\":{\"@type\":\"ImageObject\",\"inLanguage\":\"de\",\"@id\":\"https:\\\/\\\/www.franz-stadlhofer.at\\\/shop\\\/#\\\/schema\\\/logo\\\/image\\\/\",\"url\":\"https:\\\/\\\/www.franz-stadlhofer.at\\\/shop\\\/wp-content\\\/uploads\\\/2019\\\/10\\\/LOGO-2-RETINA.png\",\"contentUrl\":\"https:\\\/\\\/www.franz-stadlhofer.at\\\/shop\\\/wp-content\\\/uploads\\\/2019\\\/10\\\/LOGO-2-RETINA.png\",\"width\":471,\"height\":160,\"caption\":\"Schnitzstube Stadlhofer Shop\"},\"image\":{\"@id\":\"https:\\\/\\\/www.franz-stadlhofer.at\\\/shop\\\/#\\\/schema\\\/logo\\\/image\\\/\"}}]}<\/script>\n<!-- \/ Yoast SEO plugin. -->","yoast_head_json":{"title":"Sch\u00e4rfstation (TS-740)","description":"Tormek hebt das Sch\u00e4rfen von Schneidwerkzeugen auf ein v\u00f6llig neues Niveau in Bezug auf Arbeitskomfort und Kontrolle. Mit der Schleifstation von h\u00f6chster Qualit\u00e4t mit angepassten Schubladeneins\u00e4tzen f\u00fcr Tormeks Zubeh\u00f6r. Praktisches Verstauen von Schleifvorrichtungen und Zubeh\u00f6r zum Schleifen aller Arten von Werkzeugen. Kr\u00e4ftige Stahlkonstruktion mit kratzfester Pulverbeschichtung, abgerundete Ecken und Tormeklogo. Datenblatt","robots":{"index":"index","follow":"follow","max-snippet":"max-snippet:-1","max-image-preview":"max-image-preview:large","max-video-preview":"max-video-preview:-1"},"canonical":"https:\/\/www.franz-stadlhofer.at\/shop\/produkt\/schaerfstation-ts-740\/","og_locale":"de_DE","og_type":"article","og_title":"Sch\u00e4rfstation (TS-740)","og_description":"Tormek hebt das Sch\u00e4rfen von Schneidwerkzeugen auf ein v\u00f6llig neues Niveau in Bezug auf Arbeitskomfort und Kontrolle. Mit der Schleifstation von h\u00f6chster Qualit\u00e4t mit angepassten Schubladeneins\u00e4tzen f\u00fcr Tormeks Zubeh\u00f6r. Praktisches Verstauen von Schleifvorrichtungen und Zubeh\u00f6r zum Schleifen aller Arten von Werkzeugen. Kr\u00e4ftige Stahlkonstruktion mit kratzfester Pulverbeschichtung, abgerundete Ecken und Tormeklogo. Datenblatt","og_url":"https:\/\/www.franz-stadlhofer.at\/shop\/produkt\/schaerfstation-ts-740\/","og_site_name":"Schnitzstube Stadlhofer Shop","article_modified_time":"2026-01-26T13:36:35+00:00","og_image":[{"width":945,"height":945,"url":"https:\/\/www.franz-stadlhofer.at\/shop\/wp-content\/uploads\/2014\/11\/products-ts740_overview_de_530.jpg","type":"image\/jpeg"}],"twitter_card":"summary_large_image","twitter_misc":{"Gesch\u00e4tzte Lesezeit":"1\u00a0Minute"},"schema":{"@context":"https:\/\/schema.org","@graph":[{"@type":"WebPage","@id":"https:\/\/www.franz-stadlhofer.at\/shop\/produkt\/schaerfstation-ts-740\/","url":"https:\/\/www.franz-stadlhofer.at\/shop\/produkt\/schaerfstation-ts-740\/","name":"Sch\u00e4rfstation (TS-740)","isPartOf":{"@id":"https:\/\/www.franz-stadlhofer.at\/shop\/#website"},"primaryImageOfPage":{"@id":"https:\/\/www.franz-stadlhofer.at\/shop\/produkt\/schaerfstation-ts-740\/#primaryimage"},"image":{"@id":"https:\/\/www.franz-stadlhofer.at\/shop\/produkt\/schaerfstation-ts-740\/#primaryimage"},"thumbnailUrl":"https:\/\/www.franz-stadlhofer.at\/shop\/wp-content\/uploads\/2014\/11\/products-ts740_overview_de_530.jpg","datePublished":"2014-11-08T18:10:22+00:00","dateModified":"2026-01-26T13:36:35+00:00","description":"Tormek hebt das Sch\u00e4rfen von Schneidwerkzeugen auf ein v\u00f6llig neues Niveau in Bezug auf Arbeitskomfort und Kontrolle. Mit der Schleifstation von h\u00f6chster Qualit\u00e4t mit angepassten Schubladeneins\u00e4tzen f\u00fcr Tormeks Zubeh\u00f6r. Praktisches Verstauen von Schleifvorrichtungen und Zubeh\u00f6r zum Schleifen aller Arten von Werkzeugen. Kr\u00e4ftige Stahlkonstruktion mit kratzfester Pulverbeschichtung, abgerundete Ecken und Tormeklogo. Datenblatt","breadcrumb":{"@id":"https:\/\/www.franz-stadlhofer.at\/shop\/produkt\/schaerfstation-ts-740\/#breadcrumb"},"inLanguage":"de","potentialAction":[{"@type":"ReadAction","target":["https:\/\/www.franz-stadlhofer.at\/shop\/produkt\/schaerfstation-ts-740\/"]}]},{"@type":"ImageObject","inLanguage":"de","@id":"https:\/\/www.franz-stadlhofer.at\/shop\/produkt\/schaerfstation-ts-740\/#primaryimage","url":"https:\/\/www.franz-stadlhofer.at\/shop\/wp-content\/uploads\/2014\/11\/products-ts740_overview_de_530.jpg","contentUrl":"https:\/\/www.franz-stadlhofer.at\/shop\/wp-content\/uploads\/2014\/11\/products-ts740_overview_de_530.jpg","width":"945","height":"945","caption":"Tormek Sch\u00e4rfstation (TS-740) - Schnitzstube Stadlhofer Shop"},{"@type":"BreadcrumbList","@id":"https:\/\/www.franz-stadlhofer.at\/shop\/produkt\/schaerfstation-ts-740\/#breadcrumb","itemListElement":[{"@type":"ListItem","position":1,"name":"Startseite","item":"https:\/\/www.franz-stadlhofer.at\/shop\/"},{"@type":"ListItem","position":2,"name":"Produkte","item":"https:\/\/www.franz-stadlhofer.at\/shop\/shop\/"},{"@type":"ListItem","position":3,"name":"Sch\u00e4rfstation (TS-740)"}]},{"@type":"WebSite","@id":"https:\/\/www.franz-stadlhofer.at\/shop\/#website","url":"https:\/\/www.franz-stadlhofer.at\/shop\/","name":"Schnitzstube Stadlhofer Shop","description":"Holzschnitzen Onlineshop","publisher":{"@id":"https:\/\/www.franz-stadlhofer.at\/shop\/#organization"},"potentialAction":[{"@type":"SearchAction","target":{"@type":"EntryPoint","urlTemplate":"https:\/\/www.franz-stadlhofer.at\/shop\/?s={search_term_string}"},"query-input":{"@type":"PropertyValueSpecification","valueRequired":true,"valueName":"search_term_string"}}],"inLanguage":"de"},{"@type":"Organization","@id":"https:\/\/www.franz-stadlhofer.at\/shop\/#organization","name":"Schnitzstube Stadlhofer Shop","url":"https:\/\/www.franz-stadlhofer.at\/shop\/","logo":{"@type":"ImageObject","inLanguage":"de","@id":"https:\/\/www.franz-stadlhofer.at\/shop\/#\/schema\/logo\/image\/","url":"https:\/\/www.franz-stadlhofer.at\/shop\/wp-content\/uploads\/2019\/10\/LOGO-2-RETINA.png","contentUrl":"https:\/\/www.franz-stadlhofer.at\/shop\/wp-content\/uploads\/2019\/10\/LOGO-2-RETINA.png","width":471,"height":160,"caption":"Schnitzstube Stadlhofer Shop"},"image":{"@id":"https:\/\/www.franz-stadlhofer.at\/shop\/#\/schema\/logo\/image\/"}}]}},"_links":{"self":[{"href":"https:\/\/www.franz-stadlhofer.at\/shop\/wp-json\/wp\/v2\/product\/22056","targetHints":{"allow":["GET"]}}],"collection":[{"href":"https:\/\/www.franz-stadlhofer.at\/shop\/wp-json\/wp\/v2\/product"}],"about":[{"href":"https:\/\/www.franz-stadlhofer.at\/shop\/wp-json\/wp\/v2\/types\/product"}],"wp:featuredmedia":[{"embeddable":true,"href":"https:\/\/www.franz-stadlhofer.at\/shop\/wp-json\/wp\/v2\/media\/22058"}],"wp:attachment":[{"href":"https:\/\/www.franz-stadlhofer.at\/shop\/wp-json\/wp\/v2\/media?parent=22056"}],"wp:term":[{"taxonomy":"product_brand","embeddable":true,"href":"https:\/\/www.franz-stadlhofer.at\/shop\/wp-json\/wp\/v2\/product_brand?post=22056"},{"taxonomy":"product_cat","embeddable":true,"href":"https:\/\/www.franz-stadlhofer.at\/shop\/wp-json\/wp\/v2\/product_cat?post=22056"},{"taxonomy":"product_tag","embeddable":true,"href":"https:\/\/www.franz-stadlhofer.at\/shop\/wp-json\/wp\/v2\/product_tag?post=22056"}],"curies":[{"name":"wp","href":"https:\/\/api.w.org\/{rel}","templated":true}]}}