{"id":22053,"date":"2014-11-08T19:10:22","date_gmt":"2014-11-08T19:10:22","guid":{"rendered":"https:\/\/www.franz-stadlhofer.at\/shop\/?post_type=product&#038;p=22053"},"modified":"2024-04-24T19:58:17","modified_gmt":"2024-04-24T17:58:17","slug":"einstelllehre-fur-drechselwerkzeuge-tts-100","status":"publish","type":"product","link":"https:\/\/www.franz-stadlhofer.at\/shop\/produkt\/einstelllehre-fur-drechselwerkzeuge-tts-100\/","title":{"rendered":"Einstelllehre f\u00fcr Drechselwerkzeuge (TTS-100)"},"content":{"rendered":"<p><strong>Diese Einstelllehre ist der Schl\u00fcssel f\u00fcr ein effizientes Schleifen von Drechseleisen und Schr\u00e4geisen. Sie erm\u00f6glicht die exakte Erstellung und Reproduktion des Schneidenwinkels.<\/strong><\/p>\n<p>Die TTS-100 funktioniert in Verbindung mit der <strong><a title=\"SVD-186 Vorrichtung f\u00fcr R\u00f6hren\" href=\"https:\/\/www.franz-stadlhofer.at\/shop\/produkt\/schleifvorrichtung-fur-drehrohren-schnitzhohleisen-svd-186\/\">Vorrichtung f\u00fcr R\u00f6hren SVD-186<\/a><\/strong> und der <strong><a title=\"SVS-50 Multivorrichtung\" href=\"https:\/\/www.franz-stadlhofer.at\/shop\/produkt\/schleifvorrichtung-multi-svs-50\/\">Multivorrichtung SVS-50<\/a>.<\/strong><\/p>\n<p>Wenn Sie Ihre exakten Profile kennen, k\u00f6nnen Sie sie innerhalb von Sekunden reproduzieren und Ihren Schleifprozess radikal beschleunigen.<\/p>\n<p>Drei Einstellungen auf der Lehre bestimmen die Form eines Drechseleisens oder eines Schr\u00e4gmei\u00dfels. Durch die Anwendung dieser Einstellungen und indem Sie sie bei jedem Sch\u00e4rfen wiederholen, erhalten Sie jedes Mal eine genaue Wiederholung der Form. Dies spart Zeit und schont das Werkzeug.<\/p>\n<p><strong><a href=\"https:\/\/www.franz-stadlhofer.at\/shop\/wp-content\/uploads\/2020\/12\/TTS-100.pdf\">Datenblatt<\/a><\/strong><\/p>\n<p><a href=\"https:\/\/www.youtube.com\/watch?v=Yq0bMBeMMBs&amp;feature=emb_logo\" target=\"_blank\" rel=\"noopener\"><strong>Anwendungsfilm (ca. 4 min)<\/strong><\/a><\/p>\n<p><span style=\"color: #ff0000;\"><strong>Mit TOP-Anleitung zum Spitzen-Schliff: Lernen Sie alle Teile des Tormek-Systems kennen und \u00fcben Sie den optimalen Einsatz in unseren <a style=\"color: #ff0000;\" href=\"https:\/\/www.franz-stadlhofer.at\/kursthema\/schleifen-schaerfen\/\" target=\"_blank\" rel=\"noopener\">SCHLEIFKURSEN<\/a>.<\/strong><\/span><\/p>\n","protected":false},"excerpt":{"rendered":"<p>Diese Einstelllehre ist der Schl\u00fcssel f\u00fcr ein effizientes Schleifen von Drechseleisen und Schr\u00e4geisen. Sie erm\u00f6glicht die exakte Erstellung und Reproduktion des Schneidenwinkels. Die TTS-100 funktioniert in Verbindung mit der Vorrichtung f\u00fcr R\u00f6hren SVD-186 und der  [&#8230;]<\/p>\n","protected":false},"featured_media":22055,"template":"","meta":[],"product_brand":[806],"product_cat":[767,788,758,763],"product_tag":[],"class_list":{"0":"post-22053","1":"product","2":"type-product","3":"status-publish","4":"has-post-thumbnail","6":"product_brand-tormek","7":"product_cat-nass-schleifen","8":"product_cat-zubehor-schleifen","9":"product_cat-werkzeuge","10":"product_cat-schleifen-scharfen","12":"first","13":"instock","14":"sale","15":"taxable","16":"shipping-taxable","17":"purchasable","18":"product-type-simple"},"barcode":null,"atum_controlled":true,"out_stock_date":null,"out_stock_threshold":null,"inheritable":false,"stock_on_hold":0,"sold_today":0,"sales_last_days":0,"reserved_stock":0,"customer_returns":0,"warehouse_damage":0,"lost_in_post":0,"other_logs":0,"out_stock_days":0,"lost_sales":0,"update_date":"2026-05-05T00:05:44","atum_locations":[],"atum_stock_status":"instock","restock_status":false,"low_stock_amount":"","sales_update_date":"2026-05-05T00:05:44","calc_backorders":null,"yoast_head":"<!-- This site is optimized with the Yoast SEO plugin v27.4 - https:\/\/yoast.com\/product\/yoast-seo-wordpress\/ -->\n<title>Einstelllehre (TTS-100)<\/title>\n<meta name=\"description\" content=\"\u00a0\" \/>\n<meta name=\"robots\" content=\"index, follow, max-snippet:-1, max-image-preview:large, max-video-preview:-1\" \/>\n<link rel=\"canonical\" href=\"https:\/\/www.franz-stadlhofer.at\/shop\/produkt\/einstelllehre-fur-drechselwerkzeuge-tts-100\/\" \/>\n<meta property=\"og:locale\" content=\"de_DE\" \/>\n<meta property=\"og:type\" content=\"article\" \/>\n<meta property=\"og:title\" content=\"Einstelllehre (TTS-100)\" \/>\n<meta property=\"og:description\" content=\"\u00a0\" \/>\n<meta property=\"og:url\" content=\"https:\/\/www.franz-stadlhofer.at\/shop\/produkt\/einstelllehre-fur-drechselwerkzeuge-tts-100\/\" \/>\n<meta property=\"og:site_name\" content=\"Schnitzstube Stadlhofer Shop\" \/>\n<meta property=\"article:modified_time\" content=\"2024-04-24T17:58:17+00:00\" \/>\n<meta property=\"og:image\" content=\"https:\/\/www.franz-stadlhofer.at\/shop\/wp-content\/uploads\/2014\/11\/products-TTS-100.jpg\" \/>\n\t<meta property=\"og:image:width\" content=\"945\" \/>\n\t<meta property=\"og:image:height\" content=\"945\" \/>\n\t<meta property=\"og:image:type\" content=\"image\/jpeg\" \/>\n<meta name=\"twitter:card\" content=\"summary_large_image\" \/>\n<meta name=\"twitter:label1\" content=\"Gesch\u00e4tzte Lesezeit\" \/>\n\t<meta name=\"twitter:data1\" content=\"1\u00a0Minute\" \/>\n<script type=\"application\/ld+json\" class=\"yoast-schema-graph\">{\"@context\":\"https:\\\/\\\/schema.org\",\"@graph\":[{\"@type\":\"WebPage\",\"@id\":\"https:\\\/\\\/www.franz-stadlhofer.at\\\/shop\\\/produkt\\\/einstelllehre-fur-drechselwerkzeuge-tts-100\\\/\",\"url\":\"https:\\\/\\\/www.franz-stadlhofer.at\\\/shop\\\/produkt\\\/einstelllehre-fur-drechselwerkzeuge-tts-100\\\/\",\"name\":\"Einstelllehre (TTS-100)\",\"isPartOf\":{\"@id\":\"https:\\\/\\\/www.franz-stadlhofer.at\\\/shop\\\/#website\"},\"primaryImageOfPage\":{\"@id\":\"https:\\\/\\\/www.franz-stadlhofer.at\\\/shop\\\/produkt\\\/einstelllehre-fur-drechselwerkzeuge-tts-100\\\/#primaryimage\"},\"image\":{\"@id\":\"https:\\\/\\\/www.franz-stadlhofer.at\\\/shop\\\/produkt\\\/einstelllehre-fur-drechselwerkzeuge-tts-100\\\/#primaryimage\"},\"thumbnailUrl\":\"https:\\\/\\\/www.franz-stadlhofer.at\\\/shop\\\/wp-content\\\/uploads\\\/2014\\\/11\\\/products-TTS-100.jpg\",\"datePublished\":\"2014-11-08T19:10:22+00:00\",\"dateModified\":\"2024-04-24T17:58:17+00:00\",\"description\":\"\u00a0\",\"breadcrumb\":{\"@id\":\"https:\\\/\\\/www.franz-stadlhofer.at\\\/shop\\\/produkt\\\/einstelllehre-fur-drechselwerkzeuge-tts-100\\\/#breadcrumb\"},\"inLanguage\":\"de\",\"potentialAction\":[{\"@type\":\"ReadAction\",\"target\":[\"https:\\\/\\\/www.franz-stadlhofer.at\\\/shop\\\/produkt\\\/einstelllehre-fur-drechselwerkzeuge-tts-100\\\/\"]}]},{\"@type\":\"ImageObject\",\"inLanguage\":\"de\",\"@id\":\"https:\\\/\\\/www.franz-stadlhofer.at\\\/shop\\\/produkt\\\/einstelllehre-fur-drechselwerkzeuge-tts-100\\\/#primaryimage\",\"url\":\"https:\\\/\\\/www.franz-stadlhofer.at\\\/shop\\\/wp-content\\\/uploads\\\/2014\\\/11\\\/products-TTS-100.jpg\",\"contentUrl\":\"https:\\\/\\\/www.franz-stadlhofer.at\\\/shop\\\/wp-content\\\/uploads\\\/2014\\\/11\\\/products-TTS-100.jpg\",\"width\":\"945\",\"height\":\"945\",\"caption\":\"Tormek Einstelllehre f\u00fcr Drechselwerkzeuge (TTS-100) - Schnitzstube Stadlhofer Shop\"},{\"@type\":\"BreadcrumbList\",\"@id\":\"https:\\\/\\\/www.franz-stadlhofer.at\\\/shop\\\/produkt\\\/einstelllehre-fur-drechselwerkzeuge-tts-100\\\/#breadcrumb\",\"itemListElement\":[{\"@type\":\"ListItem\",\"position\":1,\"name\":\"Startseite\",\"item\":\"https:\\\/\\\/www.franz-stadlhofer.at\\\/shop\\\/\"},{\"@type\":\"ListItem\",\"position\":2,\"name\":\"Produkte\",\"item\":\"https:\\\/\\\/www.franz-stadlhofer.at\\\/shop\\\/shop\\\/\"},{\"@type\":\"ListItem\",\"position\":3,\"name\":\"Einstelllehre f\u00fcr Drechselwerkzeuge (TTS-100)\"}]},{\"@type\":\"WebSite\",\"@id\":\"https:\\\/\\\/www.franz-stadlhofer.at\\\/shop\\\/#website\",\"url\":\"https:\\\/\\\/www.franz-stadlhofer.at\\\/shop\\\/\",\"name\":\"Schnitzstube Stadlhofer Shop\",\"description\":\"Holzschnitzen Onlineshop\",\"publisher\":{\"@id\":\"https:\\\/\\\/www.franz-stadlhofer.at\\\/shop\\\/#organization\"},\"potentialAction\":[{\"@type\":\"SearchAction\",\"target\":{\"@type\":\"EntryPoint\",\"urlTemplate\":\"https:\\\/\\\/www.franz-stadlhofer.at\\\/shop\\\/?s={search_term_string}\"},\"query-input\":{\"@type\":\"PropertyValueSpecification\",\"valueRequired\":true,\"valueName\":\"search_term_string\"}}],\"inLanguage\":\"de\"},{\"@type\":\"Organization\",\"@id\":\"https:\\\/\\\/www.franz-stadlhofer.at\\\/shop\\\/#organization\",\"name\":\"Schnitzstube Stadlhofer Shop\",\"url\":\"https:\\\/\\\/www.franz-stadlhofer.at\\\/shop\\\/\",\"logo\":{\"@type\":\"ImageObject\",\"inLanguage\":\"de\",\"@id\":\"https:\\\/\\\/www.franz-stadlhofer.at\\\/shop\\\/#\\\/schema\\\/logo\\\/image\\\/\",\"url\":\"https:\\\/\\\/www.franz-stadlhofer.at\\\/shop\\\/wp-content\\\/uploads\\\/2019\\\/10\\\/LOGO-2-RETINA.png\",\"contentUrl\":\"https:\\\/\\\/www.franz-stadlhofer.at\\\/shop\\\/wp-content\\\/uploads\\\/2019\\\/10\\\/LOGO-2-RETINA.png\",\"width\":471,\"height\":160,\"caption\":\"Schnitzstube Stadlhofer Shop\"},\"image\":{\"@id\":\"https:\\\/\\\/www.franz-stadlhofer.at\\\/shop\\\/#\\\/schema\\\/logo\\\/image\\\/\"}}]}<\/script>\n<!-- \/ Yoast SEO plugin. -->","yoast_head_json":{"title":"Einstelllehre (TTS-100)","description":"\u00a0","robots":{"index":"index","follow":"follow","max-snippet":"max-snippet:-1","max-image-preview":"max-image-preview:large","max-video-preview":"max-video-preview:-1"},"canonical":"https:\/\/www.franz-stadlhofer.at\/shop\/produkt\/einstelllehre-fur-drechselwerkzeuge-tts-100\/","og_locale":"de_DE","og_type":"article","og_title":"Einstelllehre (TTS-100)","og_description":"\u00a0","og_url":"https:\/\/www.franz-stadlhofer.at\/shop\/produkt\/einstelllehre-fur-drechselwerkzeuge-tts-100\/","og_site_name":"Schnitzstube Stadlhofer Shop","article_modified_time":"2024-04-24T17:58:17+00:00","og_image":[{"width":945,"height":945,"url":"https:\/\/www.franz-stadlhofer.at\/shop\/wp-content\/uploads\/2014\/11\/products-TTS-100.jpg","type":"image\/jpeg"}],"twitter_card":"summary_large_image","twitter_misc":{"Gesch\u00e4tzte Lesezeit":"1\u00a0Minute"},"schema":{"@context":"https:\/\/schema.org","@graph":[{"@type":"WebPage","@id":"https:\/\/www.franz-stadlhofer.at\/shop\/produkt\/einstelllehre-fur-drechselwerkzeuge-tts-100\/","url":"https:\/\/www.franz-stadlhofer.at\/shop\/produkt\/einstelllehre-fur-drechselwerkzeuge-tts-100\/","name":"Einstelllehre (TTS-100)","isPartOf":{"@id":"https:\/\/www.franz-stadlhofer.at\/shop\/#website"},"primaryImageOfPage":{"@id":"https:\/\/www.franz-stadlhofer.at\/shop\/produkt\/einstelllehre-fur-drechselwerkzeuge-tts-100\/#primaryimage"},"image":{"@id":"https:\/\/www.franz-stadlhofer.at\/shop\/produkt\/einstelllehre-fur-drechselwerkzeuge-tts-100\/#primaryimage"},"thumbnailUrl":"https:\/\/www.franz-stadlhofer.at\/shop\/wp-content\/uploads\/2014\/11\/products-TTS-100.jpg","datePublished":"2014-11-08T19:10:22+00:00","dateModified":"2024-04-24T17:58:17+00:00","description":"\u00a0","breadcrumb":{"@id":"https:\/\/www.franz-stadlhofer.at\/shop\/produkt\/einstelllehre-fur-drechselwerkzeuge-tts-100\/#breadcrumb"},"inLanguage":"de","potentialAction":[{"@type":"ReadAction","target":["https:\/\/www.franz-stadlhofer.at\/shop\/produkt\/einstelllehre-fur-drechselwerkzeuge-tts-100\/"]}]},{"@type":"ImageObject","inLanguage":"de","@id":"https:\/\/www.franz-stadlhofer.at\/shop\/produkt\/einstelllehre-fur-drechselwerkzeuge-tts-100\/#primaryimage","url":"https:\/\/www.franz-stadlhofer.at\/shop\/wp-content\/uploads\/2014\/11\/products-TTS-100.jpg","contentUrl":"https:\/\/www.franz-stadlhofer.at\/shop\/wp-content\/uploads\/2014\/11\/products-TTS-100.jpg","width":"945","height":"945","caption":"Tormek Einstelllehre f\u00fcr Drechselwerkzeuge (TTS-100) - Schnitzstube Stadlhofer Shop"},{"@type":"BreadcrumbList","@id":"https:\/\/www.franz-stadlhofer.at\/shop\/produkt\/einstelllehre-fur-drechselwerkzeuge-tts-100\/#breadcrumb","itemListElement":[{"@type":"ListItem","position":1,"name":"Startseite","item":"https:\/\/www.franz-stadlhofer.at\/shop\/"},{"@type":"ListItem","position":2,"name":"Produkte","item":"https:\/\/www.franz-stadlhofer.at\/shop\/shop\/"},{"@type":"ListItem","position":3,"name":"Einstelllehre f\u00fcr Drechselwerkzeuge (TTS-100)"}]},{"@type":"WebSite","@id":"https:\/\/www.franz-stadlhofer.at\/shop\/#website","url":"https:\/\/www.franz-stadlhofer.at\/shop\/","name":"Schnitzstube Stadlhofer Shop","description":"Holzschnitzen Onlineshop","publisher":{"@id":"https:\/\/www.franz-stadlhofer.at\/shop\/#organization"},"potentialAction":[{"@type":"SearchAction","target":{"@type":"EntryPoint","urlTemplate":"https:\/\/www.franz-stadlhofer.at\/shop\/?s={search_term_string}"},"query-input":{"@type":"PropertyValueSpecification","valueRequired":true,"valueName":"search_term_string"}}],"inLanguage":"de"},{"@type":"Organization","@id":"https:\/\/www.franz-stadlhofer.at\/shop\/#organization","name":"Schnitzstube Stadlhofer Shop","url":"https:\/\/www.franz-stadlhofer.at\/shop\/","logo":{"@type":"ImageObject","inLanguage":"de","@id":"https:\/\/www.franz-stadlhofer.at\/shop\/#\/schema\/logo\/image\/","url":"https:\/\/www.franz-stadlhofer.at\/shop\/wp-content\/uploads\/2019\/10\/LOGO-2-RETINA.png","contentUrl":"https:\/\/www.franz-stadlhofer.at\/shop\/wp-content\/uploads\/2019\/10\/LOGO-2-RETINA.png","width":471,"height":160,"caption":"Schnitzstube Stadlhofer Shop"},"image":{"@id":"https:\/\/www.franz-stadlhofer.at\/shop\/#\/schema\/logo\/image\/"}}]}},"_links":{"self":[{"href":"https:\/\/www.franz-stadlhofer.at\/shop\/wp-json\/wp\/v2\/product\/22053","targetHints":{"allow":["GET"]}}],"collection":[{"href":"https:\/\/www.franz-stadlhofer.at\/shop\/wp-json\/wp\/v2\/product"}],"about":[{"href":"https:\/\/www.franz-stadlhofer.at\/shop\/wp-json\/wp\/v2\/types\/product"}],"wp:featuredmedia":[{"embeddable":true,"href":"https:\/\/www.franz-stadlhofer.at\/shop\/wp-json\/wp\/v2\/media\/22055"}],"wp:attachment":[{"href":"https:\/\/www.franz-stadlhofer.at\/shop\/wp-json\/wp\/v2\/media?parent=22053"}],"wp:term":[{"taxonomy":"product_brand","embeddable":true,"href":"https:\/\/www.franz-stadlhofer.at\/shop\/wp-json\/wp\/v2\/product_brand?post=22053"},{"taxonomy":"product_cat","embeddable":true,"href":"https:\/\/www.franz-stadlhofer.at\/shop\/wp-json\/wp\/v2\/product_cat?post=22053"},{"taxonomy":"product_tag","embeddable":true,"href":"https:\/\/www.franz-stadlhofer.at\/shop\/wp-json\/wp\/v2\/product_tag?post=22053"}],"curies":[{"name":"wp","href":"https:\/\/api.w.org\/{rel}","templated":true}]}}