{"id":22033,"date":"2014-11-08T19:10:20","date_gmt":"2014-11-08T18:10:20","guid":{"rendered":"https:\/\/www.franz-stadlhofer.at\/shop\/?post_type=product&#038;p=22033"},"modified":"2025-02-10T12:32:41","modified_gmt":"2025-02-10T11:32:41","slug":"abdrehvorrichtung-fuer-stein-tt-50","status":"publish","type":"product","link":"https:\/\/www.franz-stadlhofer.at\/shop\/produkt\/abdrehvorrichtung-fuer-stein-tt-50\/","title":{"rendered":"Abdrehvorrichtung f\u00fcr Stein (TT-50)"},"content":{"rendered":"<p>Dreht den Stein genau kreisrund und plan.<br \/>\nWird durch die Universalst\u00fctze gef\u00fchrt, die auch die Vorrichtungen f\u00fchrt. M\u00fchelose Zuf\u00fchrung mit doppelten Drehkn\u00f6pfen.<\/p>\n<p><strong><a title=\"Datenblatt TT-50\" href=\"https:\/\/www.franz-stadlhofer.at\/shop\/wp-content\/uploads\/2020\/12\/TT-50.pdf\" target=\"_blank\" rel=\"noopener noreferrer\">Datenblatt<\/a><\/strong><\/p>\n<p><strong><a title=\"Anwendungsfilm YouTube\" href=\"http:\/\/www.youtube.com\/embed\/o19ZgD6jVXg?%20rel=0&amp;showinfo=0&amp;fs=1','Popup','toolbar=yes,width=600,height=371,resizable=yes,scrollbars=yes\" target=\"_blank\" rel=\"noopener noreferrer\">Anwendungsfilm (ca. 2,06 min)<\/a><\/strong><\/p>\n<p><span style=\"color: #ff0000;\"><strong>Mit TOP-Anleitung zum Spitzen-Schliff: Lernen Sie alle Teile des Tormek-Systems kennen und \u00fcben Sie den optimalen Einsatz in unseren <a style=\"color: #ff0000;\" href=\"https:\/\/www.franz-stadlhofer.at\/kursthema\/schleifen-schaerfen\/\" target=\"_blank\" rel=\"noopener\">SCHLEIFKURSEN<\/a>.<\/strong><\/span><\/p>\n","protected":false},"excerpt":{"rendered":"<p>Dreht den Stein genau kreisrund und plan. Wird durch die Universalst\u00fctze gef\u00fchrt, die auch die Vorrichtungen f\u00fchrt. M\u00fchelose Zuf\u00fchrung mit doppelten Drehkn\u00f6pfen. Datenblatt Anwendungsfilm (ca. 2,06 min) Mit TOP-Anleitung zum Spitzen-Schliff: Lernen Sie alle Teile  [&#8230;]<\/p>\n","protected":false},"featured_media":22035,"template":"","meta":[],"product_brand":[806],"product_cat":[767,788,758,763],"product_tag":[],"class_list":{"0":"post-22033","1":"product","2":"type-product","3":"status-publish","4":"has-post-thumbnail","6":"product_brand-tormek","7":"product_cat-nass-schleifen","8":"product_cat-zubehor-schleifen","9":"product_cat-werkzeuge","10":"product_cat-schleifen-scharfen","12":"first","13":"instock","14":"sale","15":"taxable","16":"shipping-taxable","17":"purchasable","18":"product-type-simple"},"barcode":null,"atum_controlled":true,"out_stock_date":null,"out_stock_threshold":null,"inheritable":false,"stock_on_hold":0,"sold_today":0,"sales_last_days":0,"reserved_stock":0,"customer_returns":0,"warehouse_damage":0,"lost_in_post":0,"other_logs":0,"out_stock_days":0,"lost_sales":0,"update_date":"2026-05-05T00:05:44","atum_locations":[],"atum_stock_status":"instock","restock_status":false,"low_stock_amount":"","sales_update_date":"2026-05-05T00:05:44","calc_backorders":null,"yoast_head":"<!-- This site is optimized with the Yoast SEO plugin v27.4 - https:\/\/yoast.com\/product\/yoast-seo-wordpress\/ -->\n<title>Abdrehvorrichtung (TT-50)<\/title>\n<meta name=\"description\" content=\"Dreht den Stein genau kreisrund und plan. Wird durch die Universalst\u00fctze gef\u00fchrt, die auch die Vorrichtungen f\u00fchrt. M\u00fchelose Zuf\u00fchrung mit doppelten Drehkn\u00f6pfen. Datenblatt Anwendungsfilm (ca. 2,06 min)\" \/>\n<meta name=\"robots\" content=\"index, follow, max-snippet:-1, max-image-preview:large, max-video-preview:-1\" \/>\n<link rel=\"canonical\" href=\"https:\/\/www.franz-stadlhofer.at\/shop\/produkt\/abdrehvorrichtung-fuer-stein-tt-50\/\" \/>\n<meta property=\"og:locale\" content=\"de_DE\" \/>\n<meta property=\"og:type\" content=\"article\" \/>\n<meta property=\"og:title\" content=\"Abdrehvorrichtung (TT-50)\" \/>\n<meta property=\"og:description\" content=\"Dreht den Stein genau kreisrund und plan. Wird durch die Universalst\u00fctze gef\u00fchrt, die auch die Vorrichtungen f\u00fchrt. M\u00fchelose Zuf\u00fchrung mit doppelten Drehkn\u00f6pfen. Datenblatt Anwendungsfilm (ca. 2,06 min)\" \/>\n<meta property=\"og:url\" content=\"https:\/\/www.franz-stadlhofer.at\/shop\/produkt\/abdrehvorrichtung-fuer-stein-tt-50\/\" \/>\n<meta property=\"og:site_name\" content=\"Schnitzstube Stadlhofer Shop\" \/>\n<meta property=\"article:modified_time\" content=\"2025-02-10T11:32:41+00:00\" \/>\n<meta property=\"og:image\" content=\"https:\/\/www.franz-stadlhofer.at\/shop\/wp-content\/uploads\/2014\/11\/products-TT-50.jpg\" \/>\n\t<meta property=\"og:image:width\" content=\"945\" \/>\n\t<meta property=\"og:image:height\" content=\"945\" \/>\n\t<meta property=\"og:image:type\" content=\"image\/jpeg\" \/>\n<meta name=\"twitter:card\" content=\"summary_large_image\" \/>\n<meta name=\"twitter:label1\" content=\"Gesch\u00e4tzte Lesezeit\" \/>\n\t<meta name=\"twitter:data1\" content=\"1\u00a0Minute\" \/>\n<script type=\"application\/ld+json\" class=\"yoast-schema-graph\">{\"@context\":\"https:\\\/\\\/schema.org\",\"@graph\":[{\"@type\":\"WebPage\",\"@id\":\"https:\\\/\\\/www.franz-stadlhofer.at\\\/shop\\\/produkt\\\/abdrehvorrichtung-fuer-stein-tt-50\\\/\",\"url\":\"https:\\\/\\\/www.franz-stadlhofer.at\\\/shop\\\/produkt\\\/abdrehvorrichtung-fuer-stein-tt-50\\\/\",\"name\":\"Abdrehvorrichtung (TT-50)\",\"isPartOf\":{\"@id\":\"https:\\\/\\\/www.franz-stadlhofer.at\\\/shop\\\/#website\"},\"primaryImageOfPage\":{\"@id\":\"https:\\\/\\\/www.franz-stadlhofer.at\\\/shop\\\/produkt\\\/abdrehvorrichtung-fuer-stein-tt-50\\\/#primaryimage\"},\"image\":{\"@id\":\"https:\\\/\\\/www.franz-stadlhofer.at\\\/shop\\\/produkt\\\/abdrehvorrichtung-fuer-stein-tt-50\\\/#primaryimage\"},\"thumbnailUrl\":\"https:\\\/\\\/www.franz-stadlhofer.at\\\/shop\\\/wp-content\\\/uploads\\\/2014\\\/11\\\/products-TT-50.jpg\",\"datePublished\":\"2014-11-08T18:10:20+00:00\",\"dateModified\":\"2025-02-10T11:32:41+00:00\",\"description\":\"Dreht den Stein genau kreisrund und plan. Wird durch die Universalst\u00fctze gef\u00fchrt, die auch die Vorrichtungen f\u00fchrt. M\u00fchelose Zuf\u00fchrung mit doppelten Drehkn\u00f6pfen. Datenblatt Anwendungsfilm (ca. 2,06 min)\",\"breadcrumb\":{\"@id\":\"https:\\\/\\\/www.franz-stadlhofer.at\\\/shop\\\/produkt\\\/abdrehvorrichtung-fuer-stein-tt-50\\\/#breadcrumb\"},\"inLanguage\":\"de\",\"potentialAction\":[{\"@type\":\"ReadAction\",\"target\":[\"https:\\\/\\\/www.franz-stadlhofer.at\\\/shop\\\/produkt\\\/abdrehvorrichtung-fuer-stein-tt-50\\\/\"]}]},{\"@type\":\"ImageObject\",\"inLanguage\":\"de\",\"@id\":\"https:\\\/\\\/www.franz-stadlhofer.at\\\/shop\\\/produkt\\\/abdrehvorrichtung-fuer-stein-tt-50\\\/#primaryimage\",\"url\":\"https:\\\/\\\/www.franz-stadlhofer.at\\\/shop\\\/wp-content\\\/uploads\\\/2014\\\/11\\\/products-TT-50.jpg\",\"contentUrl\":\"https:\\\/\\\/www.franz-stadlhofer.at\\\/shop\\\/wp-content\\\/uploads\\\/2014\\\/11\\\/products-TT-50.jpg\",\"width\":\"945\",\"height\":\"945\",\"caption\":\"Tormek Abdrehvorrichtung f\u00fcr Stein (TT-50) - Schnitzstube Stadlhofer Shop\"},{\"@type\":\"BreadcrumbList\",\"@id\":\"https:\\\/\\\/www.franz-stadlhofer.at\\\/shop\\\/produkt\\\/abdrehvorrichtung-fuer-stein-tt-50\\\/#breadcrumb\",\"itemListElement\":[{\"@type\":\"ListItem\",\"position\":1,\"name\":\"Startseite\",\"item\":\"https:\\\/\\\/www.franz-stadlhofer.at\\\/shop\\\/\"},{\"@type\":\"ListItem\",\"position\":2,\"name\":\"Produkte\",\"item\":\"https:\\\/\\\/www.franz-stadlhofer.at\\\/shop\\\/shop\\\/\"},{\"@type\":\"ListItem\",\"position\":3,\"name\":\"Abdrehvorrichtung f\u00fcr Stein (TT-50)\"}]},{\"@type\":\"WebSite\",\"@id\":\"https:\\\/\\\/www.franz-stadlhofer.at\\\/shop\\\/#website\",\"url\":\"https:\\\/\\\/www.franz-stadlhofer.at\\\/shop\\\/\",\"name\":\"Schnitzstube Stadlhofer Shop\",\"description\":\"Holzschnitzen Onlineshop\",\"publisher\":{\"@id\":\"https:\\\/\\\/www.franz-stadlhofer.at\\\/shop\\\/#organization\"},\"potentialAction\":[{\"@type\":\"SearchAction\",\"target\":{\"@type\":\"EntryPoint\",\"urlTemplate\":\"https:\\\/\\\/www.franz-stadlhofer.at\\\/shop\\\/?s={search_term_string}\"},\"query-input\":{\"@type\":\"PropertyValueSpecification\",\"valueRequired\":true,\"valueName\":\"search_term_string\"}}],\"inLanguage\":\"de\"},{\"@type\":\"Organization\",\"@id\":\"https:\\\/\\\/www.franz-stadlhofer.at\\\/shop\\\/#organization\",\"name\":\"Schnitzstube Stadlhofer Shop\",\"url\":\"https:\\\/\\\/www.franz-stadlhofer.at\\\/shop\\\/\",\"logo\":{\"@type\":\"ImageObject\",\"inLanguage\":\"de\",\"@id\":\"https:\\\/\\\/www.franz-stadlhofer.at\\\/shop\\\/#\\\/schema\\\/logo\\\/image\\\/\",\"url\":\"https:\\\/\\\/www.franz-stadlhofer.at\\\/shop\\\/wp-content\\\/uploads\\\/2019\\\/10\\\/LOGO-2-RETINA.png\",\"contentUrl\":\"https:\\\/\\\/www.franz-stadlhofer.at\\\/shop\\\/wp-content\\\/uploads\\\/2019\\\/10\\\/LOGO-2-RETINA.png\",\"width\":471,\"height\":160,\"caption\":\"Schnitzstube Stadlhofer Shop\"},\"image\":{\"@id\":\"https:\\\/\\\/www.franz-stadlhofer.at\\\/shop\\\/#\\\/schema\\\/logo\\\/image\\\/\"}}]}<\/script>\n<!-- \/ Yoast SEO plugin. -->","yoast_head_json":{"title":"Abdrehvorrichtung (TT-50)","description":"Dreht den Stein genau kreisrund und plan. Wird durch die Universalst\u00fctze gef\u00fchrt, die auch die Vorrichtungen f\u00fchrt. M\u00fchelose Zuf\u00fchrung mit doppelten Drehkn\u00f6pfen. Datenblatt Anwendungsfilm (ca. 2,06 min)","robots":{"index":"index","follow":"follow","max-snippet":"max-snippet:-1","max-image-preview":"max-image-preview:large","max-video-preview":"max-video-preview:-1"},"canonical":"https:\/\/www.franz-stadlhofer.at\/shop\/produkt\/abdrehvorrichtung-fuer-stein-tt-50\/","og_locale":"de_DE","og_type":"article","og_title":"Abdrehvorrichtung (TT-50)","og_description":"Dreht den Stein genau kreisrund und plan. Wird durch die Universalst\u00fctze gef\u00fchrt, die auch die Vorrichtungen f\u00fchrt. M\u00fchelose Zuf\u00fchrung mit doppelten Drehkn\u00f6pfen. Datenblatt Anwendungsfilm (ca. 2,06 min)","og_url":"https:\/\/www.franz-stadlhofer.at\/shop\/produkt\/abdrehvorrichtung-fuer-stein-tt-50\/","og_site_name":"Schnitzstube Stadlhofer Shop","article_modified_time":"2025-02-10T11:32:41+00:00","og_image":[{"width":945,"height":945,"url":"https:\/\/www.franz-stadlhofer.at\/shop\/wp-content\/uploads\/2014\/11\/products-TT-50.jpg","type":"image\/jpeg"}],"twitter_card":"summary_large_image","twitter_misc":{"Gesch\u00e4tzte Lesezeit":"1\u00a0Minute"},"schema":{"@context":"https:\/\/schema.org","@graph":[{"@type":"WebPage","@id":"https:\/\/www.franz-stadlhofer.at\/shop\/produkt\/abdrehvorrichtung-fuer-stein-tt-50\/","url":"https:\/\/www.franz-stadlhofer.at\/shop\/produkt\/abdrehvorrichtung-fuer-stein-tt-50\/","name":"Abdrehvorrichtung (TT-50)","isPartOf":{"@id":"https:\/\/www.franz-stadlhofer.at\/shop\/#website"},"primaryImageOfPage":{"@id":"https:\/\/www.franz-stadlhofer.at\/shop\/produkt\/abdrehvorrichtung-fuer-stein-tt-50\/#primaryimage"},"image":{"@id":"https:\/\/www.franz-stadlhofer.at\/shop\/produkt\/abdrehvorrichtung-fuer-stein-tt-50\/#primaryimage"},"thumbnailUrl":"https:\/\/www.franz-stadlhofer.at\/shop\/wp-content\/uploads\/2014\/11\/products-TT-50.jpg","datePublished":"2014-11-08T18:10:20+00:00","dateModified":"2025-02-10T11:32:41+00:00","description":"Dreht den Stein genau kreisrund und plan. Wird durch die Universalst\u00fctze gef\u00fchrt, die auch die Vorrichtungen f\u00fchrt. M\u00fchelose Zuf\u00fchrung mit doppelten Drehkn\u00f6pfen. Datenblatt Anwendungsfilm (ca. 2,06 min)","breadcrumb":{"@id":"https:\/\/www.franz-stadlhofer.at\/shop\/produkt\/abdrehvorrichtung-fuer-stein-tt-50\/#breadcrumb"},"inLanguage":"de","potentialAction":[{"@type":"ReadAction","target":["https:\/\/www.franz-stadlhofer.at\/shop\/produkt\/abdrehvorrichtung-fuer-stein-tt-50\/"]}]},{"@type":"ImageObject","inLanguage":"de","@id":"https:\/\/www.franz-stadlhofer.at\/shop\/produkt\/abdrehvorrichtung-fuer-stein-tt-50\/#primaryimage","url":"https:\/\/www.franz-stadlhofer.at\/shop\/wp-content\/uploads\/2014\/11\/products-TT-50.jpg","contentUrl":"https:\/\/www.franz-stadlhofer.at\/shop\/wp-content\/uploads\/2014\/11\/products-TT-50.jpg","width":"945","height":"945","caption":"Tormek Abdrehvorrichtung f\u00fcr Stein (TT-50) - Schnitzstube Stadlhofer Shop"},{"@type":"BreadcrumbList","@id":"https:\/\/www.franz-stadlhofer.at\/shop\/produkt\/abdrehvorrichtung-fuer-stein-tt-50\/#breadcrumb","itemListElement":[{"@type":"ListItem","position":1,"name":"Startseite","item":"https:\/\/www.franz-stadlhofer.at\/shop\/"},{"@type":"ListItem","position":2,"name":"Produkte","item":"https:\/\/www.franz-stadlhofer.at\/shop\/shop\/"},{"@type":"ListItem","position":3,"name":"Abdrehvorrichtung f\u00fcr Stein (TT-50)"}]},{"@type":"WebSite","@id":"https:\/\/www.franz-stadlhofer.at\/shop\/#website","url":"https:\/\/www.franz-stadlhofer.at\/shop\/","name":"Schnitzstube Stadlhofer Shop","description":"Holzschnitzen Onlineshop","publisher":{"@id":"https:\/\/www.franz-stadlhofer.at\/shop\/#organization"},"potentialAction":[{"@type":"SearchAction","target":{"@type":"EntryPoint","urlTemplate":"https:\/\/www.franz-stadlhofer.at\/shop\/?s={search_term_string}"},"query-input":{"@type":"PropertyValueSpecification","valueRequired":true,"valueName":"search_term_string"}}],"inLanguage":"de"},{"@type":"Organization","@id":"https:\/\/www.franz-stadlhofer.at\/shop\/#organization","name":"Schnitzstube Stadlhofer Shop","url":"https:\/\/www.franz-stadlhofer.at\/shop\/","logo":{"@type":"ImageObject","inLanguage":"de","@id":"https:\/\/www.franz-stadlhofer.at\/shop\/#\/schema\/logo\/image\/","url":"https:\/\/www.franz-stadlhofer.at\/shop\/wp-content\/uploads\/2019\/10\/LOGO-2-RETINA.png","contentUrl":"https:\/\/www.franz-stadlhofer.at\/shop\/wp-content\/uploads\/2019\/10\/LOGO-2-RETINA.png","width":471,"height":160,"caption":"Schnitzstube Stadlhofer Shop"},"image":{"@id":"https:\/\/www.franz-stadlhofer.at\/shop\/#\/schema\/logo\/image\/"}}]}},"_links":{"self":[{"href":"https:\/\/www.franz-stadlhofer.at\/shop\/wp-json\/wp\/v2\/product\/22033","targetHints":{"allow":["GET"]}}],"collection":[{"href":"https:\/\/www.franz-stadlhofer.at\/shop\/wp-json\/wp\/v2\/product"}],"about":[{"href":"https:\/\/www.franz-stadlhofer.at\/shop\/wp-json\/wp\/v2\/types\/product"}],"wp:featuredmedia":[{"embeddable":true,"href":"https:\/\/www.franz-stadlhofer.at\/shop\/wp-json\/wp\/v2\/media\/22035"}],"wp:attachment":[{"href":"https:\/\/www.franz-stadlhofer.at\/shop\/wp-json\/wp\/v2\/media?parent=22033"}],"wp:term":[{"taxonomy":"product_brand","embeddable":true,"href":"https:\/\/www.franz-stadlhofer.at\/shop\/wp-json\/wp\/v2\/product_brand?post=22033"},{"taxonomy":"product_cat","embeddable":true,"href":"https:\/\/www.franz-stadlhofer.at\/shop\/wp-json\/wp\/v2\/product_cat?post=22033"},{"taxonomy":"product_tag","embeddable":true,"href":"https:\/\/www.franz-stadlhofer.at\/shop\/wp-json\/wp\/v2\/product_tag?post=22033"}],"curies":[{"name":"wp","href":"https:\/\/api.w.org\/{rel}","templated":true}]}}