{"id":22003,"date":"2014-11-08T19:10:19","date_gmt":"2014-11-08T18:10:19","guid":{"rendered":"https:\/\/www.franz-stadlhofer.at\/shop\/?post_type=product&#038;p=22003"},"modified":"2025-11-19T12:34:56","modified_gmt":"2025-11-19T11:34:56","slug":"profilierte-lederabziehscheibe-la-120","status":"publish","type":"product","link":"https:\/\/www.franz-stadlhofer.at\/shop\/produkt\/profilierte-lederabziehscheibe-la-120\/","title":{"rendered":"Profilierte Lederabziehscheibe (LA-120)"},"content":{"rendered":"<div class=\"fusion-fullwidth fullwidth-box fusion-builder-row-1 fusion-flex-container nonhundred-percent-fullwidth non-hundred-percent-height-scrolling\" style=\"--awb-border-radius-top-left:0px;--awb-border-radius-top-right:0px;--awb-border-radius-bottom-right:0px;--awb-border-radius-bottom-left:0px;--awb-flex-wrap:wrap;\" ><div class=\"fusion-builder-row fusion-row fusion-flex-align-items-flex-start fusion-flex-content-wrap\" style=\"max-width:1216.8px;margin-left: calc(-4% \/ 2 );margin-right: calc(-4% \/ 2 );\"><div class=\"fusion-layout-column fusion_builder_column fusion-builder-column-0 fusion_builder_column_1_1 1_1 fusion-flex-column\" style=\"--awb-bg-size:cover;--awb-width-large:100%;--awb-margin-top-large:0px;--awb-spacing-right-large:1.92%;--awb-margin-bottom-large:0px;--awb-spacing-left-large:1.92%;--awb-width-medium:100%;--awb-spacing-right-medium:1.92%;--awb-spacing-left-medium:1.92%;--awb-width-small:100%;--awb-spacing-right-small:1.92%;--awb-spacing-left-small:1.92%;\"><div class=\"fusion-column-wrapper fusion-flex-justify-content-flex-start fusion-content-layout-column\"><div class=\"fusion-text fusion-text-1\" style=\"--awb-text-transform:none;\"><p>Zum Abziehen und Polieren der Innenseite von Drehr\u00f6hren, Hohleisen und Geissf\u00fcssen<br \/>\nDie Abziehscheibe hat zwei auswechselbare Lederprofile, damit Sie eine abgenutzte Scheibe problemlos durch eine neue ersetzen k\u00f6nnen. Alternative Lederprofile sind als Zubeh\u00f6r erh\u00e4ltlich.<br \/>\nDie beiden Standardprofile haben einen Radius von 3 mm und eine Spitze mit einem Winkel von 60\u00b0. Als Zubeh\u00f6r gibt es einen Satz mit schmaleren Profilen mit 2 mm Radius und einem Winkel von 45\u00b0.<\/p>\n<p><strong><a title=\"Datenblatt LA-120\" href=\"https:\/\/www.franz-stadlhofer.at\/shop\/wp-content\/uploads\/2020\/12\/LA-120.pdf\">Datenblatt<\/a><\/strong><\/p>\n<p><strong><a title=\"Anwendungsfilm LA-120 auf YouTube \" href=\"http:\/\/www.youtube.com\/embed\/bf1e4kcP5kk?%20rel=0&amp;showinfo=0&amp;fs=1','Popup','toolbar=yes,width=600,height=371,resizable=yes,scrollbars=yes\" target=\"_blank\" rel=\"noopener noreferrer\">Anwendungsfilm (ca.1,11 min)<\/a><\/strong><\/p>\n<p><span style=\"color: #ff0000;\"><strong>Mit TOP-Anleitung zum Spitzen-Schliff: Lernen Sie alle Teile des Tormek-Systems kennen und \u00fcben Sie den optimalen Einsatz in unseren <a style=\"color: #ff0000;\" href=\"https:\/\/www.franz-stadlhofer.at\/kursthema\/schleifen-schaerfen\/\" target=\"_blank\" rel=\"noopener\">SCHLEIFKURSEN<\/a>.<\/strong><\/span><\/p>\n<\/div><\/div><\/div><\/div><\/div>\n","protected":false},"excerpt":{"rendered":"","protected":false},"featured_media":22005,"template":"","meta":[],"product_brand":[806],"product_cat":[767,788,758,763],"product_tag":[],"class_list":{"0":"post-22003","1":"product","2":"type-product","3":"status-publish","4":"has-post-thumbnail","6":"product_brand-tormek","7":"product_cat-nass-schleifen","8":"product_cat-zubehor-schleifen","9":"product_cat-werkzeuge","10":"product_cat-schleifen-scharfen","12":"first","13":"instock","14":"sale","15":"taxable","16":"shipping-taxable","17":"purchasable","18":"product-type-simple"},"barcode":null,"atum_controlled":true,"out_stock_date":null,"out_stock_threshold":null,"inheritable":false,"stock_on_hold":0,"sold_today":0,"sales_last_days":0,"reserved_stock":0,"customer_returns":0,"warehouse_damage":0,"lost_in_post":0,"other_logs":0,"out_stock_days":0,"lost_sales":0,"update_date":"2026-05-14T00:09:43","atum_locations":[],"atum_stock_status":"instock","restock_status":false,"low_stock_amount":"","sales_update_date":"2026-05-14T00:09:43","calc_backorders":null,"yoast_head":"<!-- This site is optimized with the Yoast SEO plugin v27.5 - https:\/\/yoast.com\/product\/yoast-seo-wordpress\/ -->\n<title>Lederabziehscheibe (LA-120)<\/title>\n<meta name=\"description\" content=\"Zum Abziehen und Polieren der Innenseite von Drehr\u00f6hren, Hohleisen und Geissf\u00fcssen Die Abziehscheibe hat zwei auswechselbare Lederprofile, damit Sie eine abgenutzte Scheibe problemlos durch eine neue ersetzen k\u00f6nnen. Alternative Lederprofile sind als Zubeh\u00f6r erh\u00e4ltlich. Die beiden Standardprofile haben einen Radius von 3 mm und eine Spitze mit einem Winkel von 60\u00b0. Als Zubeh\u00f6r gibt es einen Satz mit schmaleren Profilen mit 2 mm Radius und einem Winkel von 45\u00b0. Datenblatt Anwendungsfilm (ca.1,11 min)\" \/>\n<meta name=\"robots\" content=\"index, follow, max-snippet:-1, max-image-preview:large, max-video-preview:-1\" \/>\n<link rel=\"canonical\" href=\"https:\/\/www.franz-stadlhofer.at\/shop\/produkt\/profilierte-lederabziehscheibe-la-120\/\" \/>\n<meta property=\"og:locale\" content=\"de_DE\" \/>\n<meta property=\"og:type\" content=\"article\" \/>\n<meta property=\"og:title\" content=\"Lederabziehscheibe (LA-120)\" \/>\n<meta property=\"og:description\" content=\"Zum Abziehen und Polieren der Innenseite von Drehr\u00f6hren, Hohleisen und Geissf\u00fcssen Die Abziehscheibe hat zwei auswechselbare Lederprofile, damit Sie eine abgenutzte Scheibe problemlos durch eine neue ersetzen k\u00f6nnen. Alternative Lederprofile sind als Zubeh\u00f6r erh\u00e4ltlich. Die beiden Standardprofile haben einen Radius von 3 mm und eine Spitze mit einem Winkel von 60\u00b0. Als Zubeh\u00f6r gibt es einen Satz mit schmaleren Profilen mit 2 mm Radius und einem Winkel von 45\u00b0. Datenblatt Anwendungsfilm (ca.1,11 min)\" \/>\n<meta property=\"og:url\" content=\"https:\/\/www.franz-stadlhofer.at\/shop\/produkt\/profilierte-lederabziehscheibe-la-120\/\" \/>\n<meta property=\"og:site_name\" content=\"Schnitzstube Stadlhofer Shop\" \/>\n<meta property=\"article:modified_time\" content=\"2025-11-19T11:34:56+00:00\" \/>\n<meta property=\"og:image\" content=\"https:\/\/www.franz-stadlhofer.at\/shop\/wp-content\/uploads\/2014\/11\/products-LA-120.jpg\" \/>\n\t<meta property=\"og:image:width\" content=\"945\" \/>\n\t<meta property=\"og:image:height\" content=\"945\" \/>\n\t<meta property=\"og:image:type\" content=\"image\/jpeg\" \/>\n<meta name=\"twitter:card\" content=\"summary_large_image\" \/>\n<meta name=\"twitter:label1\" content=\"Gesch\u00e4tzte Lesezeit\" \/>\n\t<meta name=\"twitter:data1\" content=\"2\u00a0Minuten\" \/>\n<script type=\"application\/ld+json\" class=\"yoast-schema-graph\">{\"@context\":\"https:\\\/\\\/schema.org\",\"@graph\":[{\"@type\":\"WebPage\",\"@id\":\"https:\\\/\\\/www.franz-stadlhofer.at\\\/shop\\\/produkt\\\/profilierte-lederabziehscheibe-la-120\\\/\",\"url\":\"https:\\\/\\\/www.franz-stadlhofer.at\\\/shop\\\/produkt\\\/profilierte-lederabziehscheibe-la-120\\\/\",\"name\":\"Lederabziehscheibe (LA-120)\",\"isPartOf\":{\"@id\":\"https:\\\/\\\/www.franz-stadlhofer.at\\\/shop\\\/#website\"},\"primaryImageOfPage\":{\"@id\":\"https:\\\/\\\/www.franz-stadlhofer.at\\\/shop\\\/produkt\\\/profilierte-lederabziehscheibe-la-120\\\/#primaryimage\"},\"image\":{\"@id\":\"https:\\\/\\\/www.franz-stadlhofer.at\\\/shop\\\/produkt\\\/profilierte-lederabziehscheibe-la-120\\\/#primaryimage\"},\"thumbnailUrl\":\"https:\\\/\\\/www.franz-stadlhofer.at\\\/shop\\\/wp-content\\\/uploads\\\/2014\\\/11\\\/products-LA-120.jpg\",\"datePublished\":\"2014-11-08T18:10:19+00:00\",\"dateModified\":\"2025-11-19T11:34:56+00:00\",\"description\":\"Zum Abziehen und Polieren der Innenseite von Drehr\u00f6hren, Hohleisen und Geissf\u00fcssen Die Abziehscheibe hat zwei auswechselbare Lederprofile, damit Sie eine abgenutzte Scheibe problemlos durch eine neue ersetzen k\u00f6nnen. Alternative Lederprofile sind als Zubeh\u00f6r erh\u00e4ltlich. Die beiden Standardprofile haben einen Radius von 3 mm und eine Spitze mit einem Winkel von 60\u00b0. Als Zubeh\u00f6r gibt es einen Satz mit schmaleren Profilen mit 2 mm Radius und einem Winkel von 45\u00b0. Datenblatt Anwendungsfilm (ca.1,11 min)\",\"breadcrumb\":{\"@id\":\"https:\\\/\\\/www.franz-stadlhofer.at\\\/shop\\\/produkt\\\/profilierte-lederabziehscheibe-la-120\\\/#breadcrumb\"},\"inLanguage\":\"de\",\"potentialAction\":[{\"@type\":\"ReadAction\",\"target\":[\"https:\\\/\\\/www.franz-stadlhofer.at\\\/shop\\\/produkt\\\/profilierte-lederabziehscheibe-la-120\\\/\"]}]},{\"@type\":\"ImageObject\",\"inLanguage\":\"de\",\"@id\":\"https:\\\/\\\/www.franz-stadlhofer.at\\\/shop\\\/produkt\\\/profilierte-lederabziehscheibe-la-120\\\/#primaryimage\",\"url\":\"https:\\\/\\\/www.franz-stadlhofer.at\\\/shop\\\/wp-content\\\/uploads\\\/2014\\\/11\\\/products-LA-120.jpg\",\"contentUrl\":\"https:\\\/\\\/www.franz-stadlhofer.at\\\/shop\\\/wp-content\\\/uploads\\\/2014\\\/11\\\/products-LA-120.jpg\",\"width\":\"945\",\"height\":\"945\",\"caption\":\"Tormek Profilierte Lederabziehscheibe (LA-120) - Schnitzstube Stadlhofer Shop\"},{\"@type\":\"BreadcrumbList\",\"@id\":\"https:\\\/\\\/www.franz-stadlhofer.at\\\/shop\\\/produkt\\\/profilierte-lederabziehscheibe-la-120\\\/#breadcrumb\",\"itemListElement\":[{\"@type\":\"ListItem\",\"position\":1,\"name\":\"Startseite\",\"item\":\"https:\\\/\\\/www.franz-stadlhofer.at\\\/shop\\\/\"},{\"@type\":\"ListItem\",\"position\":2,\"name\":\"Produkte\",\"item\":\"https:\\\/\\\/www.franz-stadlhofer.at\\\/shop\\\/shop\\\/\"},{\"@type\":\"ListItem\",\"position\":3,\"name\":\"Profilierte Lederabziehscheibe (LA-120)\"}]},{\"@type\":\"WebSite\",\"@id\":\"https:\\\/\\\/www.franz-stadlhofer.at\\\/shop\\\/#website\",\"url\":\"https:\\\/\\\/www.franz-stadlhofer.at\\\/shop\\\/\",\"name\":\"Schnitzstube Stadlhofer Shop\",\"description\":\"Holzschnitzen Onlineshop\",\"publisher\":{\"@id\":\"https:\\\/\\\/www.franz-stadlhofer.at\\\/shop\\\/#organization\"},\"potentialAction\":[{\"@type\":\"SearchAction\",\"target\":{\"@type\":\"EntryPoint\",\"urlTemplate\":\"https:\\\/\\\/www.franz-stadlhofer.at\\\/shop\\\/?s={search_term_string}\"},\"query-input\":{\"@type\":\"PropertyValueSpecification\",\"valueRequired\":true,\"valueName\":\"search_term_string\"}}],\"inLanguage\":\"de\"},{\"@type\":\"Organization\",\"@id\":\"https:\\\/\\\/www.franz-stadlhofer.at\\\/shop\\\/#organization\",\"name\":\"Schnitzstube Stadlhofer Shop\",\"url\":\"https:\\\/\\\/www.franz-stadlhofer.at\\\/shop\\\/\",\"logo\":{\"@type\":\"ImageObject\",\"inLanguage\":\"de\",\"@id\":\"https:\\\/\\\/www.franz-stadlhofer.at\\\/shop\\\/#\\\/schema\\\/logo\\\/image\\\/\",\"url\":\"https:\\\/\\\/www.franz-stadlhofer.at\\\/shop\\\/wp-content\\\/uploads\\\/2019\\\/10\\\/LOGO-2-RETINA.png\",\"contentUrl\":\"https:\\\/\\\/www.franz-stadlhofer.at\\\/shop\\\/wp-content\\\/uploads\\\/2019\\\/10\\\/LOGO-2-RETINA.png\",\"width\":471,\"height\":160,\"caption\":\"Schnitzstube Stadlhofer Shop\"},\"image\":{\"@id\":\"https:\\\/\\\/www.franz-stadlhofer.at\\\/shop\\\/#\\\/schema\\\/logo\\\/image\\\/\"}}]}<\/script>\n<!-- \/ Yoast SEO plugin. -->","yoast_head_json":{"title":"Lederabziehscheibe (LA-120)","description":"Zum Abziehen und Polieren der Innenseite von Drehr\u00f6hren, Hohleisen und Geissf\u00fcssen Die Abziehscheibe hat zwei auswechselbare Lederprofile, damit Sie eine abgenutzte Scheibe problemlos durch eine neue ersetzen k\u00f6nnen. Alternative Lederprofile sind als Zubeh\u00f6r erh\u00e4ltlich. Die beiden Standardprofile haben einen Radius von 3 mm und eine Spitze mit einem Winkel von 60\u00b0. Als Zubeh\u00f6r gibt es einen Satz mit schmaleren Profilen mit 2 mm Radius und einem Winkel von 45\u00b0. Datenblatt Anwendungsfilm (ca.1,11 min)","robots":{"index":"index","follow":"follow","max-snippet":"max-snippet:-1","max-image-preview":"max-image-preview:large","max-video-preview":"max-video-preview:-1"},"canonical":"https:\/\/www.franz-stadlhofer.at\/shop\/produkt\/profilierte-lederabziehscheibe-la-120\/","og_locale":"de_DE","og_type":"article","og_title":"Lederabziehscheibe (LA-120)","og_description":"Zum Abziehen und Polieren der Innenseite von Drehr\u00f6hren, Hohleisen und Geissf\u00fcssen Die Abziehscheibe hat zwei auswechselbare Lederprofile, damit Sie eine abgenutzte Scheibe problemlos durch eine neue ersetzen k\u00f6nnen. Alternative Lederprofile sind als Zubeh\u00f6r erh\u00e4ltlich. Die beiden Standardprofile haben einen Radius von 3 mm und eine Spitze mit einem Winkel von 60\u00b0. Als Zubeh\u00f6r gibt es einen Satz mit schmaleren Profilen mit 2 mm Radius und einem Winkel von 45\u00b0. Datenblatt Anwendungsfilm (ca.1,11 min)","og_url":"https:\/\/www.franz-stadlhofer.at\/shop\/produkt\/profilierte-lederabziehscheibe-la-120\/","og_site_name":"Schnitzstube Stadlhofer Shop","article_modified_time":"2025-11-19T11:34:56+00:00","og_image":[{"width":945,"height":945,"url":"https:\/\/www.franz-stadlhofer.at\/shop\/wp-content\/uploads\/2014\/11\/products-LA-120.jpg","type":"image\/jpeg"}],"twitter_card":"summary_large_image","twitter_misc":{"Gesch\u00e4tzte Lesezeit":"2\u00a0Minuten"},"schema":{"@context":"https:\/\/schema.org","@graph":[{"@type":"WebPage","@id":"https:\/\/www.franz-stadlhofer.at\/shop\/produkt\/profilierte-lederabziehscheibe-la-120\/","url":"https:\/\/www.franz-stadlhofer.at\/shop\/produkt\/profilierte-lederabziehscheibe-la-120\/","name":"Lederabziehscheibe (LA-120)","isPartOf":{"@id":"https:\/\/www.franz-stadlhofer.at\/shop\/#website"},"primaryImageOfPage":{"@id":"https:\/\/www.franz-stadlhofer.at\/shop\/produkt\/profilierte-lederabziehscheibe-la-120\/#primaryimage"},"image":{"@id":"https:\/\/www.franz-stadlhofer.at\/shop\/produkt\/profilierte-lederabziehscheibe-la-120\/#primaryimage"},"thumbnailUrl":"https:\/\/www.franz-stadlhofer.at\/shop\/wp-content\/uploads\/2014\/11\/products-LA-120.jpg","datePublished":"2014-11-08T18:10:19+00:00","dateModified":"2025-11-19T11:34:56+00:00","description":"Zum Abziehen und Polieren der Innenseite von Drehr\u00f6hren, Hohleisen und Geissf\u00fcssen Die Abziehscheibe hat zwei auswechselbare Lederprofile, damit Sie eine abgenutzte Scheibe problemlos durch eine neue ersetzen k\u00f6nnen. Alternative Lederprofile sind als Zubeh\u00f6r erh\u00e4ltlich. Die beiden Standardprofile haben einen Radius von 3 mm und eine Spitze mit einem Winkel von 60\u00b0. Als Zubeh\u00f6r gibt es einen Satz mit schmaleren Profilen mit 2 mm Radius und einem Winkel von 45\u00b0. Datenblatt Anwendungsfilm (ca.1,11 min)","breadcrumb":{"@id":"https:\/\/www.franz-stadlhofer.at\/shop\/produkt\/profilierte-lederabziehscheibe-la-120\/#breadcrumb"},"inLanguage":"de","potentialAction":[{"@type":"ReadAction","target":["https:\/\/www.franz-stadlhofer.at\/shop\/produkt\/profilierte-lederabziehscheibe-la-120\/"]}]},{"@type":"ImageObject","inLanguage":"de","@id":"https:\/\/www.franz-stadlhofer.at\/shop\/produkt\/profilierte-lederabziehscheibe-la-120\/#primaryimage","url":"https:\/\/www.franz-stadlhofer.at\/shop\/wp-content\/uploads\/2014\/11\/products-LA-120.jpg","contentUrl":"https:\/\/www.franz-stadlhofer.at\/shop\/wp-content\/uploads\/2014\/11\/products-LA-120.jpg","width":"945","height":"945","caption":"Tormek Profilierte Lederabziehscheibe (LA-120) - Schnitzstube Stadlhofer Shop"},{"@type":"BreadcrumbList","@id":"https:\/\/www.franz-stadlhofer.at\/shop\/produkt\/profilierte-lederabziehscheibe-la-120\/#breadcrumb","itemListElement":[{"@type":"ListItem","position":1,"name":"Startseite","item":"https:\/\/www.franz-stadlhofer.at\/shop\/"},{"@type":"ListItem","position":2,"name":"Produkte","item":"https:\/\/www.franz-stadlhofer.at\/shop\/shop\/"},{"@type":"ListItem","position":3,"name":"Profilierte Lederabziehscheibe (LA-120)"}]},{"@type":"WebSite","@id":"https:\/\/www.franz-stadlhofer.at\/shop\/#website","url":"https:\/\/www.franz-stadlhofer.at\/shop\/","name":"Schnitzstube Stadlhofer Shop","description":"Holzschnitzen Onlineshop","publisher":{"@id":"https:\/\/www.franz-stadlhofer.at\/shop\/#organization"},"potentialAction":[{"@type":"SearchAction","target":{"@type":"EntryPoint","urlTemplate":"https:\/\/www.franz-stadlhofer.at\/shop\/?s={search_term_string}"},"query-input":{"@type":"PropertyValueSpecification","valueRequired":true,"valueName":"search_term_string"}}],"inLanguage":"de"},{"@type":"Organization","@id":"https:\/\/www.franz-stadlhofer.at\/shop\/#organization","name":"Schnitzstube Stadlhofer Shop","url":"https:\/\/www.franz-stadlhofer.at\/shop\/","logo":{"@type":"ImageObject","inLanguage":"de","@id":"https:\/\/www.franz-stadlhofer.at\/shop\/#\/schema\/logo\/image\/","url":"https:\/\/www.franz-stadlhofer.at\/shop\/wp-content\/uploads\/2019\/10\/LOGO-2-RETINA.png","contentUrl":"https:\/\/www.franz-stadlhofer.at\/shop\/wp-content\/uploads\/2019\/10\/LOGO-2-RETINA.png","width":471,"height":160,"caption":"Schnitzstube Stadlhofer Shop"},"image":{"@id":"https:\/\/www.franz-stadlhofer.at\/shop\/#\/schema\/logo\/image\/"}}]}},"_links":{"self":[{"href":"https:\/\/www.franz-stadlhofer.at\/shop\/wp-json\/wp\/v2\/product\/22003","targetHints":{"allow":["GET"]}}],"collection":[{"href":"https:\/\/www.franz-stadlhofer.at\/shop\/wp-json\/wp\/v2\/product"}],"about":[{"href":"https:\/\/www.franz-stadlhofer.at\/shop\/wp-json\/wp\/v2\/types\/product"}],"wp:featuredmedia":[{"embeddable":true,"href":"https:\/\/www.franz-stadlhofer.at\/shop\/wp-json\/wp\/v2\/media\/22005"}],"wp:attachment":[{"href":"https:\/\/www.franz-stadlhofer.at\/shop\/wp-json\/wp\/v2\/media?parent=22003"}],"wp:term":[{"taxonomy":"product_brand","embeddable":true,"href":"https:\/\/www.franz-stadlhofer.at\/shop\/wp-json\/wp\/v2\/product_brand?post=22003"},{"taxonomy":"product_cat","embeddable":true,"href":"https:\/\/www.franz-stadlhofer.at\/shop\/wp-json\/wp\/v2\/product_cat?post=22003"},{"taxonomy":"product_tag","embeddable":true,"href":"https:\/\/www.franz-stadlhofer.at\/shop\/wp-json\/wp\/v2\/product_tag?post=22003"}],"curies":[{"name":"wp","href":"https:\/\/api.w.org\/{rel}","templated":true}]}}