{"id":21970,"date":"2014-11-08T19:10:18","date_gmt":"2014-11-08T19:10:18","guid":{"rendered":"https:\/\/www.franz-stadlhofer.at\/shop\/?post_type=product&#038;p=21970"},"modified":"2026-02-25T05:45:23","modified_gmt":"2026-02-25T04:45:23","slug":"schleifvorrichtung-fuer-aexte-ax-40","status":"publish","type":"product","link":"https:\/\/www.franz-stadlhofer.at\/shop\/produkt\/schleifvorrichtung-fuer-aexte-ax-40\/","title":{"rendered":"Schleifvorrichtung f\u00fcr \u00c4xte (AX-40)"},"content":{"rendered":"<p>Es gibt unz\u00e4hlige Arten von \u00c4xten (z.B. Spalt-, Breit-, Schnitz- oder Zimmermanns\u00e4xte etc.) und jede hat ihren eigenen Schliff, ob <strong>konkav, gerade oder konvex<\/strong>.<\/p>\n<p>Die neue <strong>Schleifvorrichtung f\u00fcr \u00c4xte AX-40<\/strong> erm\u00f6glicht es nun f\u00fcr alle diese Werkzeuge den richtigen Schliff zu schleifen.<\/p>\n<p>Die beiden Backen umschlie\u00dfen den Axtkopf sicher und erm\u00f6glichen ein <strong>einfaches, symmetrisches und pr\u00e4zises Schleifen<\/strong>. Da die Anschl\u00e4ge der Vorrichtung abgerundet sind, kann man beim Schleifen einfach der Form der Axt folgen, <strong>egal ob <\/strong>sie <strong>abgerundet oder gerade<\/strong> ist.<\/p>\n<p>Es ist auch m\u00f6glich, die \u00c4xte asymmetrisch zu schleifen, zum Beispiel mit einer gr\u00f6\u00dferen Fase auf der rechten Seite (wenn man Linksh\u00e4nder ist). Das erleichtert das Schneiden, weil die Schnittkraft n\u00e4her an der Schnittrichtung liegt.<\/p>\n<p>Diese Schleifvorrichtung funktioniert auf der Tormek T-8, Tormek T-4 und \u00e4lteren Modellen.<\/p>\n<p><strong><a title=\"Anwendungsfilm SVA-170\" href=\"https:\/\/www.youtube.com\/watch?v=0Z4U-SrIJlg&amp;t=3s\" target=\"_blank\" rel=\"noopener noreferrer\">Anwendungsfilm (ca. 28:45 min)<\/a><\/strong><\/p>\n<p><strong><a href=\"https:\/\/www.franz-stadlhofer.at\/shop\/wp-content\/uploads\/2024\/11\/Instruction-AX-40.pdf\">Bedienungsanleitung AX-40<\/a><\/strong><\/p>\n<p><span style=\"color: #ff0000;\"><strong>Mit TOP-Anleitung zum Spitzen-Schliff: Lernen Sie alle Teile des Tormek-Systems kennen und \u00fcben Sie den optimalen Einsatz in unseren <a style=\"color: #ff0000;\" href=\"https:\/\/www.franz-stadlhofer.at\/kursthema\/schleifen-schaerfen\/\" target=\"_blank\" rel=\"noopener\">SCHLEIFKURSEN<\/a>.<\/strong><\/span><\/p>\n","protected":false},"excerpt":{"rendered":"<p>Es gibt unz\u00e4hlige Arten von \u00c4xten (z.B. Spalt-, Breit-, Schnitz- oder Zimmermanns\u00e4xte etc.) und jede hat ihren eigenen Schliff, ob konkav, gerade oder konvex. Die neue Schleifvorrichtung f\u00fcr \u00c4xte AX-40 erm\u00f6glicht es nun f\u00fcr alle  [&#8230;]<\/p>\n","protected":false},"featured_media":35570,"template":"","meta":[],"product_brand":[806],"product_cat":[767,786,758,763],"product_tag":[],"class_list":{"0":"post-21970","1":"product","2":"type-product","3":"status-publish","4":"has-post-thumbnail","6":"product_brand-tormek","7":"product_cat-nass-schleifen","8":"product_cat-schleifvorrichtungen","9":"product_cat-werkzeuge","10":"product_cat-schleifen-scharfen","12":"first","13":"instock","14":"sale","15":"taxable","16":"shipping-taxable","17":"purchasable","18":"product-type-simple"},"barcode":null,"atum_controlled":true,"out_stock_date":null,"out_stock_threshold":null,"inheritable":false,"stock_on_hold":0,"sold_today":0,"sales_last_days":0,"reserved_stock":0,"customer_returns":0,"warehouse_damage":0,"lost_in_post":0,"other_logs":0,"out_stock_days":0,"lost_sales":0,"update_date":"2026-05-10T00:01:39","atum_locations":[],"atum_stock_status":"instock","restock_status":false,"low_stock_amount":"","sales_update_date":"2026-05-10T00:01:39","calc_backorders":null,"yoast_head":"<!-- This site is optimized with the Yoast SEO plugin v27.5 - https:\/\/yoast.com\/product\/yoast-seo-wordpress\/ -->\n<title>... f\u00fcr \u00c4xte (AX-40)<\/title>\n<meta name=\"description\" content=\"F\u00fcr Beile und \u00c4xte, mit gerader, konkaver oder konvexer Schneide. Anwendungsfilm (ca. 28:45 min), Bedienungsanleitung\" \/>\n<meta name=\"robots\" content=\"index, follow, max-snippet:-1, max-image-preview:large, max-video-preview:-1\" \/>\n<link rel=\"canonical\" href=\"https:\/\/www.franz-stadlhofer.at\/shop\/produkt\/schleifvorrichtung-fuer-aexte-ax-40\/\" \/>\n<meta property=\"og:locale\" content=\"de_DE\" \/>\n<meta property=\"og:type\" content=\"article\" \/>\n<meta property=\"og:title\" content=\"... f\u00fcr \u00c4xte (AX-40)\" \/>\n<meta property=\"og:description\" content=\"F\u00fcr Beile und \u00c4xte, mit gerader, konkaver oder konvexer Schneide. Anwendungsfilm (ca. 28:45 min), Bedienungsanleitung\" \/>\n<meta property=\"og:url\" content=\"https:\/\/www.franz-stadlhofer.at\/shop\/produkt\/schleifvorrichtung-fuer-aexte-ax-40\/\" \/>\n<meta property=\"og:site_name\" content=\"Schnitzstube Stadlhofer Shop\" \/>\n<meta property=\"article:modified_time\" content=\"2026-02-25T04:45:23+00:00\" \/>\n<meta property=\"og:image\" content=\"https:\/\/www.franz-stadlhofer.at\/shop\/wp-content\/uploads\/2024\/11\/AX-40_Axe_Jig_Product_image_web_800x800.webp\" \/>\n\t<meta property=\"og:image:width\" content=\"800\" \/>\n\t<meta property=\"og:image:height\" content=\"800\" \/>\n\t<meta property=\"og:image:type\" content=\"image\/webp\" \/>\n<meta name=\"twitter:card\" content=\"summary_large_image\" \/>\n<meta name=\"twitter:label1\" content=\"Gesch\u00e4tzte Lesezeit\" \/>\n\t<meta name=\"twitter:data1\" content=\"1\u00a0Minute\" \/>\n<script type=\"application\/ld+json\" class=\"yoast-schema-graph\">{\"@context\":\"https:\\\/\\\/schema.org\",\"@graph\":[{\"@type\":\"WebPage\",\"@id\":\"https:\\\/\\\/www.franz-stadlhofer.at\\\/shop\\\/produkt\\\/schleifvorrichtung-fuer-aexte-ax-40\\\/\",\"url\":\"https:\\\/\\\/www.franz-stadlhofer.at\\\/shop\\\/produkt\\\/schleifvorrichtung-fuer-aexte-ax-40\\\/\",\"name\":\"... f\u00fcr \u00c4xte (AX-40)\",\"isPartOf\":{\"@id\":\"https:\\\/\\\/www.franz-stadlhofer.at\\\/shop\\\/#website\"},\"primaryImageOfPage\":{\"@id\":\"https:\\\/\\\/www.franz-stadlhofer.at\\\/shop\\\/produkt\\\/schleifvorrichtung-fuer-aexte-ax-40\\\/#primaryimage\"},\"image\":{\"@id\":\"https:\\\/\\\/www.franz-stadlhofer.at\\\/shop\\\/produkt\\\/schleifvorrichtung-fuer-aexte-ax-40\\\/#primaryimage\"},\"thumbnailUrl\":\"https:\\\/\\\/www.franz-stadlhofer.at\\\/shop\\\/wp-content\\\/uploads\\\/2024\\\/11\\\/AX-40_Axe_Jig_Product_image_web_800x800.webp\",\"datePublished\":\"2014-11-08T19:10:18+00:00\",\"dateModified\":\"2026-02-25T04:45:23+00:00\",\"description\":\"F\u00fcr Beile und \u00c4xte, mit gerader, konkaver oder konvexer Schneide. Anwendungsfilm (ca. 28:45 min), Bedienungsanleitung\",\"breadcrumb\":{\"@id\":\"https:\\\/\\\/www.franz-stadlhofer.at\\\/shop\\\/produkt\\\/schleifvorrichtung-fuer-aexte-ax-40\\\/#breadcrumb\"},\"inLanguage\":\"de\",\"potentialAction\":[{\"@type\":\"ReadAction\",\"target\":[\"https:\\\/\\\/www.franz-stadlhofer.at\\\/shop\\\/produkt\\\/schleifvorrichtung-fuer-aexte-ax-40\\\/\"]}]},{\"@type\":\"ImageObject\",\"inLanguage\":\"de\",\"@id\":\"https:\\\/\\\/www.franz-stadlhofer.at\\\/shop\\\/produkt\\\/schleifvorrichtung-fuer-aexte-ax-40\\\/#primaryimage\",\"url\":\"https:\\\/\\\/www.franz-stadlhofer.at\\\/shop\\\/wp-content\\\/uploads\\\/2024\\\/11\\\/AX-40_Axe_Jig_Product_image_web_800x800.webp\",\"contentUrl\":\"https:\\\/\\\/www.franz-stadlhofer.at\\\/shop\\\/wp-content\\\/uploads\\\/2024\\\/11\\\/AX-40_Axe_Jig_Product_image_web_800x800.webp\",\"width\":800,\"height\":800,\"caption\":\"Schleifvorrichtung f\u00fcr \u00c4xte AX-40 f\u00fcr Tormek Sch\u00e4rfsystem Schnitzstube Stadlhofer\"},{\"@type\":\"BreadcrumbList\",\"@id\":\"https:\\\/\\\/www.franz-stadlhofer.at\\\/shop\\\/produkt\\\/schleifvorrichtung-fuer-aexte-ax-40\\\/#breadcrumb\",\"itemListElement\":[{\"@type\":\"ListItem\",\"position\":1,\"name\":\"Startseite\",\"item\":\"https:\\\/\\\/www.franz-stadlhofer.at\\\/shop\\\/\"},{\"@type\":\"ListItem\",\"position\":2,\"name\":\"Produkte\",\"item\":\"https:\\\/\\\/www.franz-stadlhofer.at\\\/shop\\\/shop\\\/\"},{\"@type\":\"ListItem\",\"position\":3,\"name\":\"Schleifvorrichtung f\u00fcr \u00c4xte (AX-40)\"}]},{\"@type\":\"WebSite\",\"@id\":\"https:\\\/\\\/www.franz-stadlhofer.at\\\/shop\\\/#website\",\"url\":\"https:\\\/\\\/www.franz-stadlhofer.at\\\/shop\\\/\",\"name\":\"Schnitzstube Stadlhofer Shop\",\"description\":\"Holzschnitzen Onlineshop\",\"publisher\":{\"@id\":\"https:\\\/\\\/www.franz-stadlhofer.at\\\/shop\\\/#organization\"},\"potentialAction\":[{\"@type\":\"SearchAction\",\"target\":{\"@type\":\"EntryPoint\",\"urlTemplate\":\"https:\\\/\\\/www.franz-stadlhofer.at\\\/shop\\\/?s={search_term_string}\"},\"query-input\":{\"@type\":\"PropertyValueSpecification\",\"valueRequired\":true,\"valueName\":\"search_term_string\"}}],\"inLanguage\":\"de\"},{\"@type\":\"Organization\",\"@id\":\"https:\\\/\\\/www.franz-stadlhofer.at\\\/shop\\\/#organization\",\"name\":\"Schnitzstube Stadlhofer Shop\",\"url\":\"https:\\\/\\\/www.franz-stadlhofer.at\\\/shop\\\/\",\"logo\":{\"@type\":\"ImageObject\",\"inLanguage\":\"de\",\"@id\":\"https:\\\/\\\/www.franz-stadlhofer.at\\\/shop\\\/#\\\/schema\\\/logo\\\/image\\\/\",\"url\":\"https:\\\/\\\/www.franz-stadlhofer.at\\\/shop\\\/wp-content\\\/uploads\\\/2019\\\/10\\\/LOGO-2-RETINA.png\",\"contentUrl\":\"https:\\\/\\\/www.franz-stadlhofer.at\\\/shop\\\/wp-content\\\/uploads\\\/2019\\\/10\\\/LOGO-2-RETINA.png\",\"width\":471,\"height\":160,\"caption\":\"Schnitzstube Stadlhofer Shop\"},\"image\":{\"@id\":\"https:\\\/\\\/www.franz-stadlhofer.at\\\/shop\\\/#\\\/schema\\\/logo\\\/image\\\/\"}}]}<\/script>\n<!-- \/ Yoast SEO plugin. -->","yoast_head_json":{"title":"... f\u00fcr \u00c4xte (AX-40)","description":"F\u00fcr Beile und \u00c4xte, mit gerader, konkaver oder konvexer Schneide. Anwendungsfilm (ca. 28:45 min), Bedienungsanleitung","robots":{"index":"index","follow":"follow","max-snippet":"max-snippet:-1","max-image-preview":"max-image-preview:large","max-video-preview":"max-video-preview:-1"},"canonical":"https:\/\/www.franz-stadlhofer.at\/shop\/produkt\/schleifvorrichtung-fuer-aexte-ax-40\/","og_locale":"de_DE","og_type":"article","og_title":"... f\u00fcr \u00c4xte (AX-40)","og_description":"F\u00fcr Beile und \u00c4xte, mit gerader, konkaver oder konvexer Schneide. Anwendungsfilm (ca. 28:45 min), Bedienungsanleitung","og_url":"https:\/\/www.franz-stadlhofer.at\/shop\/produkt\/schleifvorrichtung-fuer-aexte-ax-40\/","og_site_name":"Schnitzstube Stadlhofer Shop","article_modified_time":"2026-02-25T04:45:23+00:00","og_image":[{"width":800,"height":800,"url":"https:\/\/www.franz-stadlhofer.at\/shop\/wp-content\/uploads\/2024\/11\/AX-40_Axe_Jig_Product_image_web_800x800.webp","type":"image\/webp"}],"twitter_card":"summary_large_image","twitter_misc":{"Gesch\u00e4tzte Lesezeit":"1\u00a0Minute"},"schema":{"@context":"https:\/\/schema.org","@graph":[{"@type":"WebPage","@id":"https:\/\/www.franz-stadlhofer.at\/shop\/produkt\/schleifvorrichtung-fuer-aexte-ax-40\/","url":"https:\/\/www.franz-stadlhofer.at\/shop\/produkt\/schleifvorrichtung-fuer-aexte-ax-40\/","name":"... f\u00fcr \u00c4xte (AX-40)","isPartOf":{"@id":"https:\/\/www.franz-stadlhofer.at\/shop\/#website"},"primaryImageOfPage":{"@id":"https:\/\/www.franz-stadlhofer.at\/shop\/produkt\/schleifvorrichtung-fuer-aexte-ax-40\/#primaryimage"},"image":{"@id":"https:\/\/www.franz-stadlhofer.at\/shop\/produkt\/schleifvorrichtung-fuer-aexte-ax-40\/#primaryimage"},"thumbnailUrl":"https:\/\/www.franz-stadlhofer.at\/shop\/wp-content\/uploads\/2024\/11\/AX-40_Axe_Jig_Product_image_web_800x800.webp","datePublished":"2014-11-08T19:10:18+00:00","dateModified":"2026-02-25T04:45:23+00:00","description":"F\u00fcr Beile und \u00c4xte, mit gerader, konkaver oder konvexer Schneide. Anwendungsfilm (ca. 28:45 min), Bedienungsanleitung","breadcrumb":{"@id":"https:\/\/www.franz-stadlhofer.at\/shop\/produkt\/schleifvorrichtung-fuer-aexte-ax-40\/#breadcrumb"},"inLanguage":"de","potentialAction":[{"@type":"ReadAction","target":["https:\/\/www.franz-stadlhofer.at\/shop\/produkt\/schleifvorrichtung-fuer-aexte-ax-40\/"]}]},{"@type":"ImageObject","inLanguage":"de","@id":"https:\/\/www.franz-stadlhofer.at\/shop\/produkt\/schleifvorrichtung-fuer-aexte-ax-40\/#primaryimage","url":"https:\/\/www.franz-stadlhofer.at\/shop\/wp-content\/uploads\/2024\/11\/AX-40_Axe_Jig_Product_image_web_800x800.webp","contentUrl":"https:\/\/www.franz-stadlhofer.at\/shop\/wp-content\/uploads\/2024\/11\/AX-40_Axe_Jig_Product_image_web_800x800.webp","width":800,"height":800,"caption":"Schleifvorrichtung f\u00fcr \u00c4xte AX-40 f\u00fcr Tormek Sch\u00e4rfsystem Schnitzstube Stadlhofer"},{"@type":"BreadcrumbList","@id":"https:\/\/www.franz-stadlhofer.at\/shop\/produkt\/schleifvorrichtung-fuer-aexte-ax-40\/#breadcrumb","itemListElement":[{"@type":"ListItem","position":1,"name":"Startseite","item":"https:\/\/www.franz-stadlhofer.at\/shop\/"},{"@type":"ListItem","position":2,"name":"Produkte","item":"https:\/\/www.franz-stadlhofer.at\/shop\/shop\/"},{"@type":"ListItem","position":3,"name":"Schleifvorrichtung f\u00fcr \u00c4xte (AX-40)"}]},{"@type":"WebSite","@id":"https:\/\/www.franz-stadlhofer.at\/shop\/#website","url":"https:\/\/www.franz-stadlhofer.at\/shop\/","name":"Schnitzstube Stadlhofer Shop","description":"Holzschnitzen Onlineshop","publisher":{"@id":"https:\/\/www.franz-stadlhofer.at\/shop\/#organization"},"potentialAction":[{"@type":"SearchAction","target":{"@type":"EntryPoint","urlTemplate":"https:\/\/www.franz-stadlhofer.at\/shop\/?s={search_term_string}"},"query-input":{"@type":"PropertyValueSpecification","valueRequired":true,"valueName":"search_term_string"}}],"inLanguage":"de"},{"@type":"Organization","@id":"https:\/\/www.franz-stadlhofer.at\/shop\/#organization","name":"Schnitzstube Stadlhofer Shop","url":"https:\/\/www.franz-stadlhofer.at\/shop\/","logo":{"@type":"ImageObject","inLanguage":"de","@id":"https:\/\/www.franz-stadlhofer.at\/shop\/#\/schema\/logo\/image\/","url":"https:\/\/www.franz-stadlhofer.at\/shop\/wp-content\/uploads\/2019\/10\/LOGO-2-RETINA.png","contentUrl":"https:\/\/www.franz-stadlhofer.at\/shop\/wp-content\/uploads\/2019\/10\/LOGO-2-RETINA.png","width":471,"height":160,"caption":"Schnitzstube Stadlhofer Shop"},"image":{"@id":"https:\/\/www.franz-stadlhofer.at\/shop\/#\/schema\/logo\/image\/"}}]}},"_links":{"self":[{"href":"https:\/\/www.franz-stadlhofer.at\/shop\/wp-json\/wp\/v2\/product\/21970","targetHints":{"allow":["GET"]}}],"collection":[{"href":"https:\/\/www.franz-stadlhofer.at\/shop\/wp-json\/wp\/v2\/product"}],"about":[{"href":"https:\/\/www.franz-stadlhofer.at\/shop\/wp-json\/wp\/v2\/types\/product"}],"wp:featuredmedia":[{"embeddable":true,"href":"https:\/\/www.franz-stadlhofer.at\/shop\/wp-json\/wp\/v2\/media\/35570"}],"wp:attachment":[{"href":"https:\/\/www.franz-stadlhofer.at\/shop\/wp-json\/wp\/v2\/media?parent=21970"}],"wp:term":[{"taxonomy":"product_brand","embeddable":true,"href":"https:\/\/www.franz-stadlhofer.at\/shop\/wp-json\/wp\/v2\/product_brand?post=21970"},{"taxonomy":"product_cat","embeddable":true,"href":"https:\/\/www.franz-stadlhofer.at\/shop\/wp-json\/wp\/v2\/product_cat?post=21970"},{"taxonomy":"product_tag","embeddable":true,"href":"https:\/\/www.franz-stadlhofer.at\/shop\/wp-json\/wp\/v2\/product_tag?post=21970"}],"curies":[{"name":"wp","href":"https:\/\/api.w.org\/{rel}","templated":true}]}}