{"id":21955,"date":"2014-11-08T19:10:18","date_gmt":"2014-11-08T18:10:18","guid":{"rendered":"https:\/\/www.franz-stadlhofer.at\/shop\/?post_type=product&#038;p=21955"},"modified":"2024-04-24T19:58:06","modified_gmt":"2024-04-24T17:58:06","slug":"schleifvorrichtung-fuer-gerade-schneiden-se-77","status":"publish","type":"product","link":"https:\/\/www.franz-stadlhofer.at\/shop\/produkt\/schleifvorrichtung-fuer-gerade-schneiden-se-77\/","title":{"rendered":"Schleifvorrichtung f\u00fcr gerade Schneiden (SE-77)"},"content":{"rendered":"<div class=\"fusion-fullwidth fullwidth-box fusion-builder-row-1 fusion-flex-container nonhundred-percent-fullwidth non-hundred-percent-height-scrolling\" style=\"--awb-border-radius-top-left:0px;--awb-border-radius-top-right:0px;--awb-border-radius-bottom-right:0px;--awb-border-radius-bottom-left:0px;--awb-flex-wrap:wrap;\" ><div class=\"fusion-builder-row fusion-row fusion-flex-align-items-flex-start fusion-flex-content-wrap\" style=\"max-width:1216.8px;margin-left: calc(-4% \/ 2 );margin-right: calc(-4% \/ 2 );\"><div class=\"fusion-layout-column fusion_builder_column fusion-builder-column-0 fusion_builder_column_1_1 1_1 fusion-flex-column\" style=\"--awb-bg-size:cover;--awb-width-large:100%;--awb-margin-top-large:0px;--awb-spacing-right-large:1.92%;--awb-margin-bottom-large:0px;--awb-spacing-left-large:1.92%;--awb-width-medium:100%;--awb-spacing-right-medium:1.92%;--awb-spacing-left-medium:1.92%;--awb-width-small:100%;--awb-spacing-right-small:1.92%;--awb-spacing-left-small:1.92%;\"><div class=\"fusion-column-wrapper fusion-flex-justify-content-flex-start fusion-content-layout-column\"><div class=\"fusion-text fusion-text-1\"><p>F\u00fcr Hobeleisen und Stemmeisen. Das SE-77 ist eine Weiterentwicklung des bisherigen SE-76.<br \/>\nSicherheitsanschl\u00e4ge verhindern das Abrutschen des Werkzeuges vom Schleifstein. Es gibt zwei Einstellr\u00e4der die einen perfekten 90\u00b0 Schliff bzw. durch Justierungen, eine leichte konvexe Form der Schneide erm\u00f6glichen.<\/p>\n<p>Max. Werkzeugbreite 77 mm<br \/>\nMax. St\u00e4rke 9 mm<\/p>\n<p><strong><a title=\"Datenblatt SE-77\" href=\"https:\/\/www.franz-stadlhofer.at\/shop\/wp-content\/uploads\/2020\/12\/SE-77.pdf\" target=\"_blank\" rel=\"noopener noreferrer\">Datenblatt<\/a><\/strong><\/p>\n<p><span style=\"color: #ff0000;\"><strong>Mit TOP-Anleitung zum Spitzen-Schliff: Lernen Sie alle Teile des Tormek-Systems kennen und \u00fcben Sie den optimalen Einsatz in unseren <a style=\"color: #ff0000;\" href=\"https:\/\/www.franz-stadlhofer.at\/kursthema\/schleifen-schaerfen\/\" target=\"_blank\" rel=\"noopener\">SCHLEIFKURSEN<\/a>.<\/strong><\/span><\/p>\n<\/div><\/div><\/div><\/div><\/div>\n","protected":false},"excerpt":{"rendered":"","protected":false},"featured_media":21957,"template":"","meta":[],"product_brand":[806],"product_cat":[767,786,758,763],"product_tag":[],"class_list":{"0":"post-21955","1":"product","2":"type-product","3":"status-publish","4":"has-post-thumbnail","6":"product_brand-tormek","7":"product_cat-nass-schleifen","8":"product_cat-schleifvorrichtungen","9":"product_cat-werkzeuge","10":"product_cat-schleifen-scharfen","12":"first","13":"instock","14":"sale","15":"taxable","16":"shipping-taxable","17":"purchasable","18":"product-type-simple"},"barcode":null,"atum_controlled":true,"out_stock_date":null,"out_stock_threshold":null,"inheritable":false,"stock_on_hold":0,"sold_today":0,"sales_last_days":0,"reserved_stock":0,"customer_returns":0,"warehouse_damage":0,"lost_in_post":0,"other_logs":0,"out_stock_days":0,"lost_sales":0,"update_date":"2026-05-04T00:06:00","atum_locations":[],"atum_stock_status":"instock","restock_status":false,"low_stock_amount":"","sales_update_date":"2026-05-04T00:06:00","calc_backorders":null,"yoast_head":"<!-- This site is optimized with the Yoast SEO plugin v27.4 - https:\/\/yoast.com\/product\/yoast-seo-wordpress\/ -->\n<title>... f\u00fcr gerade Schneiden (SE-77)<\/title>\n<meta name=\"description\" content=\"F\u00fcr Hobeleisen und Stemmeisen. Das SE-77 ist eine Weiterentwicklung des bisherigen SE-76. Sicherheitsanschl\u00e4ge verhindern das Abrutschen des Werkzeuges vom Schleifstein. Es gibt zwei Einstellr\u00e4der die einen perfekten 90\u00b0 Schliff bzw. durch Justierungen, eine leichte konvexe Form der Schneide erm\u00f6glichen.Max. Werkzeugbreite 77 mm Max. St\u00e4rke 9 mm Datenblatt\" \/>\n<meta name=\"robots\" content=\"index, follow, max-snippet:-1, max-image-preview:large, max-video-preview:-1\" \/>\n<link rel=\"canonical\" href=\"https:\/\/www.franz-stadlhofer.at\/shop\/produkt\/schleifvorrichtung-fuer-gerade-schneiden-se-77\/\" \/>\n<meta property=\"og:locale\" content=\"de_DE\" \/>\n<meta property=\"og:type\" content=\"article\" \/>\n<meta property=\"og:title\" content=\"... f\u00fcr gerade Schneiden (SE-77)\" \/>\n<meta property=\"og:description\" content=\"F\u00fcr Hobeleisen und Stemmeisen. Das SE-77 ist eine Weiterentwicklung des bisherigen SE-76. Sicherheitsanschl\u00e4ge verhindern das Abrutschen des Werkzeuges vom Schleifstein. Es gibt zwei Einstellr\u00e4der die einen perfekten 90\u00b0 Schliff bzw. durch Justierungen, eine leichte konvexe Form der Schneide erm\u00f6glichen.Max. Werkzeugbreite 77 mm Max. St\u00e4rke 9 mm Datenblatt\" \/>\n<meta property=\"og:url\" content=\"https:\/\/www.franz-stadlhofer.at\/shop\/produkt\/schleifvorrichtung-fuer-gerade-schneiden-se-77\/\" \/>\n<meta property=\"og:site_name\" content=\"Schnitzstube Stadlhofer Shop\" \/>\n<meta property=\"article:modified_time\" content=\"2024-04-24T17:58:06+00:00\" \/>\n<meta property=\"og:image\" content=\"https:\/\/www.franz-stadlhofer.at\/shop\/wp-content\/uploads\/2016\/11\/products-SE-77_01.jpg\" \/>\n\t<meta property=\"og:image:width\" content=\"945\" \/>\n\t<meta property=\"og:image:height\" content=\"945\" \/>\n\t<meta property=\"og:image:type\" content=\"image\/jpeg\" \/>\n<meta name=\"twitter:card\" content=\"summary_large_image\" \/>\n<meta name=\"twitter:label1\" content=\"Gesch\u00e4tzte Lesezeit\" \/>\n\t<meta name=\"twitter:data1\" content=\"1\u00a0Minute\" \/>\n<script type=\"application\/ld+json\" class=\"yoast-schema-graph\">{\"@context\":\"https:\\\/\\\/schema.org\",\"@graph\":[{\"@type\":\"WebPage\",\"@id\":\"https:\\\/\\\/www.franz-stadlhofer.at\\\/shop\\\/produkt\\\/schleifvorrichtung-fuer-gerade-schneiden-se-77\\\/\",\"url\":\"https:\\\/\\\/www.franz-stadlhofer.at\\\/shop\\\/produkt\\\/schleifvorrichtung-fuer-gerade-schneiden-se-77\\\/\",\"name\":\"... f\u00fcr gerade Schneiden (SE-77)\",\"isPartOf\":{\"@id\":\"https:\\\/\\\/www.franz-stadlhofer.at\\\/shop\\\/#website\"},\"primaryImageOfPage\":{\"@id\":\"https:\\\/\\\/www.franz-stadlhofer.at\\\/shop\\\/produkt\\\/schleifvorrichtung-fuer-gerade-schneiden-se-77\\\/#primaryimage\"},\"image\":{\"@id\":\"https:\\\/\\\/www.franz-stadlhofer.at\\\/shop\\\/produkt\\\/schleifvorrichtung-fuer-gerade-schneiden-se-77\\\/#primaryimage\"},\"thumbnailUrl\":\"https:\\\/\\\/www.franz-stadlhofer.at\\\/shop\\\/wp-content\\\/uploads\\\/2016\\\/11\\\/products-SE-77_01.jpg\",\"datePublished\":\"2014-11-08T18:10:18+00:00\",\"dateModified\":\"2024-04-24T17:58:06+00:00\",\"description\":\"F\u00fcr Hobeleisen und Stemmeisen. Das SE-77 ist eine Weiterentwicklung des bisherigen SE-76. Sicherheitsanschl\u00e4ge verhindern das Abrutschen des Werkzeuges vom Schleifstein. Es gibt zwei Einstellr\u00e4der die einen perfekten 90\u00b0 Schliff bzw. durch Justierungen, eine leichte konvexe Form der Schneide erm\u00f6glichen.Max. Werkzeugbreite 77 mm Max. St\u00e4rke 9 mm Datenblatt\",\"breadcrumb\":{\"@id\":\"https:\\\/\\\/www.franz-stadlhofer.at\\\/shop\\\/produkt\\\/schleifvorrichtung-fuer-gerade-schneiden-se-77\\\/#breadcrumb\"},\"inLanguage\":\"de\",\"potentialAction\":[{\"@type\":\"ReadAction\",\"target\":[\"https:\\\/\\\/www.franz-stadlhofer.at\\\/shop\\\/produkt\\\/schleifvorrichtung-fuer-gerade-schneiden-se-77\\\/\"]}]},{\"@type\":\"ImageObject\",\"inLanguage\":\"de\",\"@id\":\"https:\\\/\\\/www.franz-stadlhofer.at\\\/shop\\\/produkt\\\/schleifvorrichtung-fuer-gerade-schneiden-se-77\\\/#primaryimage\",\"url\":\"https:\\\/\\\/www.franz-stadlhofer.at\\\/shop\\\/wp-content\\\/uploads\\\/2016\\\/11\\\/products-SE-77_01.jpg\",\"contentUrl\":\"https:\\\/\\\/www.franz-stadlhofer.at\\\/shop\\\/wp-content\\\/uploads\\\/2016\\\/11\\\/products-SE-77_01.jpg\",\"width\":\"945\",\"height\":\"945\",\"caption\":\"Tormek Schleifvorrichtung f\u00fcr gerade Schneiden (SE-77) - Schnitzstube Stadlhofer Shop\"},{\"@type\":\"BreadcrumbList\",\"@id\":\"https:\\\/\\\/www.franz-stadlhofer.at\\\/shop\\\/produkt\\\/schleifvorrichtung-fuer-gerade-schneiden-se-77\\\/#breadcrumb\",\"itemListElement\":[{\"@type\":\"ListItem\",\"position\":1,\"name\":\"Startseite\",\"item\":\"https:\\\/\\\/www.franz-stadlhofer.at\\\/shop\\\/\"},{\"@type\":\"ListItem\",\"position\":2,\"name\":\"Produkte\",\"item\":\"https:\\\/\\\/www.franz-stadlhofer.at\\\/shop\\\/shop\\\/\"},{\"@type\":\"ListItem\",\"position\":3,\"name\":\"Schleifvorrichtung f\u00fcr gerade Schneiden (SE-77)\"}]},{\"@type\":\"WebSite\",\"@id\":\"https:\\\/\\\/www.franz-stadlhofer.at\\\/shop\\\/#website\",\"url\":\"https:\\\/\\\/www.franz-stadlhofer.at\\\/shop\\\/\",\"name\":\"Schnitzstube Stadlhofer Shop\",\"description\":\"Holzschnitzen Onlineshop\",\"publisher\":{\"@id\":\"https:\\\/\\\/www.franz-stadlhofer.at\\\/shop\\\/#organization\"},\"potentialAction\":[{\"@type\":\"SearchAction\",\"target\":{\"@type\":\"EntryPoint\",\"urlTemplate\":\"https:\\\/\\\/www.franz-stadlhofer.at\\\/shop\\\/?s={search_term_string}\"},\"query-input\":{\"@type\":\"PropertyValueSpecification\",\"valueRequired\":true,\"valueName\":\"search_term_string\"}}],\"inLanguage\":\"de\"},{\"@type\":\"Organization\",\"@id\":\"https:\\\/\\\/www.franz-stadlhofer.at\\\/shop\\\/#organization\",\"name\":\"Schnitzstube Stadlhofer Shop\",\"url\":\"https:\\\/\\\/www.franz-stadlhofer.at\\\/shop\\\/\",\"logo\":{\"@type\":\"ImageObject\",\"inLanguage\":\"de\",\"@id\":\"https:\\\/\\\/www.franz-stadlhofer.at\\\/shop\\\/#\\\/schema\\\/logo\\\/image\\\/\",\"url\":\"https:\\\/\\\/www.franz-stadlhofer.at\\\/shop\\\/wp-content\\\/uploads\\\/2019\\\/10\\\/LOGO-2-RETINA.png\",\"contentUrl\":\"https:\\\/\\\/www.franz-stadlhofer.at\\\/shop\\\/wp-content\\\/uploads\\\/2019\\\/10\\\/LOGO-2-RETINA.png\",\"width\":471,\"height\":160,\"caption\":\"Schnitzstube Stadlhofer Shop\"},\"image\":{\"@id\":\"https:\\\/\\\/www.franz-stadlhofer.at\\\/shop\\\/#\\\/schema\\\/logo\\\/image\\\/\"}}]}<\/script>\n<!-- \/ Yoast SEO plugin. -->","yoast_head_json":{"title":"... f\u00fcr gerade Schneiden (SE-77)","description":"F\u00fcr Hobeleisen und Stemmeisen. Das SE-77 ist eine Weiterentwicklung des bisherigen SE-76. Sicherheitsanschl\u00e4ge verhindern das Abrutschen des Werkzeuges vom Schleifstein. Es gibt zwei Einstellr\u00e4der die einen perfekten 90\u00b0 Schliff bzw. durch Justierungen, eine leichte konvexe Form der Schneide erm\u00f6glichen.Max. Werkzeugbreite 77 mm Max. St\u00e4rke 9 mm Datenblatt","robots":{"index":"index","follow":"follow","max-snippet":"max-snippet:-1","max-image-preview":"max-image-preview:large","max-video-preview":"max-video-preview:-1"},"canonical":"https:\/\/www.franz-stadlhofer.at\/shop\/produkt\/schleifvorrichtung-fuer-gerade-schneiden-se-77\/","og_locale":"de_DE","og_type":"article","og_title":"... f\u00fcr gerade Schneiden (SE-77)","og_description":"F\u00fcr Hobeleisen und Stemmeisen. Das SE-77 ist eine Weiterentwicklung des bisherigen SE-76. Sicherheitsanschl\u00e4ge verhindern das Abrutschen des Werkzeuges vom Schleifstein. Es gibt zwei Einstellr\u00e4der die einen perfekten 90\u00b0 Schliff bzw. durch Justierungen, eine leichte konvexe Form der Schneide erm\u00f6glichen.Max. Werkzeugbreite 77 mm Max. St\u00e4rke 9 mm Datenblatt","og_url":"https:\/\/www.franz-stadlhofer.at\/shop\/produkt\/schleifvorrichtung-fuer-gerade-schneiden-se-77\/","og_site_name":"Schnitzstube Stadlhofer Shop","article_modified_time":"2024-04-24T17:58:06+00:00","og_image":[{"width":945,"height":945,"url":"https:\/\/www.franz-stadlhofer.at\/shop\/wp-content\/uploads\/2016\/11\/products-SE-77_01.jpg","type":"image\/jpeg"}],"twitter_card":"summary_large_image","twitter_misc":{"Gesch\u00e4tzte Lesezeit":"1\u00a0Minute"},"schema":{"@context":"https:\/\/schema.org","@graph":[{"@type":"WebPage","@id":"https:\/\/www.franz-stadlhofer.at\/shop\/produkt\/schleifvorrichtung-fuer-gerade-schneiden-se-77\/","url":"https:\/\/www.franz-stadlhofer.at\/shop\/produkt\/schleifvorrichtung-fuer-gerade-schneiden-se-77\/","name":"... f\u00fcr gerade Schneiden (SE-77)","isPartOf":{"@id":"https:\/\/www.franz-stadlhofer.at\/shop\/#website"},"primaryImageOfPage":{"@id":"https:\/\/www.franz-stadlhofer.at\/shop\/produkt\/schleifvorrichtung-fuer-gerade-schneiden-se-77\/#primaryimage"},"image":{"@id":"https:\/\/www.franz-stadlhofer.at\/shop\/produkt\/schleifvorrichtung-fuer-gerade-schneiden-se-77\/#primaryimage"},"thumbnailUrl":"https:\/\/www.franz-stadlhofer.at\/shop\/wp-content\/uploads\/2016\/11\/products-SE-77_01.jpg","datePublished":"2014-11-08T18:10:18+00:00","dateModified":"2024-04-24T17:58:06+00:00","description":"F\u00fcr Hobeleisen und Stemmeisen. Das SE-77 ist eine Weiterentwicklung des bisherigen SE-76. Sicherheitsanschl\u00e4ge verhindern das Abrutschen des Werkzeuges vom Schleifstein. Es gibt zwei Einstellr\u00e4der die einen perfekten 90\u00b0 Schliff bzw. durch Justierungen, eine leichte konvexe Form der Schneide erm\u00f6glichen.Max. Werkzeugbreite 77 mm Max. St\u00e4rke 9 mm Datenblatt","breadcrumb":{"@id":"https:\/\/www.franz-stadlhofer.at\/shop\/produkt\/schleifvorrichtung-fuer-gerade-schneiden-se-77\/#breadcrumb"},"inLanguage":"de","potentialAction":[{"@type":"ReadAction","target":["https:\/\/www.franz-stadlhofer.at\/shop\/produkt\/schleifvorrichtung-fuer-gerade-schneiden-se-77\/"]}]},{"@type":"ImageObject","inLanguage":"de","@id":"https:\/\/www.franz-stadlhofer.at\/shop\/produkt\/schleifvorrichtung-fuer-gerade-schneiden-se-77\/#primaryimage","url":"https:\/\/www.franz-stadlhofer.at\/shop\/wp-content\/uploads\/2016\/11\/products-SE-77_01.jpg","contentUrl":"https:\/\/www.franz-stadlhofer.at\/shop\/wp-content\/uploads\/2016\/11\/products-SE-77_01.jpg","width":"945","height":"945","caption":"Tormek Schleifvorrichtung f\u00fcr gerade Schneiden (SE-77) - Schnitzstube Stadlhofer Shop"},{"@type":"BreadcrumbList","@id":"https:\/\/www.franz-stadlhofer.at\/shop\/produkt\/schleifvorrichtung-fuer-gerade-schneiden-se-77\/#breadcrumb","itemListElement":[{"@type":"ListItem","position":1,"name":"Startseite","item":"https:\/\/www.franz-stadlhofer.at\/shop\/"},{"@type":"ListItem","position":2,"name":"Produkte","item":"https:\/\/www.franz-stadlhofer.at\/shop\/shop\/"},{"@type":"ListItem","position":3,"name":"Schleifvorrichtung f\u00fcr gerade Schneiden (SE-77)"}]},{"@type":"WebSite","@id":"https:\/\/www.franz-stadlhofer.at\/shop\/#website","url":"https:\/\/www.franz-stadlhofer.at\/shop\/","name":"Schnitzstube Stadlhofer Shop","description":"Holzschnitzen Onlineshop","publisher":{"@id":"https:\/\/www.franz-stadlhofer.at\/shop\/#organization"},"potentialAction":[{"@type":"SearchAction","target":{"@type":"EntryPoint","urlTemplate":"https:\/\/www.franz-stadlhofer.at\/shop\/?s={search_term_string}"},"query-input":{"@type":"PropertyValueSpecification","valueRequired":true,"valueName":"search_term_string"}}],"inLanguage":"de"},{"@type":"Organization","@id":"https:\/\/www.franz-stadlhofer.at\/shop\/#organization","name":"Schnitzstube Stadlhofer Shop","url":"https:\/\/www.franz-stadlhofer.at\/shop\/","logo":{"@type":"ImageObject","inLanguage":"de","@id":"https:\/\/www.franz-stadlhofer.at\/shop\/#\/schema\/logo\/image\/","url":"https:\/\/www.franz-stadlhofer.at\/shop\/wp-content\/uploads\/2019\/10\/LOGO-2-RETINA.png","contentUrl":"https:\/\/www.franz-stadlhofer.at\/shop\/wp-content\/uploads\/2019\/10\/LOGO-2-RETINA.png","width":471,"height":160,"caption":"Schnitzstube Stadlhofer Shop"},"image":{"@id":"https:\/\/www.franz-stadlhofer.at\/shop\/#\/schema\/logo\/image\/"}}]}},"_links":{"self":[{"href":"https:\/\/www.franz-stadlhofer.at\/shop\/wp-json\/wp\/v2\/product\/21955","targetHints":{"allow":["GET"]}}],"collection":[{"href":"https:\/\/www.franz-stadlhofer.at\/shop\/wp-json\/wp\/v2\/product"}],"about":[{"href":"https:\/\/www.franz-stadlhofer.at\/shop\/wp-json\/wp\/v2\/types\/product"}],"wp:featuredmedia":[{"embeddable":true,"href":"https:\/\/www.franz-stadlhofer.at\/shop\/wp-json\/wp\/v2\/media\/21957"}],"wp:attachment":[{"href":"https:\/\/www.franz-stadlhofer.at\/shop\/wp-json\/wp\/v2\/media?parent=21955"}],"wp:term":[{"taxonomy":"product_brand","embeddable":true,"href":"https:\/\/www.franz-stadlhofer.at\/shop\/wp-json\/wp\/v2\/product_brand?post=21955"},{"taxonomy":"product_cat","embeddable":true,"href":"https:\/\/www.franz-stadlhofer.at\/shop\/wp-json\/wp\/v2\/product_cat?post=21955"},{"taxonomy":"product_tag","embeddable":true,"href":"https:\/\/www.franz-stadlhofer.at\/shop\/wp-json\/wp\/v2\/product_tag?post=21955"}],"curies":[{"name":"wp","href":"https:\/\/api.w.org\/{rel}","templated":true}]}}