{"id":21930,"date":"2014-11-08T19:10:17","date_gmt":"2014-11-08T19:10:17","guid":{"rendered":"https:\/\/www.franz-stadlhofer.at\/shop\/?post_type=product&#038;p=21930"},"modified":"2026-02-18T11:49:34","modified_gmt":"2026-02-18T10:49:34","slug":"nassschleifmaschine-t-4","status":"publish","type":"product","link":"https:\/\/www.franz-stadlhofer.at\/shop\/produkt\/nassschleifmaschine-t-4\/","title":{"rendered":"Nassschleifmaschine T-4"},"content":{"rendered":"<div class=\"fusion-fullwidth fullwidth-box fusion-builder-row-1 fusion-flex-container nonhundred-percent-fullwidth non-hundred-percent-height-scrolling\" style=\"--awb-border-radius-top-left:0px;--awb-border-radius-top-right:0px;--awb-border-radius-bottom-right:0px;--awb-border-radius-bottom-left:0px;--awb-flex-wrap:wrap;\" ><div class=\"fusion-builder-row fusion-row fusion-flex-align-items-flex-start fusion-flex-content-wrap\" style=\"max-width:1216.8px;margin-left: calc(-4% \/ 2 );margin-right: calc(-4% \/ 2 );\"><div class=\"fusion-layout-column fusion_builder_column fusion-builder-column-0 fusion_builder_column_1_1 1_1 fusion-flex-column\" style=\"--awb-bg-size:cover;--awb-width-large:100%;--awb-margin-top-large:0px;--awb-spacing-right-large:1.92%;--awb-margin-bottom-large:0px;--awb-spacing-left-large:1.92%;--awb-width-medium:100%;--awb-spacing-right-medium:1.92%;--awb-spacing-left-medium:1.92%;--awb-width-small:100%;--awb-spacing-right-small:1.92%;--awb-spacing-left-small:1.92%;\"><div class=\"fusion-column-wrapper fusion-flex-justify-content-flex-start fusion-content-layout-column\"><div class=\"fusion-text fusion-text-1\" style=\"--awb-text-transform:none;\"><p>Die <strong>TORMEK T-4<\/strong> ist eine Weiterentwicklung des Modells T-3 welche Pr\u00e4zision und Stabilit\u00e4t auf ein v\u00f6llig neues Niveau bringt.<br \/>\nVertikal- sowie Horizontalhalter f\u00fcr die Universalst\u00fctze und der integrierte Tragegriff sind in einem einzigen St\u00fcck aus Zinkguss gefertigt. Motor und Hauptwelle sind am gegossenem Oberteil montiert und bilden dadurch eine solide Einheit. Durch diese massive Bauweise wurde die Genauigkeit beim Sch\u00e4rfen deutlich verbessert.<\/p>\n<p>Der Motor ist f\u00fcr einen jeweils 30-min\u00fctigen ununterbrochenen Betrieb ausgelegt. Dies ist normalerweise mehr als ausreichend f\u00fcr den Privatgebrauch, aber wenn Ihr Schleifbedarf h\u00f6her ist, sollten Sie die Anschaffung eines der gr\u00f6\u00dferen <strong><a href=\"https:\/\/www.franz-stadlhofer.at\/shop\/produkt\/nassschleifmaschine-t-8\/\">Tormek-Modelle (T-8)<\/a><\/strong> in Erw\u00e4gung ziehen, da diese f\u00fcr den Dauerbetrieb ausgelegt sind.<\/p>\n<p>Zum Lieferumfang der Tormek T-4 geh\u00f6ren der <a title=\"SP-650 Steinpr\u00e4parierer\" href=\"https:\/\/www.franz-stadlhofer.at\/shop\/produkt\/steinpraparierer-grob-fein-sp-650\/\" target=\"_blank\" rel=\"noopener\"><strong>Steinpr\u00e4parierer (SP-650)<\/strong><\/a>, die <strong><a title=\"WM-200 Winkellehre\" href=\"https:\/\/www.franz-stadlhofer.at\/shop\/produkt\/winkellehre-wm-200\/\" target=\"_blank\" rel=\"noopener\">Winkellehre (WM-200<\/a>)<\/strong>, die <strong><a title=\"PA-70 Abziehpaste\" href=\"https:\/\/www.franz-stadlhofer.at\/shop\/produkt\/abziehpaste-fur-lederabziehscheibe-pa-70\/\">Abziehpaste (PA-70)<\/a><\/strong>, der Schneidenmarkierer (EM-15) zum Einf\u00e4rben der Fase beim Einstellen des Schneidenwinkels und das <a title=\"HB-10 Handbuch\" href=\"https:\/\/www.franz-stadlhofer.at\/shop\/produkt\/handbuch-hb-10\/\">Tormek-Handbuch<\/a> zum Thema Schleifen. Konfigurieren Sie Ihre T-4 mit den <strong><a href=\"https:\/\/www.franz-stadlhofer.at\/shop\/produkt-kategorie\/werkzeuge\/schleifen-scharfen\/nass-schleifen\/schleifvorrichtungen\/\" target=\"_blank\" rel=\"noopener\">Vorrichtungen<\/a><\/strong> f\u00fcr die Werkzeuge, die Sie schleifen m\u00f6chten (separat erh\u00e4ltlich).<\/p>\n<p><strong><a title=\"Datenblatt T-4\" href=\"https:\/\/www.franz-stadlhofer.at\/shop\/wp-content\/uploads\/2020\/12\/T-4_Datenblatt_01.pdf\" target=\"_blank\" rel=\"noopener noreferrer\">Datenblatt<\/a><\/strong><\/p>\n<p><a href=\"https:\/\/www.youtube.com\/watch?v=I9ZC906Zka0&amp;t\" target=\"_blank\" rel=\"noopener\"><strong>Tormek T-4 Anwendungsfilm (06:56 min)<\/strong><\/a><\/p>\n<p><span style=\"color: #ff0000;\"><strong>Mit TOP-Anleitung zum Spitzen-Schliff: Lernen Sie alle Teile des Tormek-Systems kennen und \u00fcben Sie den optimalen Einsatz in unseren <a href=\"https:\/\/www.franz-stadlhofer.at\/kursthema\/schleifen-schaerfen\/\" target=\"_blank\" rel=\"noopener\">SCHLEIFKURSEN<\/a>.<\/strong><\/span><\/p>\n<\/div><\/div><\/div><\/div><\/div>\n","protected":false},"excerpt":{"rendered":"","protected":false},"featured_media":29766,"template":"","meta":[],"product_brand":[806],"product_cat":[785,767,758,763],"product_tag":[],"class_list":{"0":"post-21930","1":"product","2":"type-product","3":"status-publish","4":"has-post-thumbnail","6":"product_brand-tormek","7":"product_cat-maschinen-und-zubehorpakete","8":"product_cat-nass-schleifen","9":"product_cat-werkzeuge","10":"product_cat-schleifen-scharfen","12":"first","13":"instock","14":"sale","15":"taxable","16":"shipping-taxable","17":"purchasable","18":"product-type-simple"},"barcode":null,"atum_controlled":true,"out_stock_date":null,"out_stock_threshold":null,"inheritable":false,"stock_on_hold":0,"sold_today":0,"sales_last_days":0,"reserved_stock":0,"customer_returns":0,"warehouse_damage":0,"lost_in_post":0,"other_logs":0,"out_stock_days":0,"lost_sales":0,"update_date":"2026-05-06T00:06:37","atum_locations":[],"atum_stock_status":"instock","restock_status":false,"low_stock_amount":"","sales_update_date":"2026-05-06T00:06:37","calc_backorders":null,"yoast_head":"<!-- This site is optimized with the Yoast SEO plugin v27.4 - https:\/\/yoast.com\/product\/yoast-seo-wordpress\/ -->\n<title>Nassschleifmaschine T-4<\/title>\n<meta name=\"description\" content=\"Die TORMEK T-4 ist eine Weiterentwicklung des Modells T-3 welche Pr\u00e4zision und Stabilit\u00e4t auf ein v\u00f6llig neues Niveau bringt. Vertikal- sowie Horizontalhalter f\u00fcr die Universalst\u00fctze und der integrierte Tragegriff sind in einem einzigen St\u00fcck aus Zinkguss gefertigt. Motor und Hauptwelle sind am gegossenem Oberteil montiert und bilden dadurch eine solide Einheit. Durch diese massive Bauweise wurde die Genauigkeit beim Sch\u00e4rfen deutlich verbessert. Datenblatt Gegen\u00fcberstellung der TORMEK Modelle\" \/>\n<meta name=\"robots\" content=\"index, follow, max-snippet:-1, max-image-preview:large, max-video-preview:-1\" \/>\n<link rel=\"canonical\" href=\"https:\/\/www.franz-stadlhofer.at\/shop\/produkt\/nassschleifmaschine-t-4\/\" \/>\n<meta property=\"og:locale\" content=\"de_DE\" \/>\n<meta property=\"og:type\" content=\"article\" \/>\n<meta property=\"og:title\" content=\"Nassschleifmaschine T-4\" \/>\n<meta property=\"og:description\" content=\"Die TORMEK T-4 ist eine Weiterentwicklung des Modells T-3 welche Pr\u00e4zision und Stabilit\u00e4t auf ein v\u00f6llig neues Niveau bringt. Vertikal- sowie Horizontalhalter f\u00fcr die Universalst\u00fctze und der integrierte Tragegriff sind in einem einzigen St\u00fcck aus Zinkguss gefertigt. Motor und Hauptwelle sind am gegossenem Oberteil montiert und bilden dadurch eine solide Einheit. Durch diese massive Bauweise wurde die Genauigkeit beim Sch\u00e4rfen deutlich verbessert. Datenblatt Gegen\u00fcberstellung der TORMEK Modelle\" \/>\n<meta property=\"og:url\" content=\"https:\/\/www.franz-stadlhofer.at\/shop\/produkt\/nassschleifmaschine-t-4\/\" \/>\n<meta property=\"og:site_name\" content=\"Schnitzstube Stadlhofer Shop\" \/>\n<meta property=\"article:modified_time\" content=\"2026-02-18T10:49:34+00:00\" \/>\n<meta property=\"og:image\" content=\"https:\/\/www.franz-stadlhofer.at\/shop\/wp-content\/uploads\/2014\/11\/Tormek-T-4.jpg\" \/>\n\t<meta property=\"og:image:width\" content=\"945\" \/>\n\t<meta property=\"og:image:height\" content=\"945\" \/>\n\t<meta property=\"og:image:type\" content=\"image\/jpeg\" \/>\n<meta name=\"twitter:card\" content=\"summary_large_image\" \/>\n<meta name=\"twitter:label1\" content=\"Gesch\u00e4tzte Lesezeit\" \/>\n\t<meta name=\"twitter:data1\" content=\"2\u00a0Minuten\" \/>\n<script type=\"application\/ld+json\" class=\"yoast-schema-graph\">{\"@context\":\"https:\\\/\\\/schema.org\",\"@graph\":[{\"@type\":\"WebPage\",\"@id\":\"https:\\\/\\\/www.franz-stadlhofer.at\\\/shop\\\/produkt\\\/nassschleifmaschine-t-4\\\/\",\"url\":\"https:\\\/\\\/www.franz-stadlhofer.at\\\/shop\\\/produkt\\\/nassschleifmaschine-t-4\\\/\",\"name\":\"Nassschleifmaschine T-4\",\"isPartOf\":{\"@id\":\"https:\\\/\\\/www.franz-stadlhofer.at\\\/shop\\\/#website\"},\"primaryImageOfPage\":{\"@id\":\"https:\\\/\\\/www.franz-stadlhofer.at\\\/shop\\\/produkt\\\/nassschleifmaschine-t-4\\\/#primaryimage\"},\"image\":{\"@id\":\"https:\\\/\\\/www.franz-stadlhofer.at\\\/shop\\\/produkt\\\/nassschleifmaschine-t-4\\\/#primaryimage\"},\"thumbnailUrl\":\"https:\\\/\\\/www.franz-stadlhofer.at\\\/shop\\\/wp-content\\\/uploads\\\/2014\\\/11\\\/Tormek-T-4.jpg\",\"datePublished\":\"2014-11-08T19:10:17+00:00\",\"dateModified\":\"2026-02-18T10:49:34+00:00\",\"description\":\"Die TORMEK T-4 ist eine Weiterentwicklung des Modells T-3 welche Pr\u00e4zision und Stabilit\u00e4t auf ein v\u00f6llig neues Niveau bringt. Vertikal- sowie Horizontalhalter f\u00fcr die Universalst\u00fctze und der integrierte Tragegriff sind in einem einzigen St\u00fcck aus Zinkguss gefertigt. Motor und Hauptwelle sind am gegossenem Oberteil montiert und bilden dadurch eine solide Einheit. Durch diese massive Bauweise wurde die Genauigkeit beim Sch\u00e4rfen deutlich verbessert. Datenblatt Gegen\u00fcberstellung der TORMEK Modelle\",\"breadcrumb\":{\"@id\":\"https:\\\/\\\/www.franz-stadlhofer.at\\\/shop\\\/produkt\\\/nassschleifmaschine-t-4\\\/#breadcrumb\"},\"inLanguage\":\"de\",\"potentialAction\":[{\"@type\":\"ReadAction\",\"target\":[\"https:\\\/\\\/www.franz-stadlhofer.at\\\/shop\\\/produkt\\\/nassschleifmaschine-t-4\\\/\"]}]},{\"@type\":\"ImageObject\",\"inLanguage\":\"de\",\"@id\":\"https:\\\/\\\/www.franz-stadlhofer.at\\\/shop\\\/produkt\\\/nassschleifmaschine-t-4\\\/#primaryimage\",\"url\":\"https:\\\/\\\/www.franz-stadlhofer.at\\\/shop\\\/wp-content\\\/uploads\\\/2014\\\/11\\\/Tormek-T-4.jpg\",\"contentUrl\":\"https:\\\/\\\/www.franz-stadlhofer.at\\\/shop\\\/wp-content\\\/uploads\\\/2014\\\/11\\\/Tormek-T-4.jpg\",\"width\":945,\"height\":945,\"caption\":\"Tormek T-4 - Schnitzstube Stadlhofer\"},{\"@type\":\"BreadcrumbList\",\"@id\":\"https:\\\/\\\/www.franz-stadlhofer.at\\\/shop\\\/produkt\\\/nassschleifmaschine-t-4\\\/#breadcrumb\",\"itemListElement\":[{\"@type\":\"ListItem\",\"position\":1,\"name\":\"Startseite\",\"item\":\"https:\\\/\\\/www.franz-stadlhofer.at\\\/shop\\\/\"},{\"@type\":\"ListItem\",\"position\":2,\"name\":\"Produkte\",\"item\":\"https:\\\/\\\/www.franz-stadlhofer.at\\\/shop\\\/shop\\\/\"},{\"@type\":\"ListItem\",\"position\":3,\"name\":\"Nassschleifmaschine T-4\"}]},{\"@type\":\"WebSite\",\"@id\":\"https:\\\/\\\/www.franz-stadlhofer.at\\\/shop\\\/#website\",\"url\":\"https:\\\/\\\/www.franz-stadlhofer.at\\\/shop\\\/\",\"name\":\"Schnitzstube Stadlhofer Shop\",\"description\":\"Holzschnitzen Onlineshop\",\"publisher\":{\"@id\":\"https:\\\/\\\/www.franz-stadlhofer.at\\\/shop\\\/#organization\"},\"potentialAction\":[{\"@type\":\"SearchAction\",\"target\":{\"@type\":\"EntryPoint\",\"urlTemplate\":\"https:\\\/\\\/www.franz-stadlhofer.at\\\/shop\\\/?s={search_term_string}\"},\"query-input\":{\"@type\":\"PropertyValueSpecification\",\"valueRequired\":true,\"valueName\":\"search_term_string\"}}],\"inLanguage\":\"de\"},{\"@type\":\"Organization\",\"@id\":\"https:\\\/\\\/www.franz-stadlhofer.at\\\/shop\\\/#organization\",\"name\":\"Schnitzstube Stadlhofer Shop\",\"url\":\"https:\\\/\\\/www.franz-stadlhofer.at\\\/shop\\\/\",\"logo\":{\"@type\":\"ImageObject\",\"inLanguage\":\"de\",\"@id\":\"https:\\\/\\\/www.franz-stadlhofer.at\\\/shop\\\/#\\\/schema\\\/logo\\\/image\\\/\",\"url\":\"https:\\\/\\\/www.franz-stadlhofer.at\\\/shop\\\/wp-content\\\/uploads\\\/2019\\\/10\\\/LOGO-2-RETINA.png\",\"contentUrl\":\"https:\\\/\\\/www.franz-stadlhofer.at\\\/shop\\\/wp-content\\\/uploads\\\/2019\\\/10\\\/LOGO-2-RETINA.png\",\"width\":471,\"height\":160,\"caption\":\"Schnitzstube Stadlhofer Shop\"},\"image\":{\"@id\":\"https:\\\/\\\/www.franz-stadlhofer.at\\\/shop\\\/#\\\/schema\\\/logo\\\/image\\\/\"}}]}<\/script>\n<!-- \/ Yoast SEO plugin. -->","yoast_head_json":{"title":"Nassschleifmaschine T-4","description":"Die TORMEK T-4 ist eine Weiterentwicklung des Modells T-3 welche Pr\u00e4zision und Stabilit\u00e4t auf ein v\u00f6llig neues Niveau bringt. Vertikal- sowie Horizontalhalter f\u00fcr die Universalst\u00fctze und der integrierte Tragegriff sind in einem einzigen St\u00fcck aus Zinkguss gefertigt. Motor und Hauptwelle sind am gegossenem Oberteil montiert und bilden dadurch eine solide Einheit. Durch diese massive Bauweise wurde die Genauigkeit beim Sch\u00e4rfen deutlich verbessert. Datenblatt Gegen\u00fcberstellung der TORMEK Modelle","robots":{"index":"index","follow":"follow","max-snippet":"max-snippet:-1","max-image-preview":"max-image-preview:large","max-video-preview":"max-video-preview:-1"},"canonical":"https:\/\/www.franz-stadlhofer.at\/shop\/produkt\/nassschleifmaschine-t-4\/","og_locale":"de_DE","og_type":"article","og_title":"Nassschleifmaschine T-4","og_description":"Die TORMEK T-4 ist eine Weiterentwicklung des Modells T-3 welche Pr\u00e4zision und Stabilit\u00e4t auf ein v\u00f6llig neues Niveau bringt. Vertikal- sowie Horizontalhalter f\u00fcr die Universalst\u00fctze und der integrierte Tragegriff sind in einem einzigen St\u00fcck aus Zinkguss gefertigt. Motor und Hauptwelle sind am gegossenem Oberteil montiert und bilden dadurch eine solide Einheit. Durch diese massive Bauweise wurde die Genauigkeit beim Sch\u00e4rfen deutlich verbessert. Datenblatt Gegen\u00fcberstellung der TORMEK Modelle","og_url":"https:\/\/www.franz-stadlhofer.at\/shop\/produkt\/nassschleifmaschine-t-4\/","og_site_name":"Schnitzstube Stadlhofer Shop","article_modified_time":"2026-02-18T10:49:34+00:00","og_image":[{"width":945,"height":945,"url":"https:\/\/www.franz-stadlhofer.at\/shop\/wp-content\/uploads\/2014\/11\/Tormek-T-4.jpg","type":"image\/jpeg"}],"twitter_card":"summary_large_image","twitter_misc":{"Gesch\u00e4tzte Lesezeit":"2\u00a0Minuten"},"schema":{"@context":"https:\/\/schema.org","@graph":[{"@type":"WebPage","@id":"https:\/\/www.franz-stadlhofer.at\/shop\/produkt\/nassschleifmaschine-t-4\/","url":"https:\/\/www.franz-stadlhofer.at\/shop\/produkt\/nassschleifmaschine-t-4\/","name":"Nassschleifmaschine T-4","isPartOf":{"@id":"https:\/\/www.franz-stadlhofer.at\/shop\/#website"},"primaryImageOfPage":{"@id":"https:\/\/www.franz-stadlhofer.at\/shop\/produkt\/nassschleifmaschine-t-4\/#primaryimage"},"image":{"@id":"https:\/\/www.franz-stadlhofer.at\/shop\/produkt\/nassschleifmaschine-t-4\/#primaryimage"},"thumbnailUrl":"https:\/\/www.franz-stadlhofer.at\/shop\/wp-content\/uploads\/2014\/11\/Tormek-T-4.jpg","datePublished":"2014-11-08T19:10:17+00:00","dateModified":"2026-02-18T10:49:34+00:00","description":"Die TORMEK T-4 ist eine Weiterentwicklung des Modells T-3 welche Pr\u00e4zision und Stabilit\u00e4t auf ein v\u00f6llig neues Niveau bringt. Vertikal- sowie Horizontalhalter f\u00fcr die Universalst\u00fctze und der integrierte Tragegriff sind in einem einzigen St\u00fcck aus Zinkguss gefertigt. Motor und Hauptwelle sind am gegossenem Oberteil montiert und bilden dadurch eine solide Einheit. Durch diese massive Bauweise wurde die Genauigkeit beim Sch\u00e4rfen deutlich verbessert. Datenblatt Gegen\u00fcberstellung der TORMEK Modelle","breadcrumb":{"@id":"https:\/\/www.franz-stadlhofer.at\/shop\/produkt\/nassschleifmaschine-t-4\/#breadcrumb"},"inLanguage":"de","potentialAction":[{"@type":"ReadAction","target":["https:\/\/www.franz-stadlhofer.at\/shop\/produkt\/nassschleifmaschine-t-4\/"]}]},{"@type":"ImageObject","inLanguage":"de","@id":"https:\/\/www.franz-stadlhofer.at\/shop\/produkt\/nassschleifmaschine-t-4\/#primaryimage","url":"https:\/\/www.franz-stadlhofer.at\/shop\/wp-content\/uploads\/2014\/11\/Tormek-T-4.jpg","contentUrl":"https:\/\/www.franz-stadlhofer.at\/shop\/wp-content\/uploads\/2014\/11\/Tormek-T-4.jpg","width":945,"height":945,"caption":"Tormek T-4 - Schnitzstube Stadlhofer"},{"@type":"BreadcrumbList","@id":"https:\/\/www.franz-stadlhofer.at\/shop\/produkt\/nassschleifmaschine-t-4\/#breadcrumb","itemListElement":[{"@type":"ListItem","position":1,"name":"Startseite","item":"https:\/\/www.franz-stadlhofer.at\/shop\/"},{"@type":"ListItem","position":2,"name":"Produkte","item":"https:\/\/www.franz-stadlhofer.at\/shop\/shop\/"},{"@type":"ListItem","position":3,"name":"Nassschleifmaschine T-4"}]},{"@type":"WebSite","@id":"https:\/\/www.franz-stadlhofer.at\/shop\/#website","url":"https:\/\/www.franz-stadlhofer.at\/shop\/","name":"Schnitzstube Stadlhofer Shop","description":"Holzschnitzen Onlineshop","publisher":{"@id":"https:\/\/www.franz-stadlhofer.at\/shop\/#organization"},"potentialAction":[{"@type":"SearchAction","target":{"@type":"EntryPoint","urlTemplate":"https:\/\/www.franz-stadlhofer.at\/shop\/?s={search_term_string}"},"query-input":{"@type":"PropertyValueSpecification","valueRequired":true,"valueName":"search_term_string"}}],"inLanguage":"de"},{"@type":"Organization","@id":"https:\/\/www.franz-stadlhofer.at\/shop\/#organization","name":"Schnitzstube Stadlhofer Shop","url":"https:\/\/www.franz-stadlhofer.at\/shop\/","logo":{"@type":"ImageObject","inLanguage":"de","@id":"https:\/\/www.franz-stadlhofer.at\/shop\/#\/schema\/logo\/image\/","url":"https:\/\/www.franz-stadlhofer.at\/shop\/wp-content\/uploads\/2019\/10\/LOGO-2-RETINA.png","contentUrl":"https:\/\/www.franz-stadlhofer.at\/shop\/wp-content\/uploads\/2019\/10\/LOGO-2-RETINA.png","width":471,"height":160,"caption":"Schnitzstube Stadlhofer Shop"},"image":{"@id":"https:\/\/www.franz-stadlhofer.at\/shop\/#\/schema\/logo\/image\/"}}]}},"_links":{"self":[{"href":"https:\/\/www.franz-stadlhofer.at\/shop\/wp-json\/wp\/v2\/product\/21930","targetHints":{"allow":["GET"]}}],"collection":[{"href":"https:\/\/www.franz-stadlhofer.at\/shop\/wp-json\/wp\/v2\/product"}],"about":[{"href":"https:\/\/www.franz-stadlhofer.at\/shop\/wp-json\/wp\/v2\/types\/product"}],"wp:featuredmedia":[{"embeddable":true,"href":"https:\/\/www.franz-stadlhofer.at\/shop\/wp-json\/wp\/v2\/media\/29766"}],"wp:attachment":[{"href":"https:\/\/www.franz-stadlhofer.at\/shop\/wp-json\/wp\/v2\/media?parent=21930"}],"wp:term":[{"taxonomy":"product_brand","embeddable":true,"href":"https:\/\/www.franz-stadlhofer.at\/shop\/wp-json\/wp\/v2\/product_brand?post=21930"},{"taxonomy":"product_cat","embeddable":true,"href":"https:\/\/www.franz-stadlhofer.at\/shop\/wp-json\/wp\/v2\/product_cat?post=21930"},{"taxonomy":"product_tag","embeddable":true,"href":"https:\/\/www.franz-stadlhofer.at\/shop\/wp-json\/wp\/v2\/product_tag?post=21930"}],"curies":[{"name":"wp","href":"https:\/\/api.w.org\/{rel}","templated":true}]}}