{"id":21919,"date":"2024-04-24T18:35:53","date_gmt":"2024-04-24T16:35:53","guid":{"rendered":"https:\/\/www.franz-stadlhofer.at\/shop\/?post_type=product&#038;p=21919"},"modified":"2026-04-02T09:56:28","modified_gmt":"2026-04-02T07:56:28","slug":"brett-mit-rinde","status":"publish","type":"product","link":"https:\/\/www.franz-stadlhofer.at\/shop\/produkt\/brett-mit-rinde\/","title":{"rendered":"Brett mit Rinde"},"content":{"rendered":"<p>Diese Bretter zeichnen sich durch ihren besonderen Rand aus &#8211; durch die besondere Schl\u00e4gerungsart bleibt die Baumrinde vollst\u00e4ndig am Brett ohne sich zu l\u00f6sen. Damit verleiht sie dem Motiv einen besonders nat\u00fcrlichen, rustikalen Rahmen.<\/p>\n<p>In den Gr\u00f6\u00dfen 50 x 17, 60 x 20 und 80 x 22 verwenden wir es z.B. f\u00fcr die Madonna Darstellung in Flachschnitt.<br \/>\nIn der Gr\u00f6\u00dfe 56 x 33 verwenden wir das Brett z.B. f\u00fcr die teilweise freigestellte Sonnenblumen-Pendeluhr.<\/p>\n<p>Alle Bretter sind zwischen 22 und 25 mm stark.<\/p>\n","protected":false},"excerpt":{"rendered":"<p>Diese Bretter zeichnen sich durch ihren besonderen Rand aus &#8211; durch die besondere Schl\u00e4gerungsart bleibt die Baumrinde vollst\u00e4ndig am Brett ohne sich zu l\u00f6sen. Damit verleiht sie dem Motiv einen besonders nat\u00fcrlichen, rustikalen Rahmen. In  [&#8230;]<\/p>\n","protected":false},"featured_media":21928,"template":"","meta":[],"product_brand":[803],"product_cat":[760,759,1187],"product_tag":[1450,1516,1530,1535],"class_list":{"0":"post-21919","1":"product","2":"type-product","3":"status-publish","4":"has-post-thumbnail","6":"product_brand-schnitzstube-franz-stadlhofer","7":"product_cat-bretter","8":"product_cat-rohes-lindenholz","9":"product_cat-bretter-mit-rinde","10":"product_tag-schnitzholz","11":"product_tag-rohes-lindenholz","12":"product_tag-brett","13":"product_tag-brett-mit-rinde","14":"pa_grobe-40-x-30-cm","15":"pa_grobe-80-x-22-cm","16":"pa_grobe-50-x-17-cm","17":"pa_grobe-60-x-20-cm","18":"pa_grobe-47-x-40-cm","19":"pa_grobe-56-x-33-cm","21":"first","22":"instock","23":"taxable","24":"shipping-taxable","25":"purchasable","26":"product-type-variable"},"barcode":null,"atum_controlled":true,"out_stock_date":null,"out_stock_threshold":null,"inheritable":true,"stock_on_hold":0,"sold_today":0,"sales_last_days":0,"reserved_stock":0,"customer_returns":0,"warehouse_damage":0,"lost_in_post":0,"other_logs":0,"out_stock_days":0,"lost_sales":0,"update_date":"2026-05-15T00:10:57","atum_locations":[],"atum_stock_status":"instock","restock_status":false,"low_stock_amount":"","sales_update_date":"2026-05-15T00:10:57","calc_backorders":null,"yoast_head":"<!-- This site is optimized with the Yoast SEO plugin v27.5 - https:\/\/yoast.com\/product\/yoast-seo-wordpress\/ -->\n<title>... mit Rinde<\/title>\n<meta name=\"description\" content=\"Diese Bretter zeichnen sich durch ihren besonderen Rand aus - durch die besondere Schl\u00e4gerungsart bleibt die Baumrinde vollst\u00e4ndig am Brett ohne sich zu l\u00f6sen. s\" \/>\n<meta name=\"robots\" content=\"index, follow, max-snippet:-1, max-image-preview:large, max-video-preview:-1\" \/>\n<link rel=\"canonical\" href=\"https:\/\/www.franz-stadlhofer.at\/shop\/produkt\/brett-mit-rinde\/\" \/>\n<meta property=\"og:locale\" content=\"de_DE\" \/>\n<meta property=\"og:type\" content=\"article\" \/>\n<meta property=\"og:title\" content=\"... mit Rinde\" \/>\n<meta property=\"og:description\" content=\"Diese Bretter zeichnen sich durch ihren besonderen Rand aus - durch die besondere Schl\u00e4gerungsart bleibt die Baumrinde vollst\u00e4ndig am Brett ohne sich zu l\u00f6sen. s\" \/>\n<meta property=\"og:url\" content=\"https:\/\/www.franz-stadlhofer.at\/shop\/produkt\/brett-mit-rinde\/\" \/>\n<meta property=\"og:site_name\" content=\"Schnitzstube Stadlhofer Shop\" \/>\n<meta property=\"article:modified_time\" content=\"2026-04-02T07:56:28+00:00\" \/>\n<meta property=\"og:image\" content=\"https:\/\/www.franz-stadlhofer.at\/shop\/wp-content\/uploads\/2014\/11\/products-Brett_mit_Rinde_neu.jpg\" \/>\n\t<meta property=\"og:image:width\" content=\"945\" \/>\n\t<meta property=\"og:image:height\" content=\"945\" \/>\n\t<meta property=\"og:image:type\" content=\"image\/jpeg\" \/>\n<meta name=\"twitter:card\" content=\"summary_large_image\" \/>\n<script type=\"application\/ld+json\" class=\"yoast-schema-graph\">{\"@context\":\"https:\\\/\\\/schema.org\",\"@graph\":[{\"@type\":\"WebPage\",\"@id\":\"https:\\\/\\\/www.franz-stadlhofer.at\\\/shop\\\/produkt\\\/brett-mit-rinde\\\/\",\"url\":\"https:\\\/\\\/www.franz-stadlhofer.at\\\/shop\\\/produkt\\\/brett-mit-rinde\\\/\",\"name\":\"... mit Rinde\",\"isPartOf\":{\"@id\":\"https:\\\/\\\/www.franz-stadlhofer.at\\\/shop\\\/#website\"},\"primaryImageOfPage\":{\"@id\":\"https:\\\/\\\/www.franz-stadlhofer.at\\\/shop\\\/produkt\\\/brett-mit-rinde\\\/#primaryimage\"},\"image\":{\"@id\":\"https:\\\/\\\/www.franz-stadlhofer.at\\\/shop\\\/produkt\\\/brett-mit-rinde\\\/#primaryimage\"},\"thumbnailUrl\":\"https:\\\/\\\/www.franz-stadlhofer.at\\\/shop\\\/wp-content\\\/uploads\\\/2014\\\/11\\\/products-Brett_mit_Rinde_neu.jpg\",\"datePublished\":\"2024-04-24T16:35:53+00:00\",\"dateModified\":\"2026-04-02T07:56:28+00:00\",\"description\":\"Diese Bretter zeichnen sich durch ihren besonderen Rand aus - durch die besondere Schl\u00e4gerungsart bleibt die Baumrinde vollst\u00e4ndig am Brett ohne sich zu l\u00f6sen. s\",\"breadcrumb\":{\"@id\":\"https:\\\/\\\/www.franz-stadlhofer.at\\\/shop\\\/produkt\\\/brett-mit-rinde\\\/#breadcrumb\"},\"inLanguage\":\"de\",\"potentialAction\":[{\"@type\":\"ReadAction\",\"target\":[\"https:\\\/\\\/www.franz-stadlhofer.at\\\/shop\\\/produkt\\\/brett-mit-rinde\\\/\"]}]},{\"@type\":\"ImageObject\",\"inLanguage\":\"de\",\"@id\":\"https:\\\/\\\/www.franz-stadlhofer.at\\\/shop\\\/produkt\\\/brett-mit-rinde\\\/#primaryimage\",\"url\":\"https:\\\/\\\/www.franz-stadlhofer.at\\\/shop\\\/wp-content\\\/uploads\\\/2014\\\/11\\\/products-Brett_mit_Rinde_neu.jpg\",\"contentUrl\":\"https:\\\/\\\/www.franz-stadlhofer.at\\\/shop\\\/wp-content\\\/uploads\\\/2014\\\/11\\\/products-Brett_mit_Rinde_neu.jpg\",\"width\":\"945\",\"height\":\"945\",\"caption\":\"Brett mit Rinde Lindenholz roh - Schnitzstube Stadlhofer Shop\"},{\"@type\":\"BreadcrumbList\",\"@id\":\"https:\\\/\\\/www.franz-stadlhofer.at\\\/shop\\\/produkt\\\/brett-mit-rinde\\\/#breadcrumb\",\"itemListElement\":[{\"@type\":\"ListItem\",\"position\":1,\"name\":\"Startseite\",\"item\":\"https:\\\/\\\/www.franz-stadlhofer.at\\\/shop\\\/\"},{\"@type\":\"ListItem\",\"position\":2,\"name\":\"Produkte\",\"item\":\"https:\\\/\\\/www.franz-stadlhofer.at\\\/shop\\\/shop\\\/\"},{\"@type\":\"ListItem\",\"position\":3,\"name\":\"Brett mit Rinde\"}]},{\"@type\":\"WebSite\",\"@id\":\"https:\\\/\\\/www.franz-stadlhofer.at\\\/shop\\\/#website\",\"url\":\"https:\\\/\\\/www.franz-stadlhofer.at\\\/shop\\\/\",\"name\":\"Schnitzstube Stadlhofer Shop\",\"description\":\"Holzschnitzen Onlineshop\",\"publisher\":{\"@id\":\"https:\\\/\\\/www.franz-stadlhofer.at\\\/shop\\\/#organization\"},\"potentialAction\":[{\"@type\":\"SearchAction\",\"target\":{\"@type\":\"EntryPoint\",\"urlTemplate\":\"https:\\\/\\\/www.franz-stadlhofer.at\\\/shop\\\/?s={search_term_string}\"},\"query-input\":{\"@type\":\"PropertyValueSpecification\",\"valueRequired\":true,\"valueName\":\"search_term_string\"}}],\"inLanguage\":\"de\"},{\"@type\":\"Organization\",\"@id\":\"https:\\\/\\\/www.franz-stadlhofer.at\\\/shop\\\/#organization\",\"name\":\"Schnitzstube Stadlhofer Shop\",\"url\":\"https:\\\/\\\/www.franz-stadlhofer.at\\\/shop\\\/\",\"logo\":{\"@type\":\"ImageObject\",\"inLanguage\":\"de\",\"@id\":\"https:\\\/\\\/www.franz-stadlhofer.at\\\/shop\\\/#\\\/schema\\\/logo\\\/image\\\/\",\"url\":\"https:\\\/\\\/www.franz-stadlhofer.at\\\/shop\\\/wp-content\\\/uploads\\\/2019\\\/10\\\/LOGO-2-RETINA.png\",\"contentUrl\":\"https:\\\/\\\/www.franz-stadlhofer.at\\\/shop\\\/wp-content\\\/uploads\\\/2019\\\/10\\\/LOGO-2-RETINA.png\",\"width\":471,\"height\":160,\"caption\":\"Schnitzstube Stadlhofer Shop\"},\"image\":{\"@id\":\"https:\\\/\\\/www.franz-stadlhofer.at\\\/shop\\\/#\\\/schema\\\/logo\\\/image\\\/\"}}]}<\/script>\n<!-- \/ Yoast SEO plugin. -->","yoast_head_json":{"title":"... mit Rinde","description":"Diese Bretter zeichnen sich durch ihren besonderen Rand aus - durch die besondere Schl\u00e4gerungsart bleibt die Baumrinde vollst\u00e4ndig am Brett ohne sich zu l\u00f6sen. s","robots":{"index":"index","follow":"follow","max-snippet":"max-snippet:-1","max-image-preview":"max-image-preview:large","max-video-preview":"max-video-preview:-1"},"canonical":"https:\/\/www.franz-stadlhofer.at\/shop\/produkt\/brett-mit-rinde\/","og_locale":"de_DE","og_type":"article","og_title":"... mit Rinde","og_description":"Diese Bretter zeichnen sich durch ihren besonderen Rand aus - durch die besondere Schl\u00e4gerungsart bleibt die Baumrinde vollst\u00e4ndig am Brett ohne sich zu l\u00f6sen. s","og_url":"https:\/\/www.franz-stadlhofer.at\/shop\/produkt\/brett-mit-rinde\/","og_site_name":"Schnitzstube Stadlhofer Shop","article_modified_time":"2026-04-02T07:56:28+00:00","og_image":[{"width":945,"height":945,"url":"https:\/\/www.franz-stadlhofer.at\/shop\/wp-content\/uploads\/2014\/11\/products-Brett_mit_Rinde_neu.jpg","type":"image\/jpeg"}],"twitter_card":"summary_large_image","schema":{"@context":"https:\/\/schema.org","@graph":[{"@type":"WebPage","@id":"https:\/\/www.franz-stadlhofer.at\/shop\/produkt\/brett-mit-rinde\/","url":"https:\/\/www.franz-stadlhofer.at\/shop\/produkt\/brett-mit-rinde\/","name":"... mit Rinde","isPartOf":{"@id":"https:\/\/www.franz-stadlhofer.at\/shop\/#website"},"primaryImageOfPage":{"@id":"https:\/\/www.franz-stadlhofer.at\/shop\/produkt\/brett-mit-rinde\/#primaryimage"},"image":{"@id":"https:\/\/www.franz-stadlhofer.at\/shop\/produkt\/brett-mit-rinde\/#primaryimage"},"thumbnailUrl":"https:\/\/www.franz-stadlhofer.at\/shop\/wp-content\/uploads\/2014\/11\/products-Brett_mit_Rinde_neu.jpg","datePublished":"2024-04-24T16:35:53+00:00","dateModified":"2026-04-02T07:56:28+00:00","description":"Diese Bretter zeichnen sich durch ihren besonderen Rand aus - durch die besondere Schl\u00e4gerungsart bleibt die Baumrinde vollst\u00e4ndig am Brett ohne sich zu l\u00f6sen. s","breadcrumb":{"@id":"https:\/\/www.franz-stadlhofer.at\/shop\/produkt\/brett-mit-rinde\/#breadcrumb"},"inLanguage":"de","potentialAction":[{"@type":"ReadAction","target":["https:\/\/www.franz-stadlhofer.at\/shop\/produkt\/brett-mit-rinde\/"]}]},{"@type":"ImageObject","inLanguage":"de","@id":"https:\/\/www.franz-stadlhofer.at\/shop\/produkt\/brett-mit-rinde\/#primaryimage","url":"https:\/\/www.franz-stadlhofer.at\/shop\/wp-content\/uploads\/2014\/11\/products-Brett_mit_Rinde_neu.jpg","contentUrl":"https:\/\/www.franz-stadlhofer.at\/shop\/wp-content\/uploads\/2014\/11\/products-Brett_mit_Rinde_neu.jpg","width":"945","height":"945","caption":"Brett mit Rinde Lindenholz roh - Schnitzstube Stadlhofer Shop"},{"@type":"BreadcrumbList","@id":"https:\/\/www.franz-stadlhofer.at\/shop\/produkt\/brett-mit-rinde\/#breadcrumb","itemListElement":[{"@type":"ListItem","position":1,"name":"Startseite","item":"https:\/\/www.franz-stadlhofer.at\/shop\/"},{"@type":"ListItem","position":2,"name":"Produkte","item":"https:\/\/www.franz-stadlhofer.at\/shop\/shop\/"},{"@type":"ListItem","position":3,"name":"Brett mit Rinde"}]},{"@type":"WebSite","@id":"https:\/\/www.franz-stadlhofer.at\/shop\/#website","url":"https:\/\/www.franz-stadlhofer.at\/shop\/","name":"Schnitzstube Stadlhofer Shop","description":"Holzschnitzen Onlineshop","publisher":{"@id":"https:\/\/www.franz-stadlhofer.at\/shop\/#organization"},"potentialAction":[{"@type":"SearchAction","target":{"@type":"EntryPoint","urlTemplate":"https:\/\/www.franz-stadlhofer.at\/shop\/?s={search_term_string}"},"query-input":{"@type":"PropertyValueSpecification","valueRequired":true,"valueName":"search_term_string"}}],"inLanguage":"de"},{"@type":"Organization","@id":"https:\/\/www.franz-stadlhofer.at\/shop\/#organization","name":"Schnitzstube Stadlhofer Shop","url":"https:\/\/www.franz-stadlhofer.at\/shop\/","logo":{"@type":"ImageObject","inLanguage":"de","@id":"https:\/\/www.franz-stadlhofer.at\/shop\/#\/schema\/logo\/image\/","url":"https:\/\/www.franz-stadlhofer.at\/shop\/wp-content\/uploads\/2019\/10\/LOGO-2-RETINA.png","contentUrl":"https:\/\/www.franz-stadlhofer.at\/shop\/wp-content\/uploads\/2019\/10\/LOGO-2-RETINA.png","width":471,"height":160,"caption":"Schnitzstube Stadlhofer Shop"},"image":{"@id":"https:\/\/www.franz-stadlhofer.at\/shop\/#\/schema\/logo\/image\/"}}]}},"_links":{"self":[{"href":"https:\/\/www.franz-stadlhofer.at\/shop\/wp-json\/wp\/v2\/product\/21919","targetHints":{"allow":["GET"]}}],"collection":[{"href":"https:\/\/www.franz-stadlhofer.at\/shop\/wp-json\/wp\/v2\/product"}],"about":[{"href":"https:\/\/www.franz-stadlhofer.at\/shop\/wp-json\/wp\/v2\/types\/product"}],"wp:featuredmedia":[{"embeddable":true,"href":"https:\/\/www.franz-stadlhofer.at\/shop\/wp-json\/wp\/v2\/media\/21928"}],"wp:attachment":[{"href":"https:\/\/www.franz-stadlhofer.at\/shop\/wp-json\/wp\/v2\/media?parent=21919"}],"wp:term":[{"taxonomy":"product_brand","embeddable":true,"href":"https:\/\/www.franz-stadlhofer.at\/shop\/wp-json\/wp\/v2\/product_brand?post=21919"},{"taxonomy":"product_cat","embeddable":true,"href":"https:\/\/www.franz-stadlhofer.at\/shop\/wp-json\/wp\/v2\/product_cat?post=21919"},{"taxonomy":"product_tag","embeddable":true,"href":"https:\/\/www.franz-stadlhofer.at\/shop\/wp-json\/wp\/v2\/product_tag?post=21919"}],"curies":[{"name":"wp","href":"https:\/\/api.w.org\/{rel}","templated":true}]}}