{"id":21700,"date":"2014-08-10T14:31:02","date_gmt":"2014-08-10T12:31:02","guid":{"rendered":"https:\/\/www.franz-stadlhofer.at\/shop\/?post_type=product&#038;p=21700"},"modified":"2024-11-07T15:02:30","modified_gmt":"2024-11-07T14:02:30","slug":"maria","status":"publish","type":"product","link":"https:\/\/www.franz-stadlhofer.at\/shop\/produkt\/maria\/","title":{"rendered":"Maria"},"content":{"rendered":"<p>Diese 10 cm gro\u00dfen Krippenfiguren werden im ber\u00fchmten s\u00fcdtiroler Gr\u00f6dnertal von der Firma<strong> ALRA<\/strong> aus Ahornholz hergestellt und in liebevoller Handarbeit bemalt. Die detailgenaue Ausarbeitung macht diese Figuren zu beliebten Sammlerst\u00fccken.<\/p>\n","protected":false},"excerpt":{"rendered":"<p>Diese 10 cm gro\u00dfen Krippenfiguren werden im ber\u00fchmten s\u00fcdtiroler Gr\u00f6dnertal von der Firma ALRA aus Ahornholz hergestellt und in liebevoller Handarbeit bemalt. Die detailgenaue Ausarbeitung macht diese Figuren zu beliebten Sammlerst\u00fccken.<\/p>\n","protected":false},"featured_media":21707,"template":"","meta":[],"product_brand":[804],"product_cat":[774],"product_tag":[873,1218,1219],"class_list":{"0":"post-21700","1":"product","2":"type-product","3":"status-publish","4":"has-post-thumbnail","6":"product_brand-alra","7":"product_cat-krippenfiguren","8":"product_tag-heilige-familie","9":"product_tag-krippenfigur","10":"product_tag-alra","12":"first","13":"instock","14":"sale","15":"taxable","16":"shipping-taxable","17":"purchasable","18":"product-type-simple"},"barcode":null,"atum_controlled":true,"out_stock_date":null,"out_stock_threshold":null,"inheritable":false,"stock_on_hold":0,"sold_today":0,"sales_last_days":0,"reserved_stock":0,"customer_returns":0,"warehouse_damage":0,"lost_in_post":0,"other_logs":0,"out_stock_days":0,"lost_sales":0,"update_date":"2026-05-04T00:05:57","atum_locations":[],"atum_stock_status":"instock","restock_status":false,"low_stock_amount":"","sales_update_date":"2026-05-04T00:05:57","calc_backorders":null,"yoast_head":"<!-- This site is optimized with the Yoast SEO plugin v27.4 - https:\/\/yoast.com\/product\/yoast-seo-wordpress\/ -->\n<title>Maria<\/title>\n<meta name=\"robots\" content=\"index, follow, max-snippet:-1, max-image-preview:large, max-video-preview:-1\" \/>\n<link rel=\"canonical\" href=\"https:\/\/www.franz-stadlhofer.at\/shop\/produkt\/maria\/\" \/>\n<meta property=\"og:locale\" content=\"de_DE\" \/>\n<meta property=\"og:type\" content=\"article\" \/>\n<meta property=\"og:title\" content=\"Maria\" \/>\n<meta property=\"og:description\" content=\"Diese 10 cm gro\u00dfen Krippenfiguren werden im ber\u00fchmten s\u00fcdtiroler Gr\u00f6dnertal von der Firma ALRA aus Ahornholz hergestellt und in liebevoller Handarbeit bemalt. Die detailgenaue Ausarbeitung macht diese Figuren zu beliebten Sammlerst\u00fccken.\" \/>\n<meta property=\"og:url\" content=\"https:\/\/www.franz-stadlhofer.at\/shop\/produkt\/maria\/\" \/>\n<meta property=\"og:site_name\" content=\"Schnitzstube Stadlhofer Shop\" \/>\n<meta property=\"article:modified_time\" content=\"2024-11-07T14:02:30+00:00\" \/>\n<meta property=\"og:image\" content=\"https:\/\/www.franz-stadlhofer.at\/shop\/wp-content\/uploads\/2014\/08\/products-401-Maria_4db29890-4ae4-450b-9b98-f94ce5c74787.jpeg\" \/>\n\t<meta property=\"og:image:width\" content=\"2048\" \/>\n\t<meta property=\"og:image:height\" content=\"2048\" \/>\n\t<meta property=\"og:image:type\" content=\"image\/jpeg\" \/>\n<meta name=\"twitter:card\" content=\"summary_large_image\" \/>\n<script type=\"application\/ld+json\" class=\"yoast-schema-graph\">{\"@context\":\"https:\\\/\\\/schema.org\",\"@graph\":[{\"@type\":\"WebPage\",\"@id\":\"https:\\\/\\\/www.franz-stadlhofer.at\\\/shop\\\/produkt\\\/maria\\\/\",\"url\":\"https:\\\/\\\/www.franz-stadlhofer.at\\\/shop\\\/produkt\\\/maria\\\/\",\"name\":\"Maria\",\"isPartOf\":{\"@id\":\"https:\\\/\\\/www.franz-stadlhofer.at\\\/shop\\\/#website\"},\"primaryImageOfPage\":{\"@id\":\"https:\\\/\\\/www.franz-stadlhofer.at\\\/shop\\\/produkt\\\/maria\\\/#primaryimage\"},\"image\":{\"@id\":\"https:\\\/\\\/www.franz-stadlhofer.at\\\/shop\\\/produkt\\\/maria\\\/#primaryimage\"},\"thumbnailUrl\":\"https:\\\/\\\/www.franz-stadlhofer.at\\\/shop\\\/wp-content\\\/uploads\\\/2014\\\/08\\\/products-401-Maria_4db29890-4ae4-450b-9b98-f94ce5c74787.jpeg\",\"datePublished\":\"2014-08-10T12:31:02+00:00\",\"dateModified\":\"2024-11-07T14:02:30+00:00\",\"breadcrumb\":{\"@id\":\"https:\\\/\\\/www.franz-stadlhofer.at\\\/shop\\\/produkt\\\/maria\\\/#breadcrumb\"},\"inLanguage\":\"de\",\"potentialAction\":[{\"@type\":\"ReadAction\",\"target\":[\"https:\\\/\\\/www.franz-stadlhofer.at\\\/shop\\\/produkt\\\/maria\\\/\"]}]},{\"@type\":\"ImageObject\",\"inLanguage\":\"de\",\"@id\":\"https:\\\/\\\/www.franz-stadlhofer.at\\\/shop\\\/produkt\\\/maria\\\/#primaryimage\",\"url\":\"https:\\\/\\\/www.franz-stadlhofer.at\\\/shop\\\/wp-content\\\/uploads\\\/2014\\\/08\\\/products-401-Maria_4db29890-4ae4-450b-9b98-f94ce5c74787.jpeg\",\"contentUrl\":\"https:\\\/\\\/www.franz-stadlhofer.at\\\/shop\\\/wp-content\\\/uploads\\\/2014\\\/08\\\/products-401-Maria_4db29890-4ae4-450b-9b98-f94ce5c74787.jpeg\",\"width\":\"2048\",\"height\":\"2048\",\"caption\":\"ALRA Maria - Schnitzstube Stadlhofer Shop\"},{\"@type\":\"BreadcrumbList\",\"@id\":\"https:\\\/\\\/www.franz-stadlhofer.at\\\/shop\\\/produkt\\\/maria\\\/#breadcrumb\",\"itemListElement\":[{\"@type\":\"ListItem\",\"position\":1,\"name\":\"Startseite\",\"item\":\"https:\\\/\\\/www.franz-stadlhofer.at\\\/shop\\\/\"},{\"@type\":\"ListItem\",\"position\":2,\"name\":\"Produkte\",\"item\":\"https:\\\/\\\/www.franz-stadlhofer.at\\\/shop\\\/shop\\\/\"},{\"@type\":\"ListItem\",\"position\":3,\"name\":\"Maria\"}]},{\"@type\":\"WebSite\",\"@id\":\"https:\\\/\\\/www.franz-stadlhofer.at\\\/shop\\\/#website\",\"url\":\"https:\\\/\\\/www.franz-stadlhofer.at\\\/shop\\\/\",\"name\":\"Schnitzstube Stadlhofer Shop\",\"description\":\"Holzschnitzen Onlineshop\",\"publisher\":{\"@id\":\"https:\\\/\\\/www.franz-stadlhofer.at\\\/shop\\\/#organization\"},\"potentialAction\":[{\"@type\":\"SearchAction\",\"target\":{\"@type\":\"EntryPoint\",\"urlTemplate\":\"https:\\\/\\\/www.franz-stadlhofer.at\\\/shop\\\/?s={search_term_string}\"},\"query-input\":{\"@type\":\"PropertyValueSpecification\",\"valueRequired\":true,\"valueName\":\"search_term_string\"}}],\"inLanguage\":\"de\"},{\"@type\":\"Organization\",\"@id\":\"https:\\\/\\\/www.franz-stadlhofer.at\\\/shop\\\/#organization\",\"name\":\"Schnitzstube Stadlhofer Shop\",\"url\":\"https:\\\/\\\/www.franz-stadlhofer.at\\\/shop\\\/\",\"logo\":{\"@type\":\"ImageObject\",\"inLanguage\":\"de\",\"@id\":\"https:\\\/\\\/www.franz-stadlhofer.at\\\/shop\\\/#\\\/schema\\\/logo\\\/image\\\/\",\"url\":\"https:\\\/\\\/www.franz-stadlhofer.at\\\/shop\\\/wp-content\\\/uploads\\\/2019\\\/10\\\/LOGO-2-RETINA.png\",\"contentUrl\":\"https:\\\/\\\/www.franz-stadlhofer.at\\\/shop\\\/wp-content\\\/uploads\\\/2019\\\/10\\\/LOGO-2-RETINA.png\",\"width\":471,\"height\":160,\"caption\":\"Schnitzstube Stadlhofer Shop\"},\"image\":{\"@id\":\"https:\\\/\\\/www.franz-stadlhofer.at\\\/shop\\\/#\\\/schema\\\/logo\\\/image\\\/\"}}]}<\/script>\n<!-- \/ Yoast SEO plugin. -->","yoast_head_json":{"title":"Maria","robots":{"index":"index","follow":"follow","max-snippet":"max-snippet:-1","max-image-preview":"max-image-preview:large","max-video-preview":"max-video-preview:-1"},"canonical":"https:\/\/www.franz-stadlhofer.at\/shop\/produkt\/maria\/","og_locale":"de_DE","og_type":"article","og_title":"Maria","og_description":"Diese 10 cm gro\u00dfen Krippenfiguren werden im ber\u00fchmten s\u00fcdtiroler Gr\u00f6dnertal von der Firma ALRA aus Ahornholz hergestellt und in liebevoller Handarbeit bemalt. Die detailgenaue Ausarbeitung macht diese Figuren zu beliebten Sammlerst\u00fccken.","og_url":"https:\/\/www.franz-stadlhofer.at\/shop\/produkt\/maria\/","og_site_name":"Schnitzstube Stadlhofer Shop","article_modified_time":"2024-11-07T14:02:30+00:00","og_image":[{"width":2048,"height":2048,"url":"https:\/\/www.franz-stadlhofer.at\/shop\/wp-content\/uploads\/2014\/08\/products-401-Maria_4db29890-4ae4-450b-9b98-f94ce5c74787.jpeg","type":"image\/jpeg"}],"twitter_card":"summary_large_image","schema":{"@context":"https:\/\/schema.org","@graph":[{"@type":"WebPage","@id":"https:\/\/www.franz-stadlhofer.at\/shop\/produkt\/maria\/","url":"https:\/\/www.franz-stadlhofer.at\/shop\/produkt\/maria\/","name":"Maria","isPartOf":{"@id":"https:\/\/www.franz-stadlhofer.at\/shop\/#website"},"primaryImageOfPage":{"@id":"https:\/\/www.franz-stadlhofer.at\/shop\/produkt\/maria\/#primaryimage"},"image":{"@id":"https:\/\/www.franz-stadlhofer.at\/shop\/produkt\/maria\/#primaryimage"},"thumbnailUrl":"https:\/\/www.franz-stadlhofer.at\/shop\/wp-content\/uploads\/2014\/08\/products-401-Maria_4db29890-4ae4-450b-9b98-f94ce5c74787.jpeg","datePublished":"2014-08-10T12:31:02+00:00","dateModified":"2024-11-07T14:02:30+00:00","breadcrumb":{"@id":"https:\/\/www.franz-stadlhofer.at\/shop\/produkt\/maria\/#breadcrumb"},"inLanguage":"de","potentialAction":[{"@type":"ReadAction","target":["https:\/\/www.franz-stadlhofer.at\/shop\/produkt\/maria\/"]}]},{"@type":"ImageObject","inLanguage":"de","@id":"https:\/\/www.franz-stadlhofer.at\/shop\/produkt\/maria\/#primaryimage","url":"https:\/\/www.franz-stadlhofer.at\/shop\/wp-content\/uploads\/2014\/08\/products-401-Maria_4db29890-4ae4-450b-9b98-f94ce5c74787.jpeg","contentUrl":"https:\/\/www.franz-stadlhofer.at\/shop\/wp-content\/uploads\/2014\/08\/products-401-Maria_4db29890-4ae4-450b-9b98-f94ce5c74787.jpeg","width":"2048","height":"2048","caption":"ALRA Maria - Schnitzstube Stadlhofer Shop"},{"@type":"BreadcrumbList","@id":"https:\/\/www.franz-stadlhofer.at\/shop\/produkt\/maria\/#breadcrumb","itemListElement":[{"@type":"ListItem","position":1,"name":"Startseite","item":"https:\/\/www.franz-stadlhofer.at\/shop\/"},{"@type":"ListItem","position":2,"name":"Produkte","item":"https:\/\/www.franz-stadlhofer.at\/shop\/shop\/"},{"@type":"ListItem","position":3,"name":"Maria"}]},{"@type":"WebSite","@id":"https:\/\/www.franz-stadlhofer.at\/shop\/#website","url":"https:\/\/www.franz-stadlhofer.at\/shop\/","name":"Schnitzstube Stadlhofer Shop","description":"Holzschnitzen Onlineshop","publisher":{"@id":"https:\/\/www.franz-stadlhofer.at\/shop\/#organization"},"potentialAction":[{"@type":"SearchAction","target":{"@type":"EntryPoint","urlTemplate":"https:\/\/www.franz-stadlhofer.at\/shop\/?s={search_term_string}"},"query-input":{"@type":"PropertyValueSpecification","valueRequired":true,"valueName":"search_term_string"}}],"inLanguage":"de"},{"@type":"Organization","@id":"https:\/\/www.franz-stadlhofer.at\/shop\/#organization","name":"Schnitzstube Stadlhofer Shop","url":"https:\/\/www.franz-stadlhofer.at\/shop\/","logo":{"@type":"ImageObject","inLanguage":"de","@id":"https:\/\/www.franz-stadlhofer.at\/shop\/#\/schema\/logo\/image\/","url":"https:\/\/www.franz-stadlhofer.at\/shop\/wp-content\/uploads\/2019\/10\/LOGO-2-RETINA.png","contentUrl":"https:\/\/www.franz-stadlhofer.at\/shop\/wp-content\/uploads\/2019\/10\/LOGO-2-RETINA.png","width":471,"height":160,"caption":"Schnitzstube Stadlhofer Shop"},"image":{"@id":"https:\/\/www.franz-stadlhofer.at\/shop\/#\/schema\/logo\/image\/"}}]}},"_links":{"self":[{"href":"https:\/\/www.franz-stadlhofer.at\/shop\/wp-json\/wp\/v2\/product\/21700","targetHints":{"allow":["GET"]}}],"collection":[{"href":"https:\/\/www.franz-stadlhofer.at\/shop\/wp-json\/wp\/v2\/product"}],"about":[{"href":"https:\/\/www.franz-stadlhofer.at\/shop\/wp-json\/wp\/v2\/types\/product"}],"wp:featuredmedia":[{"embeddable":true,"href":"https:\/\/www.franz-stadlhofer.at\/shop\/wp-json\/wp\/v2\/media\/21707"}],"wp:attachment":[{"href":"https:\/\/www.franz-stadlhofer.at\/shop\/wp-json\/wp\/v2\/media?parent=21700"}],"wp:term":[{"taxonomy":"product_brand","embeddable":true,"href":"https:\/\/www.franz-stadlhofer.at\/shop\/wp-json\/wp\/v2\/product_brand?post=21700"},{"taxonomy":"product_cat","embeddable":true,"href":"https:\/\/www.franz-stadlhofer.at\/shop\/wp-json\/wp\/v2\/product_cat?post=21700"},{"taxonomy":"product_tag","embeddable":true,"href":"https:\/\/www.franz-stadlhofer.at\/shop\/wp-json\/wp\/v2\/product_tag?post=21700"}],"curies":[{"name":"wp","href":"https:\/\/api.w.org\/{rel}","templated":true}]}}