{"id":21358,"date":"2014-07-19T17:18:36","date_gmt":"2014-07-19T15:18:36","guid":{"rendered":"https:\/\/www.franz-stadlhofer.at\/shop\/?post_type=product&#038;p=21358"},"modified":"2024-07-13T11:23:12","modified_gmt":"2024-07-13T09:23:12","slug":"flacheisen-schrag","status":"publish","type":"product","link":"https:\/\/www.franz-stadlhofer.at\/shop\/produkt\/flacheisen-schrag\/","title":{"rendered":"Flacheisen schr\u00e4g"},"content":{"rendered":"<div class=\"fusion-fullwidth fullwidth-box fusion-builder-row-1 fusion-flex-container nonhundred-percent-fullwidth non-hundred-percent-height-scrolling\" style=\"--awb-border-radius-top-left:0px;--awb-border-radius-top-right:0px;--awb-border-radius-bottom-right:0px;--awb-border-radius-bottom-left:0px;--awb-flex-wrap:wrap;\" ><div class=\"fusion-builder-row fusion-row fusion-flex-align-items-flex-start fusion-flex-content-wrap\" style=\"max-width:1216.8px;margin-left: calc(-4% \/ 2 );margin-right: calc(-4% \/ 2 );\"><div class=\"fusion-layout-column fusion_builder_column fusion-builder-column-0 fusion_builder_column_1_1 1_1 fusion-flex-column\" style=\"--awb-bg-size:cover;--awb-width-large:100%;--awb-margin-top-large:0px;--awb-spacing-right-large:1.92%;--awb-margin-bottom-large:0px;--awb-spacing-left-large:1.92%;--awb-width-medium:100%;--awb-spacing-right-medium:1.92%;--awb-spacing-left-medium:1.92%;--awb-width-small:100%;--awb-spacing-right-small:1.92%;--awb-spacing-left-small:1.92%;\"><div class=\"fusion-column-wrapper fusion-flex-justify-content-flex-start fusion-content-layout-column\"><div class=\"fusion-text fusion-text-1\"><p>Mit dem geraden Eisen wird aus dem Holz eine erste grobe Form geschnitzt. Es wird weiter auch zum Nachschneiden grosser Fl\u00e4chen eingesetzt. Die leicht schr\u00e4g gestellte Schneide erm\u00f6glicht einen leicht ziehenden Schnitt mit einer sehr guten Spanbildung, wird oft ohne Kl\u00f6pfel verwendet. Beidseitig angeschliffen, also nach links oder nach rechts schneidend einsetzbar. Kann auch zum Erstellen von Schriften und Ornamenten benutzt werden.<\/p>\n<p>Klingenl\u00e4nge: 120 mm Stiell\u00e4nge: 130 mm<\/p>\n<p>Das 1S\/14 hat einen extra steilen Spezialschliff f\u00fcr ganz besondere Muster.<\/p>\n<\/div><\/div><\/div><\/div><\/div>\n","protected":false},"excerpt":{"rendered":"","protected":false},"featured_media":21363,"template":"","meta":[],"product_brand":[805],"product_cat":[784,758],"product_tag":[1453,1454,1455],"class_list":{"0":"post-21358","1":"product","2":"type-product","3":"status-publish","4":"has-post-thumbnail","6":"product_brand-pfeil","7":"product_cat-schnitzeisen","8":"product_cat-werkzeuge","9":"product_tag-pfeil","10":"product_tag-schnitzeisen","11":"product_tag-schnitzmesser","12":"pa_stichform-breite-1s-5","13":"pa_stichform-breite-1s-12","14":"pa_stichform-breite-1s-14","15":"pa_stichform-breite-1s-25","17":"first","18":"instock","19":"taxable","20":"shipping-taxable","21":"purchasable","22":"product-type-variable"},"barcode":null,"atum_controlled":true,"out_stock_date":null,"out_stock_threshold":null,"inheritable":true,"stock_on_hold":0,"sold_today":0,"sales_last_days":0,"reserved_stock":0,"customer_returns":0,"warehouse_damage":0,"lost_in_post":0,"other_logs":0,"out_stock_days":0,"lost_sales":0,"update_date":"2026-05-04T00:05:52","atum_locations":[],"atum_stock_status":"instock","restock_status":false,"low_stock_amount":"","sales_update_date":"2026-05-04T00:05:52","calc_backorders":null,"yoast_head":"<!-- This site is optimized with the Yoast SEO plugin v27.4 - https:\/\/yoast.com\/product\/yoast-seo-wordpress\/ -->\n<title>Flacheisen schr\u00e4g<\/title>\n<meta name=\"description\" content=\"Mit dem geraden Eisen wird aus dem Holz eine erste grobe Form geschnitzt. Es wird weiter auch zum Nachschneiden grosser Fl\u00e4chen eingesetzt. Die leicht schr\u00e4g gestellte Schneide erm\u00f6glicht einen leicht ziehenden Schnitt mit einer sehr guten Spanbildung, wird oft ohne Kl\u00f6pfel verwendet. Beidseitig angeschliffen, also nach links oder nach rechts schneidend einsetzbar. Kann auch zum Erstellen von Schriften und Ornamenten benutzt werden. Klingenl\u00e4nge: 120 mm Stiell\u00e4nge: 130 mm Das 1S\/14 hat einen extra steilen Spezialschliff f\u00fcr ganz besondere Muster.\" \/>\n<meta name=\"robots\" content=\"index, follow, max-snippet:-1, max-image-preview:large, max-video-preview:-1\" \/>\n<link rel=\"canonical\" href=\"https:\/\/www.franz-stadlhofer.at\/shop\/produkt\/flacheisen-schrag\/\" \/>\n<meta property=\"og:locale\" content=\"de_DE\" \/>\n<meta property=\"og:type\" content=\"article\" \/>\n<meta property=\"og:title\" content=\"Flacheisen schr\u00e4g\" \/>\n<meta property=\"og:description\" content=\"Mit dem geraden Eisen wird aus dem Holz eine erste grobe Form geschnitzt. Es wird weiter auch zum Nachschneiden grosser Fl\u00e4chen eingesetzt. Die leicht schr\u00e4g gestellte Schneide erm\u00f6glicht einen leicht ziehenden Schnitt mit einer sehr guten Spanbildung, wird oft ohne Kl\u00f6pfel verwendet. Beidseitig angeschliffen, also nach links oder nach rechts schneidend einsetzbar. Kann auch zum Erstellen von Schriften und Ornamenten benutzt werden. Klingenl\u00e4nge: 120 mm Stiell\u00e4nge: 130 mm Das 1S\/14 hat einen extra steilen Spezialschliff f\u00fcr ganz besondere Muster.\" \/>\n<meta property=\"og:url\" content=\"https:\/\/www.franz-stadlhofer.at\/shop\/produkt\/flacheisen-schrag\/\" \/>\n<meta property=\"og:site_name\" content=\"Schnitzstube Stadlhofer Shop\" \/>\n<meta property=\"article:modified_time\" content=\"2024-07-13T09:23:12+00:00\" \/>\n<meta property=\"og:image\" content=\"https:\/\/www.franz-stadlhofer.at\/shop\/wp-content\/uploads\/2014\/07\/products-1_20.jpeg\" \/>\n\t<meta property=\"og:image:width\" content=\"567\" \/>\n\t<meta property=\"og:image:height\" content=\"567\" \/>\n\t<meta property=\"og:image:type\" content=\"image\/jpeg\" \/>\n<meta name=\"twitter:card\" content=\"summary_large_image\" \/>\n<meta name=\"twitter:label1\" content=\"Gesch\u00e4tzte Lesezeit\" \/>\n\t<meta name=\"twitter:data1\" content=\"1\u00a0Minute\" \/>\n<script type=\"application\/ld+json\" class=\"yoast-schema-graph\">{\"@context\":\"https:\\\/\\\/schema.org\",\"@graph\":[{\"@type\":\"WebPage\",\"@id\":\"https:\\\/\\\/www.franz-stadlhofer.at\\\/shop\\\/produkt\\\/flacheisen-schrag\\\/\",\"url\":\"https:\\\/\\\/www.franz-stadlhofer.at\\\/shop\\\/produkt\\\/flacheisen-schrag\\\/\",\"name\":\"Flacheisen schr\u00e4g\",\"isPartOf\":{\"@id\":\"https:\\\/\\\/www.franz-stadlhofer.at\\\/shop\\\/#website\"},\"primaryImageOfPage\":{\"@id\":\"https:\\\/\\\/www.franz-stadlhofer.at\\\/shop\\\/produkt\\\/flacheisen-schrag\\\/#primaryimage\"},\"image\":{\"@id\":\"https:\\\/\\\/www.franz-stadlhofer.at\\\/shop\\\/produkt\\\/flacheisen-schrag\\\/#primaryimage\"},\"thumbnailUrl\":\"https:\\\/\\\/www.franz-stadlhofer.at\\\/shop\\\/wp-content\\\/uploads\\\/2014\\\/07\\\/products-1_20.jpeg\",\"datePublished\":\"2014-07-19T15:18:36+00:00\",\"dateModified\":\"2024-07-13T09:23:12+00:00\",\"description\":\"Mit dem geraden Eisen wird aus dem Holz eine erste grobe Form geschnitzt. Es wird weiter auch zum Nachschneiden grosser Fl\u00e4chen eingesetzt. Die leicht schr\u00e4g gestellte Schneide erm\u00f6glicht einen leicht ziehenden Schnitt mit einer sehr guten Spanbildung, wird oft ohne Kl\u00f6pfel verwendet. Beidseitig angeschliffen, also nach links oder nach rechts schneidend einsetzbar. Kann auch zum Erstellen von Schriften und Ornamenten benutzt werden. Klingenl\u00e4nge: 120 mm Stiell\u00e4nge: 130 mm Das 1S\\\/14 hat einen extra steilen Spezialschliff f\u00fcr ganz besondere Muster.\",\"breadcrumb\":{\"@id\":\"https:\\\/\\\/www.franz-stadlhofer.at\\\/shop\\\/produkt\\\/flacheisen-schrag\\\/#breadcrumb\"},\"inLanguage\":\"de\",\"potentialAction\":[{\"@type\":\"ReadAction\",\"target\":[\"https:\\\/\\\/www.franz-stadlhofer.at\\\/shop\\\/produkt\\\/flacheisen-schrag\\\/\"]}]},{\"@type\":\"ImageObject\",\"inLanguage\":\"de\",\"@id\":\"https:\\\/\\\/www.franz-stadlhofer.at\\\/shop\\\/produkt\\\/flacheisen-schrag\\\/#primaryimage\",\"url\":\"https:\\\/\\\/www.franz-stadlhofer.at\\\/shop\\\/wp-content\\\/uploads\\\/2014\\\/07\\\/products-1_20.jpeg\",\"contentUrl\":\"https:\\\/\\\/www.franz-stadlhofer.at\\\/shop\\\/wp-content\\\/uploads\\\/2014\\\/07\\\/products-1_20.jpeg\",\"width\":\"567\",\"height\":\"567\",\"caption\":\"Flacheisen schr\u00e4g - Schnitzstube Stadlhofer Shop\"},{\"@type\":\"BreadcrumbList\",\"@id\":\"https:\\\/\\\/www.franz-stadlhofer.at\\\/shop\\\/produkt\\\/flacheisen-schrag\\\/#breadcrumb\",\"itemListElement\":[{\"@type\":\"ListItem\",\"position\":1,\"name\":\"Startseite\",\"item\":\"https:\\\/\\\/www.franz-stadlhofer.at\\\/shop\\\/\"},{\"@type\":\"ListItem\",\"position\":2,\"name\":\"Produkte\",\"item\":\"https:\\\/\\\/www.franz-stadlhofer.at\\\/shop\\\/shop\\\/\"},{\"@type\":\"ListItem\",\"position\":3,\"name\":\"Flacheisen schr\u00e4g\"}]},{\"@type\":\"WebSite\",\"@id\":\"https:\\\/\\\/www.franz-stadlhofer.at\\\/shop\\\/#website\",\"url\":\"https:\\\/\\\/www.franz-stadlhofer.at\\\/shop\\\/\",\"name\":\"Schnitzstube Stadlhofer Shop\",\"description\":\"Holzschnitzen Onlineshop\",\"publisher\":{\"@id\":\"https:\\\/\\\/www.franz-stadlhofer.at\\\/shop\\\/#organization\"},\"potentialAction\":[{\"@type\":\"SearchAction\",\"target\":{\"@type\":\"EntryPoint\",\"urlTemplate\":\"https:\\\/\\\/www.franz-stadlhofer.at\\\/shop\\\/?s={search_term_string}\"},\"query-input\":{\"@type\":\"PropertyValueSpecification\",\"valueRequired\":true,\"valueName\":\"search_term_string\"}}],\"inLanguage\":\"de\"},{\"@type\":\"Organization\",\"@id\":\"https:\\\/\\\/www.franz-stadlhofer.at\\\/shop\\\/#organization\",\"name\":\"Schnitzstube Stadlhofer Shop\",\"url\":\"https:\\\/\\\/www.franz-stadlhofer.at\\\/shop\\\/\",\"logo\":{\"@type\":\"ImageObject\",\"inLanguage\":\"de\",\"@id\":\"https:\\\/\\\/www.franz-stadlhofer.at\\\/shop\\\/#\\\/schema\\\/logo\\\/image\\\/\",\"url\":\"https:\\\/\\\/www.franz-stadlhofer.at\\\/shop\\\/wp-content\\\/uploads\\\/2019\\\/10\\\/LOGO-2-RETINA.png\",\"contentUrl\":\"https:\\\/\\\/www.franz-stadlhofer.at\\\/shop\\\/wp-content\\\/uploads\\\/2019\\\/10\\\/LOGO-2-RETINA.png\",\"width\":471,\"height\":160,\"caption\":\"Schnitzstube Stadlhofer Shop\"},\"image\":{\"@id\":\"https:\\\/\\\/www.franz-stadlhofer.at\\\/shop\\\/#\\\/schema\\\/logo\\\/image\\\/\"}}]}<\/script>\n<!-- \/ Yoast SEO plugin. -->","yoast_head_json":{"title":"Flacheisen schr\u00e4g","description":"Mit dem geraden Eisen wird aus dem Holz eine erste grobe Form geschnitzt. Es wird weiter auch zum Nachschneiden grosser Fl\u00e4chen eingesetzt. Die leicht schr\u00e4g gestellte Schneide erm\u00f6glicht einen leicht ziehenden Schnitt mit einer sehr guten Spanbildung, wird oft ohne Kl\u00f6pfel verwendet. Beidseitig angeschliffen, also nach links oder nach rechts schneidend einsetzbar. Kann auch zum Erstellen von Schriften und Ornamenten benutzt werden. Klingenl\u00e4nge: 120 mm Stiell\u00e4nge: 130 mm Das 1S\/14 hat einen extra steilen Spezialschliff f\u00fcr ganz besondere Muster.","robots":{"index":"index","follow":"follow","max-snippet":"max-snippet:-1","max-image-preview":"max-image-preview:large","max-video-preview":"max-video-preview:-1"},"canonical":"https:\/\/www.franz-stadlhofer.at\/shop\/produkt\/flacheisen-schrag\/","og_locale":"de_DE","og_type":"article","og_title":"Flacheisen schr\u00e4g","og_description":"Mit dem geraden Eisen wird aus dem Holz eine erste grobe Form geschnitzt. Es wird weiter auch zum Nachschneiden grosser Fl\u00e4chen eingesetzt. Die leicht schr\u00e4g gestellte Schneide erm\u00f6glicht einen leicht ziehenden Schnitt mit einer sehr guten Spanbildung, wird oft ohne Kl\u00f6pfel verwendet. Beidseitig angeschliffen, also nach links oder nach rechts schneidend einsetzbar. Kann auch zum Erstellen von Schriften und Ornamenten benutzt werden. Klingenl\u00e4nge: 120 mm Stiell\u00e4nge: 130 mm Das 1S\/14 hat einen extra steilen Spezialschliff f\u00fcr ganz besondere Muster.","og_url":"https:\/\/www.franz-stadlhofer.at\/shop\/produkt\/flacheisen-schrag\/","og_site_name":"Schnitzstube Stadlhofer Shop","article_modified_time":"2024-07-13T09:23:12+00:00","og_image":[{"width":567,"height":567,"url":"https:\/\/www.franz-stadlhofer.at\/shop\/wp-content\/uploads\/2014\/07\/products-1_20.jpeg","type":"image\/jpeg"}],"twitter_card":"summary_large_image","twitter_misc":{"Gesch\u00e4tzte Lesezeit":"1\u00a0Minute"},"schema":{"@context":"https:\/\/schema.org","@graph":[{"@type":"WebPage","@id":"https:\/\/www.franz-stadlhofer.at\/shop\/produkt\/flacheisen-schrag\/","url":"https:\/\/www.franz-stadlhofer.at\/shop\/produkt\/flacheisen-schrag\/","name":"Flacheisen schr\u00e4g","isPartOf":{"@id":"https:\/\/www.franz-stadlhofer.at\/shop\/#website"},"primaryImageOfPage":{"@id":"https:\/\/www.franz-stadlhofer.at\/shop\/produkt\/flacheisen-schrag\/#primaryimage"},"image":{"@id":"https:\/\/www.franz-stadlhofer.at\/shop\/produkt\/flacheisen-schrag\/#primaryimage"},"thumbnailUrl":"https:\/\/www.franz-stadlhofer.at\/shop\/wp-content\/uploads\/2014\/07\/products-1_20.jpeg","datePublished":"2014-07-19T15:18:36+00:00","dateModified":"2024-07-13T09:23:12+00:00","description":"Mit dem geraden Eisen wird aus dem Holz eine erste grobe Form geschnitzt. Es wird weiter auch zum Nachschneiden grosser Fl\u00e4chen eingesetzt. Die leicht schr\u00e4g gestellte Schneide erm\u00f6glicht einen leicht ziehenden Schnitt mit einer sehr guten Spanbildung, wird oft ohne Kl\u00f6pfel verwendet. Beidseitig angeschliffen, also nach links oder nach rechts schneidend einsetzbar. Kann auch zum Erstellen von Schriften und Ornamenten benutzt werden. Klingenl\u00e4nge: 120 mm Stiell\u00e4nge: 130 mm Das 1S\/14 hat einen extra steilen Spezialschliff f\u00fcr ganz besondere Muster.","breadcrumb":{"@id":"https:\/\/www.franz-stadlhofer.at\/shop\/produkt\/flacheisen-schrag\/#breadcrumb"},"inLanguage":"de","potentialAction":[{"@type":"ReadAction","target":["https:\/\/www.franz-stadlhofer.at\/shop\/produkt\/flacheisen-schrag\/"]}]},{"@type":"ImageObject","inLanguage":"de","@id":"https:\/\/www.franz-stadlhofer.at\/shop\/produkt\/flacheisen-schrag\/#primaryimage","url":"https:\/\/www.franz-stadlhofer.at\/shop\/wp-content\/uploads\/2014\/07\/products-1_20.jpeg","contentUrl":"https:\/\/www.franz-stadlhofer.at\/shop\/wp-content\/uploads\/2014\/07\/products-1_20.jpeg","width":"567","height":"567","caption":"Flacheisen schr\u00e4g - Schnitzstube Stadlhofer Shop"},{"@type":"BreadcrumbList","@id":"https:\/\/www.franz-stadlhofer.at\/shop\/produkt\/flacheisen-schrag\/#breadcrumb","itemListElement":[{"@type":"ListItem","position":1,"name":"Startseite","item":"https:\/\/www.franz-stadlhofer.at\/shop\/"},{"@type":"ListItem","position":2,"name":"Produkte","item":"https:\/\/www.franz-stadlhofer.at\/shop\/shop\/"},{"@type":"ListItem","position":3,"name":"Flacheisen schr\u00e4g"}]},{"@type":"WebSite","@id":"https:\/\/www.franz-stadlhofer.at\/shop\/#website","url":"https:\/\/www.franz-stadlhofer.at\/shop\/","name":"Schnitzstube Stadlhofer Shop","description":"Holzschnitzen Onlineshop","publisher":{"@id":"https:\/\/www.franz-stadlhofer.at\/shop\/#organization"},"potentialAction":[{"@type":"SearchAction","target":{"@type":"EntryPoint","urlTemplate":"https:\/\/www.franz-stadlhofer.at\/shop\/?s={search_term_string}"},"query-input":{"@type":"PropertyValueSpecification","valueRequired":true,"valueName":"search_term_string"}}],"inLanguage":"de"},{"@type":"Organization","@id":"https:\/\/www.franz-stadlhofer.at\/shop\/#organization","name":"Schnitzstube Stadlhofer Shop","url":"https:\/\/www.franz-stadlhofer.at\/shop\/","logo":{"@type":"ImageObject","inLanguage":"de","@id":"https:\/\/www.franz-stadlhofer.at\/shop\/#\/schema\/logo\/image\/","url":"https:\/\/www.franz-stadlhofer.at\/shop\/wp-content\/uploads\/2019\/10\/LOGO-2-RETINA.png","contentUrl":"https:\/\/www.franz-stadlhofer.at\/shop\/wp-content\/uploads\/2019\/10\/LOGO-2-RETINA.png","width":471,"height":160,"caption":"Schnitzstube Stadlhofer Shop"},"image":{"@id":"https:\/\/www.franz-stadlhofer.at\/shop\/#\/schema\/logo\/image\/"}}]}},"_links":{"self":[{"href":"https:\/\/www.franz-stadlhofer.at\/shop\/wp-json\/wp\/v2\/product\/21358","targetHints":{"allow":["GET"]}}],"collection":[{"href":"https:\/\/www.franz-stadlhofer.at\/shop\/wp-json\/wp\/v2\/product"}],"about":[{"href":"https:\/\/www.franz-stadlhofer.at\/shop\/wp-json\/wp\/v2\/types\/product"}],"wp:featuredmedia":[{"embeddable":true,"href":"https:\/\/www.franz-stadlhofer.at\/shop\/wp-json\/wp\/v2\/media\/21363"}],"wp:attachment":[{"href":"https:\/\/www.franz-stadlhofer.at\/shop\/wp-json\/wp\/v2\/media?parent=21358"}],"wp:term":[{"taxonomy":"product_brand","embeddable":true,"href":"https:\/\/www.franz-stadlhofer.at\/shop\/wp-json\/wp\/v2\/product_brand?post=21358"},{"taxonomy":"product_cat","embeddable":true,"href":"https:\/\/www.franz-stadlhofer.at\/shop\/wp-json\/wp\/v2\/product_cat?post=21358"},{"taxonomy":"product_tag","embeddable":true,"href":"https:\/\/www.franz-stadlhofer.at\/shop\/wp-json\/wp\/v2\/product_tag?post=21358"}],"curies":[{"name":"wp","href":"https:\/\/api.w.org\/{rel}","templated":true}]}}