{"id":24038,"date":"2020-07-16T15:13:27","date_gmt":"2020-07-16T13:13:27","guid":{"rendered":"https:\/\/www.franz-stadlhofer.at\/shop\/?page_id=24038"},"modified":"2021-01-09T12:30:14","modified_gmt":"2021-01-09T11:30:14","slug":"zahlung","status":"publish","type":"page","link":"https:\/\/www.franz-stadlhofer.at\/shop\/zahlung\/","title":{"rendered":"Zahlung"},"content":{"rendered":"<div class=\"fusion-fullwidth fullwidth-box fusion-builder-row-1 nonhundred-percent-fullwidth non-hundred-percent-height-scrolling\" style=\"--awb-border-radius-top-left:0px;--awb-border-radius-top-right:0px;--awb-border-radius-bottom-right:0px;--awb-border-radius-bottom-left:0px;--awb-flex-wrap:wrap;\" ><div class=\"fusion-builder-row fusion-row\"><div class=\"fusion-layout-column fusion_builder_column fusion-builder-column-0 fusion_builder_column_1_6 1_6 fusion-one-sixth fusion-column-first\" style=\"--awb-bg-size:cover;width:16.666666666667%;width:calc(16.666666666667% - ( ( 4% + 4% ) * 0.16666666666667 ) );margin-right: 4%;\"><div class=\"fusion-column-wrapper fusion-column-has-shadow fusion-flex-column-wrapper-legacy\"><div class=\"fusion-clearfix\"><\/div><\/div><\/div><div class=\"fusion-layout-column fusion_builder_column fusion-builder-column-1 fusion_builder_column_2_3 2_3 fusion-two-third\" style=\"--awb-bg-size:cover;width:66.666666666667%;width:calc(66.666666666667% - ( ( 4% + 4% ) * 0.66666666666667 ) );margin-right: 4%;\"><div class=\"fusion-column-wrapper fusion-column-has-shadow fusion-flex-column-wrapper-legacy\"><div class=\"fusion-text fusion-text-1\"><p>Wir bieten folgende Zahlungsarten an. W\u00e4hlen Sie daraus die f\u00fcr Sie optimale aus.<\/p>\n<p><em><img decoding=\"async\" class=\"crazy_lazy alignright wp-image-264\" src=\"https:\/\/www.lebensform.at\/onlineshop\/wp-content\/uploads\/2019\/04\/Vorkasse.png\" alt=\"Vorauskassa\" width=\"101\" height=\"82\" data-src=\"https:\/\/www.lebensform.at\/onlineshop\/wp-content\/uploads\/2019\/04\/Vorkasse.png\" \/><\/em><\/p>\n<p><em><strong>Vorauskassa<\/strong><\/em><\/p>\n<p>\u00dcberweisen Sie vorab direkt den f\u00e4lligen Betrag auf unser Bankkonto. Nachdem Sie die Bestellbest\u00e4tigung erhalten haben, nehmen Sie bitte innerhalb einer Woche die Zahlung vor. Nutzen Sie die <em><strong>Rechnungs-Nr. als Verwendungszweck<\/strong><\/em>. Ihre Bestellung wird erst nach Geldeingang auf unserem Konto bei der Raiffeisenlandesbank Nieder\u00f6sterreich-Wien <strong>IBAN: AT64 3200 0000 1165 9786<\/strong> \u2013 BIC: RLNWATWW zum Versand gebracht.<\/p>\n<p><em><strong>Rechnung (nur f\u00fcr Stammkunden)<br \/>\n<\/strong><\/em><\/p>\n<p>Die Zahlungsart \u201eRechnung\u201c ist ausschlie\u00dflich Stammkunden vorbehalten. Nachdem Sie die Ware erhalten haben, \u00fcberweisen Sie den f\u00e4lligen Betrag direkt auf unser Bankkonto bei der Raiffeisenlandesbank Nieder\u00f6sterreich-Wien <strong>IBAN: AT64 3200 0000 1165 9786<\/strong> \u2013 BIC: RLNWATWW. Nutzen Sie die <em><strong>Rechnungs-Nr. als Verwendungszweck<\/strong><\/em>. Soweit eine g\u00fcltige E-Mail-Adresse vorliegt, erfolgt der Versand der Rechnung per E-Mail, anderenfalls liegt sie der Lieferung bei. Der Kaufpreis wird bei Kauf auf Rechnung am Tag des Eingangs der Lieferung beim Kunden zur Zahlung f\u00e4llig. Erfolgt die Zahlung nicht binnen 14 Tagen nach F\u00e4lligkeitseintritt, ger\u00e4t der Kunde in Verzug. Im Falle eines Verzugs werden die gesetzlichen Verzugszinsen berechnet.<\/p>\n<p><strong><em>Kreditkarte<\/em><\/strong><\/p>\n<p>Sichere Zahlungsabwicklung mit Visa, MasterCard oder American Express durch den Zahlungsanbieter Stripe. Dadurch k\u00f6nnen Sie besond<img decoding=\"async\" class=\"alignright wp-image-265 size-medium\" src=\"https:\/\/www.lebensform.at\/onlineshop\/wp-content\/uploads\/2019\/06\/Kreditkarte.png\" sizes=\"(max-width: 300px) 100vw, 300px\" srcset=\"https:\/\/www.lebensform.at\/onlineshop\/wp-content\/uploads\/2019\/06\/Kreditkarte.png 300w, https:\/\/www.lebensform.at\/onlineshop\/wp-content\/uploads\/2019\/06\/Kreditkarte.png 445w\" alt=\"Kreditkarte\" width=\"300\" height=\"82\" data-src=\"https:\/\/www.lebensform.at\/onlineshop\/wp-content\/uploads\/2019\/06\/Kreditkarte.png\" \/>ers schnell und sicher in unserem Onlineshop bezahlen. Innerhalb k\u00fcrzester Zeit erhalten Sie eine R\u00fcckmeldung Ihrer Transaktion. Wenn Sie online bestellen m\u00f6chten, geben Sie einfach an, dass Sie per Kreditkarte bezahlen m\u00f6chten. Mit MasterCard und Visa sind Sie auf der sicheren Seite. Modernste Verschl\u00fcssenlungstechnologie wie SSL (Secure Socket Layer) und dem 3D Secure Verfahren bietet Ihnen h\u00f6chste Sicherheit bei der Zahlung im Internet. Mehr Informationen unter: <a href=\"https:\/\/stripe.com\/at\">stripe.com\/at<\/a><\/p>\n<p><em><strong>EPS oder GiroPay<\/strong><\/em><\/p>\n<p><em><img decoding=\"async\" class=\"crazy_lazy alignright wp-image-264\" src=\"https:\/\/www.franz-stadlhofer.at\/shop\/wp-content\/uploads\/2020\/11\/giropay_200px_color_rgb.png\" alt=\"EPS oder Giropay\" width=\"101\" height=\"82\" \/><\/em><\/p>\n<p>Zahlen Sie sicher, einfach und bequem \u00fcber Ihr bekanntes Online Banking ganz ohne Registrierung. Sie werden \u00fcber eine sichere Verbindung auf die Webseite von EPS bzw. GiroPay bwz. Sofort\u00fcberweisung weitergeleitet. Geben Sie dort Ihre Bankleitzahl an, ermittelt der Dienst automatisch die zugeh\u00f6rige Bank. F\u00fcr die Transaktion ben\u00f6tigen Sie Ihre Bankdaten, ggf. Verf\u00fcgernummer sowie einen PIN, TAN oder die Eingabe und Best\u00e4tigung mittels einer App Ihres Bankinstituts. Durch die Eingabe der TAN wird der Betrag der Rechnung von Ihrem Konto automatisch an uns \u00fcberwiesen. Weitere Informationen unter: <a href=\"http:\/\/www.eps-ueberweisung.at\">eps-ueberweisung.at<\/a>, <a href=\"https:\/\/www.giropay.de\">giropay.de<\/a><\/p>\n<p><em><img decoding=\"async\" class=\"alignright wp-image-264\" src=\"https:\/\/www.lebensform.at\/onlineshop\/wp-content\/uploads\/2019\/06\/PayPal-Zahlung.png\" alt=\"PayPal\" width=\"101\" height=\"82\" data-src=\"https:\/\/www.lebensform.at\/onlineshop\/wp-content\/uploads\/2019\/06\/PayPal-Zahlung.png\" \/><\/em><\/p>\n<p><em><strong>PayPal<\/strong><\/em><\/p>\n<p>Sicherheit steht bei PayPal an erster Stelle, deshalb verschl\u00fcsselt PayPal Ihre Daten und Ihre Kontoinformationen bleiben privat. Sie zahlen online nur mit Ihrem PayPal-Passwort und m\u00fcssen Ihre Finanzdaten nicht bei jedem Kauf neu eingeben. Wenn Sie sich f\u00fcr diese Zahlungsart entscheiden, werden Sie zu PayPal weitergeleitet. Falls Sie neu bei PayPal sind k\u00f6nnen Sie kostenlos ein PayPal Konto anlegen, in welchem Sie Ihre Kreditkarte oder Bankdaten hinterlegen. Wenn Sie schon ein PayPal Konto besitzen k\u00f6nnen Sie einfach wie gewohnt mit Ihrer E-Mail und Ihrem Passwort bezahlen. Im Anschluss erhalten Sie eine Bestellbest\u00e4tigung und die Zahlung mit PayPal ist kostenlos in unserem Onlineshop. Falls Produkte von Ihnen zur\u00fcckgesendet werden, wird Ihnen der ausst\u00e4ndige Betrag auf Ihr PayPal Konto r\u00fcckgebucht. Mehr Informationen unter: <a href=\"https:\/\/www.paypal.com\/at\/webapps\/mpp\/home\" target=\"_blank\" rel=\"noopener noreferrer\">paypal.com\/at<\/a>.<\/p>\n<p><em><strong>\u00a0<\/strong><\/em><\/p>\n<\/div><div class=\"fusion-clearfix\"><\/div><\/div><\/div><div class=\"fusion-layout-column fusion_builder_column fusion-builder-column-2 fusion_builder_column_1_6 1_6 fusion-one-sixth fusion-column-last\" style=\"--awb-bg-size:cover;width:16.666666666667%;width:calc(16.666666666667% - ( ( 4% + 4% ) * 0.16666666666667 ) );\"><div class=\"fusion-column-wrapper fusion-column-has-shadow fusion-flex-column-wrapper-legacy\"><div class=\"fusion-clearfix\"><\/div><\/div><\/div><\/div><\/div>\n","protected":false},"excerpt":{"rendered":"","protected":false},"author":7,"featured_media":0,"parent":0,"menu_order":0,"comment_status":"closed","ping_status":"closed","template":"","meta":{"footnotes":""},"class_list":["post-24038","page","type-page","status-publish","hentry"],"yoast_head":"<!-- This site is optimized with the Yoast SEO plugin v27.3 - https:\/\/yoast.com\/product\/yoast-seo-wordpress\/ -->\n<title>Zahlungsarten der Schnitzstube Stadlhofer - Schnitzstube Stadlhofer Shop<\/title>\n<meta name=\"description\" content=\"In der Schnitzstube Stadlhofer sind viele Zahlungsarten vorhanden. Von Paypal, Kreditkarte und Vorkasse bis hin zur Sofort\u00fcberweisung.\" \/>\n<meta name=\"robots\" content=\"index, follow, max-snippet:-1, max-image-preview:large, max-video-preview:-1\" \/>\n<link rel=\"canonical\" href=\"https:\/\/www.franz-stadlhofer.at\/shop\/zahlung\/\" \/>\n<meta property=\"og:locale\" content=\"de_DE\" \/>\n<meta property=\"og:type\" content=\"article\" \/>\n<meta property=\"og:title\" content=\"Zahlungsarten der Schnitzstube Stadlhofer - Schnitzstube Stadlhofer Shop\" \/>\n<meta property=\"og:description\" content=\"In der Schnitzstube Stadlhofer sind viele Zahlungsarten vorhanden. Von Paypal, Kreditkarte und Vorkasse bis hin zur Sofort\u00fcberweisung.\" \/>\n<meta property=\"og:url\" content=\"https:\/\/www.franz-stadlhofer.at\/shop\/zahlung\/\" \/>\n<meta property=\"og:site_name\" content=\"Schnitzstube Stadlhofer Shop\" \/>\n<meta property=\"article:modified_time\" content=\"2021-01-09T11:30:14+00:00\" \/>\n<meta property=\"og:image\" content=\"https:\/\/www.lebensform.at\/onlineshop\/wp-content\/uploads\/2019\/04\/Vorkasse.png\" \/>\n<meta name=\"twitter:card\" content=\"summary_large_image\" \/>\n<meta name=\"twitter:label1\" content=\"Gesch\u00e4tzte Lesezeit\" \/>\n\t<meta name=\"twitter:data1\" content=\"6\u00a0Minuten\" \/>\n<script type=\"application\/ld+json\" class=\"yoast-schema-graph\">{\"@context\":\"https:\\\/\\\/schema.org\",\"@graph\":[{\"@type\":\"WebPage\",\"@id\":\"https:\\\/\\\/www.franz-stadlhofer.at\\\/shop\\\/zahlung\\\/\",\"url\":\"https:\\\/\\\/www.franz-stadlhofer.at\\\/shop\\\/zahlung\\\/\",\"name\":\"Zahlungsarten der Schnitzstube Stadlhofer - Schnitzstube Stadlhofer Shop\",\"isPartOf\":{\"@id\":\"https:\\\/\\\/www.franz-stadlhofer.at\\\/shop\\\/#website\"},\"primaryImageOfPage\":{\"@id\":\"https:\\\/\\\/www.franz-stadlhofer.at\\\/shop\\\/zahlung\\\/#primaryimage\"},\"image\":{\"@id\":\"https:\\\/\\\/www.franz-stadlhofer.at\\\/shop\\\/zahlung\\\/#primaryimage\"},\"thumbnailUrl\":\"https:\\\/\\\/www.lebensform.at\\\/onlineshop\\\/wp-content\\\/uploads\\\/2019\\\/04\\\/Vorkasse.png\",\"datePublished\":\"2020-07-16T13:13:27+00:00\",\"dateModified\":\"2021-01-09T11:30:14+00:00\",\"description\":\"In der Schnitzstube Stadlhofer sind viele Zahlungsarten vorhanden. Von Paypal, Kreditkarte und Vorkasse bis hin zur Sofort\u00fcberweisung.\",\"breadcrumb\":{\"@id\":\"https:\\\/\\\/www.franz-stadlhofer.at\\\/shop\\\/zahlung\\\/#breadcrumb\"},\"inLanguage\":\"de\",\"potentialAction\":[{\"@type\":\"ReadAction\",\"target\":[\"https:\\\/\\\/www.franz-stadlhofer.at\\\/shop\\\/zahlung\\\/\"]}]},{\"@type\":\"ImageObject\",\"inLanguage\":\"de\",\"@id\":\"https:\\\/\\\/www.franz-stadlhofer.at\\\/shop\\\/zahlung\\\/#primaryimage\",\"url\":\"https:\\\/\\\/www.lebensform.at\\\/onlineshop\\\/wp-content\\\/uploads\\\/2019\\\/04\\\/Vorkasse.png\",\"contentUrl\":\"https:\\\/\\\/www.lebensform.at\\\/onlineshop\\\/wp-content\\\/uploads\\\/2019\\\/04\\\/Vorkasse.png\"},{\"@type\":\"BreadcrumbList\",\"@id\":\"https:\\\/\\\/www.franz-stadlhofer.at\\\/shop\\\/zahlung\\\/#breadcrumb\",\"itemListElement\":[{\"@type\":\"ListItem\",\"position\":1,\"name\":\"Startseite\",\"item\":\"https:\\\/\\\/www.franz-stadlhofer.at\\\/shop\\\/\"},{\"@type\":\"ListItem\",\"position\":2,\"name\":\"Zahlung\"}]},{\"@type\":\"WebSite\",\"@id\":\"https:\\\/\\\/www.franz-stadlhofer.at\\\/shop\\\/#website\",\"url\":\"https:\\\/\\\/www.franz-stadlhofer.at\\\/shop\\\/\",\"name\":\"Schnitzstube Stadlhofer Shop\",\"description\":\"Holzschnitzen Onlineshop\",\"publisher\":{\"@id\":\"https:\\\/\\\/www.franz-stadlhofer.at\\\/shop\\\/#organization\"},\"potentialAction\":[{\"@type\":\"SearchAction\",\"target\":{\"@type\":\"EntryPoint\",\"urlTemplate\":\"https:\\\/\\\/www.franz-stadlhofer.at\\\/shop\\\/?s={search_term_string}\"},\"query-input\":{\"@type\":\"PropertyValueSpecification\",\"valueRequired\":true,\"valueName\":\"search_term_string\"}}],\"inLanguage\":\"de\"},{\"@type\":\"Organization\",\"@id\":\"https:\\\/\\\/www.franz-stadlhofer.at\\\/shop\\\/#organization\",\"name\":\"Schnitzstube Stadlhofer Shop\",\"url\":\"https:\\\/\\\/www.franz-stadlhofer.at\\\/shop\\\/\",\"logo\":{\"@type\":\"ImageObject\",\"inLanguage\":\"de\",\"@id\":\"https:\\\/\\\/www.franz-stadlhofer.at\\\/shop\\\/#\\\/schema\\\/logo\\\/image\\\/\",\"url\":\"https:\\\/\\\/www.franz-stadlhofer.at\\\/shop\\\/wp-content\\\/uploads\\\/2019\\\/10\\\/LOGO-2-RETINA.png\",\"contentUrl\":\"https:\\\/\\\/www.franz-stadlhofer.at\\\/shop\\\/wp-content\\\/uploads\\\/2019\\\/10\\\/LOGO-2-RETINA.png\",\"width\":471,\"height\":160,\"caption\":\"Schnitzstube Stadlhofer Shop\"},\"image\":{\"@id\":\"https:\\\/\\\/www.franz-stadlhofer.at\\\/shop\\\/#\\\/schema\\\/logo\\\/image\\\/\"}}]}<\/script>\n<!-- \/ Yoast SEO plugin. -->","yoast_head_json":{"title":"Zahlungsarten der Schnitzstube Stadlhofer - Schnitzstube Stadlhofer Shop","description":"In der Schnitzstube Stadlhofer sind viele Zahlungsarten vorhanden. Von Paypal, Kreditkarte und Vorkasse bis hin zur Sofort\u00fcberweisung.","robots":{"index":"index","follow":"follow","max-snippet":"max-snippet:-1","max-image-preview":"max-image-preview:large","max-video-preview":"max-video-preview:-1"},"canonical":"https:\/\/www.franz-stadlhofer.at\/shop\/zahlung\/","og_locale":"de_DE","og_type":"article","og_title":"Zahlungsarten der Schnitzstube Stadlhofer - Schnitzstube Stadlhofer Shop","og_description":"In der Schnitzstube Stadlhofer sind viele Zahlungsarten vorhanden. Von Paypal, Kreditkarte und Vorkasse bis hin zur Sofort\u00fcberweisung.","og_url":"https:\/\/www.franz-stadlhofer.at\/shop\/zahlung\/","og_site_name":"Schnitzstube Stadlhofer Shop","article_modified_time":"2021-01-09T11:30:14+00:00","og_image":[{"url":"https:\/\/www.lebensform.at\/onlineshop\/wp-content\/uploads\/2019\/04\/Vorkasse.png","type":"","width":"","height":""}],"twitter_card":"summary_large_image","twitter_misc":{"Gesch\u00e4tzte Lesezeit":"6\u00a0Minuten"},"schema":{"@context":"https:\/\/schema.org","@graph":[{"@type":"WebPage","@id":"https:\/\/www.franz-stadlhofer.at\/shop\/zahlung\/","url":"https:\/\/www.franz-stadlhofer.at\/shop\/zahlung\/","name":"Zahlungsarten der Schnitzstube Stadlhofer - Schnitzstube Stadlhofer Shop","isPartOf":{"@id":"https:\/\/www.franz-stadlhofer.at\/shop\/#website"},"primaryImageOfPage":{"@id":"https:\/\/www.franz-stadlhofer.at\/shop\/zahlung\/#primaryimage"},"image":{"@id":"https:\/\/www.franz-stadlhofer.at\/shop\/zahlung\/#primaryimage"},"thumbnailUrl":"https:\/\/www.lebensform.at\/onlineshop\/wp-content\/uploads\/2019\/04\/Vorkasse.png","datePublished":"2020-07-16T13:13:27+00:00","dateModified":"2021-01-09T11:30:14+00:00","description":"In der Schnitzstube Stadlhofer sind viele Zahlungsarten vorhanden. Von Paypal, Kreditkarte und Vorkasse bis hin zur Sofort\u00fcberweisung.","breadcrumb":{"@id":"https:\/\/www.franz-stadlhofer.at\/shop\/zahlung\/#breadcrumb"},"inLanguage":"de","potentialAction":[{"@type":"ReadAction","target":["https:\/\/www.franz-stadlhofer.at\/shop\/zahlung\/"]}]},{"@type":"ImageObject","inLanguage":"de","@id":"https:\/\/www.franz-stadlhofer.at\/shop\/zahlung\/#primaryimage","url":"https:\/\/www.lebensform.at\/onlineshop\/wp-content\/uploads\/2019\/04\/Vorkasse.png","contentUrl":"https:\/\/www.lebensform.at\/onlineshop\/wp-content\/uploads\/2019\/04\/Vorkasse.png"},{"@type":"BreadcrumbList","@id":"https:\/\/www.franz-stadlhofer.at\/shop\/zahlung\/#breadcrumb","itemListElement":[{"@type":"ListItem","position":1,"name":"Startseite","item":"https:\/\/www.franz-stadlhofer.at\/shop\/"},{"@type":"ListItem","position":2,"name":"Zahlung"}]},{"@type":"WebSite","@id":"https:\/\/www.franz-stadlhofer.at\/shop\/#website","url":"https:\/\/www.franz-stadlhofer.at\/shop\/","name":"Schnitzstube Stadlhofer Shop","description":"Holzschnitzen Onlineshop","publisher":{"@id":"https:\/\/www.franz-stadlhofer.at\/shop\/#organization"},"potentialAction":[{"@type":"SearchAction","target":{"@type":"EntryPoint","urlTemplate":"https:\/\/www.franz-stadlhofer.at\/shop\/?s={search_term_string}"},"query-input":{"@type":"PropertyValueSpecification","valueRequired":true,"valueName":"search_term_string"}}],"inLanguage":"de"},{"@type":"Organization","@id":"https:\/\/www.franz-stadlhofer.at\/shop\/#organization","name":"Schnitzstube Stadlhofer Shop","url":"https:\/\/www.franz-stadlhofer.at\/shop\/","logo":{"@type":"ImageObject","inLanguage":"de","@id":"https:\/\/www.franz-stadlhofer.at\/shop\/#\/schema\/logo\/image\/","url":"https:\/\/www.franz-stadlhofer.at\/shop\/wp-content\/uploads\/2019\/10\/LOGO-2-RETINA.png","contentUrl":"https:\/\/www.franz-stadlhofer.at\/shop\/wp-content\/uploads\/2019\/10\/LOGO-2-RETINA.png","width":471,"height":160,"caption":"Schnitzstube Stadlhofer Shop"},"image":{"@id":"https:\/\/www.franz-stadlhofer.at\/shop\/#\/schema\/logo\/image\/"}}]}},"_links":{"self":[{"href":"https:\/\/www.franz-stadlhofer.at\/shop\/wp-json\/wp\/v2\/pages\/24038","targetHints":{"allow":["GET"]}}],"collection":[{"href":"https:\/\/www.franz-stadlhofer.at\/shop\/wp-json\/wp\/v2\/pages"}],"about":[{"href":"https:\/\/www.franz-stadlhofer.at\/shop\/wp-json\/wp\/v2\/types\/page"}],"author":[{"embeddable":true,"href":"https:\/\/www.franz-stadlhofer.at\/shop\/wp-json\/wp\/v2\/users\/7"}],"replies":[{"embeddable":true,"href":"https:\/\/www.franz-stadlhofer.at\/shop\/wp-json\/wp\/v2\/comments?post=24038"}],"version-history":[{"count":8,"href":"https:\/\/www.franz-stadlhofer.at\/shop\/wp-json\/wp\/v2\/pages\/24038\/revisions"}],"predecessor-version":[{"id":25570,"href":"https:\/\/www.franz-stadlhofer.at\/shop\/wp-json\/wp\/v2\/pages\/24038\/revisions\/25570"}],"wp:attachment":[{"href":"https:\/\/www.franz-stadlhofer.at\/shop\/wp-json\/wp\/v2\/media?parent=24038"}],"curies":[{"name":"wp","href":"https:\/\/api.w.org\/{rel}","templated":true}]}}