{"id":23995,"date":"2020-07-16T11:31:26","date_gmt":"2020-07-16T09:31:26","guid":{"rendered":"https:\/\/www.franz-stadlhofer.at\/shop\/?page_id=23995"},"modified":"2021-01-04T18:51:39","modified_gmt":"2021-01-04T17:51:39","slug":"impressum","status":"publish","type":"page","link":"https:\/\/www.franz-stadlhofer.at\/shop\/impressum\/","title":{"rendered":"Impressum"},"content":{"rendered":"<p><div class=\"fusion-fullwidth fullwidth-box fusion-builder-row-1 nonhundred-percent-fullwidth non-hundred-percent-height-scrolling\" style=\"--awb-background-position:left top;--awb-border-sizes-top:0px;--awb-border-sizes-bottom:0px;--awb-border-sizes-left:0px;--awb-border-sizes-right:0px;--awb-border-radius-top-left:0px;--awb-border-radius-top-right:0px;--awb-border-radius-bottom-right:0px;--awb-border-radius-bottom-left:0px;--awb-padding-top:60px;--awb-padding-bottom:2%;--awb-flex-wrap:wrap;\" ><div class=\"fusion-builder-row fusion-row\"><div class=\"fusion-layout-column fusion_builder_column fusion-builder-column-0 fusion_builder_column_1_1 1_1 fusion-one-full fusion-column-first fusion-column-last\" style=\"--awb-bg-size:cover;--awb-margin-bottom:30px;\"><div class=\"fusion-column-wrapper fusion-flex-column-wrapper-legacy\"><div class=\"fusion-text fusion-text-1\"><p style=\"text-align: center;\"><span style=\"font-family: antrovectra; color: #68402e;\"><strong><span style=\"font-size: 64px;\">Wichtiges zur Schnitzstube<br \/>\n<\/span><\/strong><\/span><\/p>\n<\/div><div class=\"fusion-text fusion-text-2\"><h3 style=\"text-align: center;\"><span style=\"color: #333333;\">Impressum<\/span><\/h3>\n<\/div><div class=\"fusion-clearfix\"><\/div><\/div><\/div><\/div><\/div><div class=\"fusion-fullwidth fullwidth-box fusion-builder-row-2 nonhundred-percent-fullwidth non-hundred-percent-height-scrolling\" style=\"--awb-border-radius-top-left:0px;--awb-border-radius-top-right:0px;--awb-border-radius-bottom-right:0px;--awb-border-radius-bottom-left:0px;--awb-background-color:#faf5e8;--awb-flex-wrap:wrap;\" ><div class=\"fusion-builder-row fusion-row\"><div class=\"fusion-layout-column fusion_builder_column fusion-builder-column-1 fusion_builder_column_1_2 1_2 fusion-one-half fusion-column-first\" style=\"--awb-bg-size:cover;--awb-margin-top:50px;--awb-margin-bottom:50px;width:50%;width:calc(50% - ( ( 4% ) * 0.5 ) );margin-right: 4%;\"><div class=\"fusion-column-wrapper fusion-flex-column-wrapper-legacy\"><div class=\"fusion-column-content-centered\"><div class=\"fusion-column-content\"><div class=\"fusion-text fusion-text-3\"><h5 style=\"text-align: center;\">F\u00fcr den Produkthandel<\/h5>\n<h3 style=\"text-align: center;\">Schnitzstube Stadlhofer<\/h3>\n<p style=\"text-align: center;\">T\u00f6pfelgasse 7\/1<br \/>\n1140 Wien<\/p>\n<p class=\"align-center align-justify\" style=\"text-align: center;\">Mobil: +43 (0) 664 \/ 530 30 33<br \/>\nFax: +43 (0)1 \/ 89 20 114<br \/>\nE-Mail:\u00a0<a href=\"mailto:office@franz-stadlhofer.at\">office@franz-stadlhofer.at<\/a><\/p>\n<p class=\"align-center align-justify\" style=\"text-align: center;\">UID-Nummer: ATU 63910744<\/p>\n<p class=\"align-center align-justify\" style=\"text-align: center;\">Inhaberin: Mag. Andrea Stadlhofer<\/p>\n<p style=\"text-align: center;\"><strong>Aufsichtsbeh\u00f6rde\/Gewerbebeh\u00f6rde<\/strong>: Magistrat der Stadt Wien, 1130 Wien<br \/>\n<strong>Kammerzugeh\u00f6rigkeit<\/strong>: Mitglied der WKO, Sparte Handel, Fachgruppe LG Baustoff-, Eisen-, Hartwaren- und Holzhandel sowie<br \/>\nSparte Gewerbe und Handwerk, Fachgruppe LI Kunsthandwerke<br \/>\n<strong>Unternehmensgegenstand<\/strong>: Handel mit Holz und sonstigen Produkten rund ums Schnitzen sowie Erzeuger kunstgewerblicher Gegenst\u00e4nde<br \/>\n<strong>Gewerbeordnung<\/strong>: www.ris.bka.gv.at<\/p>\n<\/div><\/div><\/div><div class=\"fusion-clearfix\"><\/div><\/div><\/div><div class=\"fusion-layout-column fusion_builder_column fusion-builder-column-2 fusion_builder_column_1_2 1_2 fusion-one-half fusion-column-last\" style=\"--awb-padding-right:20px;--awb-padding-left:20px;--awb-bg-size:cover;--awb-margin-top:50px;--awb-margin-bottom:50px;width:50%;width:calc(50% - ( ( 4% ) * 0.5 ) );\"><div class=\"fusion-column-wrapper fusion-column-has-shadow fusion-flex-column-wrapper-legacy\"><div class=\"fusion-column-content-centered\"><div class=\"fusion-column-content\"><div class=\"fusion-text fusion-text-4\"><h5 style=\"text-align: center;\">F\u00fcr den Kursbetrieb<\/h5>\n<h3 style=\"text-align: center;\">Franz Stadlhofer Schnitzkunst GmbH<\/h3>\n<p style=\"text-align: center;\">T\u00f6pfelgasse 7\/1<br \/>\n1140 Wien<\/p>\n<p class=\"align-center align-justify\" style=\"text-align: center;\">Mobil: +43 (0) 664 \/ 530 30 33<br \/>\nFax: +43 (0)1 \/ 89 20 114<br \/>\nE-Mail:\u00a0<a href=\"mailto:office@franz-stadlhofer.at\">office@franz-stadlhofer.at<\/a><\/p>\n<p class=\"align-center align-justify\" style=\"text-align: center;\">UID-Nummer: ATU 73087928<br \/>\nFB-Nr.: 486637v<br \/>\nFB-Gericht: Handelsgericht Wien<\/p>\n<p class=\"align-center align-justify\" style=\"text-align: center;\">Gesch\u00e4ftsf\u00fchrende Gesellschafterin: Mag. Andrea Stadlhofer<\/p>\n<p style=\"text-align: center;\"><strong>Unternehmensgegenstand:<\/strong> Durchf\u00fchrung von Kursen im kunsthandwerklichen Bereich<\/p>\n<\/div><\/div><\/div><div class=\"fusion-clearfix\"><\/div><\/div><\/div><\/div><\/div><div class=\"fusion-fullwidth fullwidth-box fusion-builder-row-3 nonhundred-percent-fullwidth non-hundred-percent-height-scrolling\" style=\"--awb-border-radius-top-left:0px;--awb-border-radius-top-right:0px;--awb-border-radius-bottom-right:0px;--awb-border-radius-bottom-left:0px;--awb-padding-right:20px;--awb-padding-left:20px;--awb-flex-wrap:wrap;\" ><div class=\"fusion-builder-row fusion-row\"><div class=\"fusion-layout-column fusion_builder_column fusion-builder-column-3 fusion_builder_column_1_1 1_1 fusion-one-full fusion-column-first fusion-column-last\" style=\"--awb-bg-size:cover;\"><div class=\"fusion-column-wrapper fusion-flex-column-wrapper-legacy\"><div class=\"fusion-text fusion-text-5\"><h3 class=\"align-center align-justify\" style=\"text-align: center;\">Webdesign<\/h3>\n<p class=\"align-center align-justify\" style=\"text-align: center;\">Powered by PKOM Webagentur<br \/>\n<a href=\"https:\/\/www.pkom.at\" target=\"_blank\" rel=\"noopener noreferrer\">www.pkom.at<\/a><\/p>\n<h3 class=\"align-center align-justify\" style=\"text-align: center;\">Inhaltliche Gestaltung<\/h3>\n<p class=\"align-center align-justify\" style=\"text-align: center;\">Mag. Andrea Stadlhofer<\/p>\n<h3 class=\"align-center align-justify\" style=\"text-align: center;\">Copyright<\/h3>\n<p style=\"text-align: center;\">Die auf dieser Seite ver\u00f6ffentlichten Beitr\u00e4ge, Daten, Bilder, Grafiken und Layout sind urheberrechtlich gesch\u00fctzt. Die Vervielf\u00e4ltigung bedarf der ausdr\u00fccklichen schriftlichen Genehmigung der Redaktion. Unerlaubte Verwendung, Reproduktion oder Weitergabe einzelner Inhalte, insbesondere des Logos oder kompletter Seiten k\u00f6nnen sowohl zivil- als auch strafrechtlich verfolgt werden.<\/p>\n<p><img decoding=\"async\" class=\"wp-image-25489 aligncenter\" src=\"https:\/\/www.franz-stadlhofer.at\/shop\/wp-content\/uploads\/2021\/01\/Wirtschaftsagentur_Stadt-Wien.jpg\" alt=\"\" width=\"138\" height=\"57\" srcset=\"https:\/\/www.franz-stadlhofer.at\/shop\/wp-content\/uploads\/2021\/01\/Wirtschaftsagentur_Stadt-Wien-200x83.jpg 200w, https:\/\/www.franz-stadlhofer.at\/shop\/wp-content\/uploads\/2021\/01\/Wirtschaftsagentur_Stadt-Wien-300x124.jpg 300w, https:\/\/www.franz-stadlhofer.at\/shop\/wp-content\/uploads\/2021\/01\/Wirtschaftsagentur_Stadt-Wien-400x165.jpg 400w, https:\/\/www.franz-stadlhofer.at\/shop\/wp-content\/uploads\/2021\/01\/Wirtschaftsagentur_Stadt-Wien-500x207.jpg 500w, https:\/\/www.franz-stadlhofer.at\/shop\/wp-content\/uploads\/2021\/01\/Wirtschaftsagentur_Stadt-Wien-600x248.jpg 600w, https:\/\/www.franz-stadlhofer.at\/shop\/wp-content\/uploads\/2021\/01\/Wirtschaftsagentur_Stadt-Wien-669x272.jpg 669w, https:\/\/www.franz-stadlhofer.at\/shop\/wp-content\/uploads\/2021\/01\/Wirtschaftsagentur_Stadt-Wien-700x290.jpg 700w, https:\/\/www.franz-stadlhofer.at\/shop\/wp-content\/uploads\/2021\/01\/Wirtschaftsagentur_Stadt-Wien-768x318.jpg 768w, https:\/\/www.franz-stadlhofer.at\/shop\/wp-content\/uploads\/2021\/01\/Wirtschaftsagentur_Stadt-Wien-800x331.jpg 800w, https:\/\/www.franz-stadlhofer.at\/shop\/wp-content\/uploads\/2021\/01\/Wirtschaftsagentur_Stadt-Wien-1024x424.jpg 1024w, https:\/\/www.franz-stadlhofer.at\/shop\/wp-content\/uploads\/2021\/01\/Wirtschaftsagentur_Stadt-Wien-1200x496.jpg 1200w, https:\/\/www.franz-stadlhofer.at\/shop\/wp-content\/uploads\/2021\/01\/Wirtschaftsagentur_Stadt-Wien-1536x635.jpg 1536w, https:\/\/www.franz-stadlhofer.at\/shop\/wp-content\/uploads\/2021\/01\/Wirtschaftsagentur_Stadt-Wien.jpg 1900w\" sizes=\"(max-width: 138px) 100vw, 138px\" \/><\/p>\n<p style=\"text-align: center;\">Diese Seite wurde gef\u00f6rdert durch die Wirtschaftsagentur Wien. Ein Fonds der Stadt Wien.<\/p>\n<\/div><div class=\"fusion-clearfix\"><\/div><\/div><\/div><\/div><\/div><div class=\"fusion-fullwidth fullwidth-box fusion-builder-row-4 nonhundred-percent-fullwidth non-hundred-percent-height-scrolling\" style=\"--awb-border-radius-top-left:0px;--awb-border-radius-top-right:0px;--awb-border-radius-bottom-right:0px;--awb-border-radius-bottom-left:0px;--awb-flex-wrap:wrap;\" ><div class=\"fusion-builder-row fusion-row\"><div class=\"fusion-layout-column fusion_builder_column fusion-builder-column-4 fusion_builder_column_1_1 1_1 fusion-one-full fusion-column-first fusion-column-last\" style=\"--awb-bg-size:cover;--awb-margin-top:0px;--awb-margin-bottom:0px;\"><div class=\"fusion-column-wrapper fusion-flex-column-wrapper-legacy\"><div class=\"fusion-text fusion-text-6\"><div class=\"woocommerce woocommerce-gzd woocommerce-gzd-complaints-shortcode\">\n\t\t\t<h3>Information gem. \u00a7 19 Abs 3 AStG<\/h3>\n\t\t<p>Alternative Streitbeilegung Gesetz - Online Gesch\u00e4fte<\/p>\n\t\nWir sind bereit, an einem au\u00dfergerichtlichen Schlichtungsverfahren teilzunehmen.<\/div>\n<\/div><div class=\"fusion-clearfix\"><\/div><\/div><\/div><\/div><\/div><\/p>\n","protected":false},"excerpt":{"rendered":"","protected":false},"author":7,"featured_media":0,"parent":0,"menu_order":0,"comment_status":"closed","ping_status":"closed","template":"100-width.php","meta":{"footnotes":""},"class_list":["post-23995","page","type-page","status-publish","hentry"],"yoast_head":"<!-- This site is optimized with the Yoast SEO plugin v27.3 - https:\/\/yoast.com\/product\/yoast-seo-wordpress\/ -->\n<title>Impressum der Schnitzstube Stadlhofer - Schnitzstube Stadlhofer Shop<\/title>\n<meta name=\"description\" content=\"Im Impressum der Schnitzstube Stadlhofer finden Sie alle Informationen rund um unseren Betrieb. Jetzt auf der Website einsehen.\" \/>\n<meta name=\"robots\" content=\"index, follow, max-snippet:-1, max-image-preview:large, max-video-preview:-1\" \/>\n<link rel=\"canonical\" href=\"https:\/\/www.franz-stadlhofer.at\/shop\/impressum\/\" \/>\n<meta property=\"og:locale\" content=\"de_DE\" \/>\n<meta property=\"og:type\" content=\"article\" \/>\n<meta property=\"og:title\" content=\"Impressum der Schnitzstube Stadlhofer - Schnitzstube Stadlhofer Shop\" \/>\n<meta property=\"og:description\" content=\"Im Impressum der Schnitzstube Stadlhofer finden Sie alle Informationen rund um unseren Betrieb. Jetzt auf der Website einsehen.\" \/>\n<meta property=\"og:url\" content=\"https:\/\/www.franz-stadlhofer.at\/shop\/impressum\/\" \/>\n<meta property=\"og:site_name\" content=\"Schnitzstube Stadlhofer Shop\" \/>\n<meta property=\"article:modified_time\" content=\"2021-01-04T17:51:39+00:00\" \/>\n<meta property=\"og:image\" content=\"https:\/\/www.franz-stadlhofer.at\/shop\/wp-content\/uploads\/2021\/01\/Wirtschaftsagentur_Stadt-Wien.jpg\" \/>\n<meta name=\"twitter:card\" content=\"summary_large_image\" \/>\n<meta name=\"twitter:label1\" content=\"Gesch\u00e4tzte Lesezeit\" \/>\n\t<meta name=\"twitter:data1\" content=\"7\u00a0Minuten\" \/>\n<script type=\"application\/ld+json\" class=\"yoast-schema-graph\">{\"@context\":\"https:\\\/\\\/schema.org\",\"@graph\":[{\"@type\":\"WebPage\",\"@id\":\"https:\\\/\\\/www.franz-stadlhofer.at\\\/shop\\\/impressum\\\/\",\"url\":\"https:\\\/\\\/www.franz-stadlhofer.at\\\/shop\\\/impressum\\\/\",\"name\":\"Impressum der Schnitzstube Stadlhofer - Schnitzstube Stadlhofer Shop\",\"isPartOf\":{\"@id\":\"https:\\\/\\\/www.franz-stadlhofer.at\\\/shop\\\/#website\"},\"primaryImageOfPage\":{\"@id\":\"https:\\\/\\\/www.franz-stadlhofer.at\\\/shop\\\/impressum\\\/#primaryimage\"},\"image\":{\"@id\":\"https:\\\/\\\/www.franz-stadlhofer.at\\\/shop\\\/impressum\\\/#primaryimage\"},\"thumbnailUrl\":\"https:\\\/\\\/www.franz-stadlhofer.at\\\/shop\\\/wp-content\\\/uploads\\\/2021\\\/01\\\/Wirtschaftsagentur_Stadt-Wien.jpg\",\"datePublished\":\"2020-07-16T09:31:26+00:00\",\"dateModified\":\"2021-01-04T17:51:39+00:00\",\"description\":\"Im Impressum der Schnitzstube Stadlhofer finden Sie alle Informationen rund um unseren Betrieb. Jetzt auf der Website einsehen.\",\"breadcrumb\":{\"@id\":\"https:\\\/\\\/www.franz-stadlhofer.at\\\/shop\\\/impressum\\\/#breadcrumb\"},\"inLanguage\":\"de\",\"potentialAction\":[{\"@type\":\"ReadAction\",\"target\":[\"https:\\\/\\\/www.franz-stadlhofer.at\\\/shop\\\/impressum\\\/\"]}]},{\"@type\":\"ImageObject\",\"inLanguage\":\"de\",\"@id\":\"https:\\\/\\\/www.franz-stadlhofer.at\\\/shop\\\/impressum\\\/#primaryimage\",\"url\":\"https:\\\/\\\/www.franz-stadlhofer.at\\\/shop\\\/wp-content\\\/uploads\\\/2021\\\/01\\\/Wirtschaftsagentur_Stadt-Wien.jpg\",\"contentUrl\":\"https:\\\/\\\/www.franz-stadlhofer.at\\\/shop\\\/wp-content\\\/uploads\\\/2021\\\/01\\\/Wirtschaftsagentur_Stadt-Wien.jpg\",\"width\":1900,\"height\":786},{\"@type\":\"BreadcrumbList\",\"@id\":\"https:\\\/\\\/www.franz-stadlhofer.at\\\/shop\\\/impressum\\\/#breadcrumb\",\"itemListElement\":[{\"@type\":\"ListItem\",\"position\":1,\"name\":\"Startseite\",\"item\":\"https:\\\/\\\/www.franz-stadlhofer.at\\\/shop\\\/\"},{\"@type\":\"ListItem\",\"position\":2,\"name\":\"Impressum\"}]},{\"@type\":\"WebSite\",\"@id\":\"https:\\\/\\\/www.franz-stadlhofer.at\\\/shop\\\/#website\",\"url\":\"https:\\\/\\\/www.franz-stadlhofer.at\\\/shop\\\/\",\"name\":\"Schnitzstube Stadlhofer Shop\",\"description\":\"Holzschnitzen Onlineshop\",\"publisher\":{\"@id\":\"https:\\\/\\\/www.franz-stadlhofer.at\\\/shop\\\/#organization\"},\"potentialAction\":[{\"@type\":\"SearchAction\",\"target\":{\"@type\":\"EntryPoint\",\"urlTemplate\":\"https:\\\/\\\/www.franz-stadlhofer.at\\\/shop\\\/?s={search_term_string}\"},\"query-input\":{\"@type\":\"PropertyValueSpecification\",\"valueRequired\":true,\"valueName\":\"search_term_string\"}}],\"inLanguage\":\"de\"},{\"@type\":\"Organization\",\"@id\":\"https:\\\/\\\/www.franz-stadlhofer.at\\\/shop\\\/#organization\",\"name\":\"Schnitzstube Stadlhofer Shop\",\"url\":\"https:\\\/\\\/www.franz-stadlhofer.at\\\/shop\\\/\",\"logo\":{\"@type\":\"ImageObject\",\"inLanguage\":\"de\",\"@id\":\"https:\\\/\\\/www.franz-stadlhofer.at\\\/shop\\\/#\\\/schema\\\/logo\\\/image\\\/\",\"url\":\"https:\\\/\\\/www.franz-stadlhofer.at\\\/shop\\\/wp-content\\\/uploads\\\/2019\\\/10\\\/LOGO-2-RETINA.png\",\"contentUrl\":\"https:\\\/\\\/www.franz-stadlhofer.at\\\/shop\\\/wp-content\\\/uploads\\\/2019\\\/10\\\/LOGO-2-RETINA.png\",\"width\":471,\"height\":160,\"caption\":\"Schnitzstube Stadlhofer Shop\"},\"image\":{\"@id\":\"https:\\\/\\\/www.franz-stadlhofer.at\\\/shop\\\/#\\\/schema\\\/logo\\\/image\\\/\"}}]}<\/script>\n<!-- \/ Yoast SEO plugin. -->","yoast_head_json":{"title":"Impressum der Schnitzstube Stadlhofer - Schnitzstube Stadlhofer Shop","description":"Im Impressum der Schnitzstube Stadlhofer finden Sie alle Informationen rund um unseren Betrieb. Jetzt auf der Website einsehen.","robots":{"index":"index","follow":"follow","max-snippet":"max-snippet:-1","max-image-preview":"max-image-preview:large","max-video-preview":"max-video-preview:-1"},"canonical":"https:\/\/www.franz-stadlhofer.at\/shop\/impressum\/","og_locale":"de_DE","og_type":"article","og_title":"Impressum der Schnitzstube Stadlhofer - Schnitzstube Stadlhofer Shop","og_description":"Im Impressum der Schnitzstube Stadlhofer finden Sie alle Informationen rund um unseren Betrieb. Jetzt auf der Website einsehen.","og_url":"https:\/\/www.franz-stadlhofer.at\/shop\/impressum\/","og_site_name":"Schnitzstube Stadlhofer Shop","article_modified_time":"2021-01-04T17:51:39+00:00","og_image":[{"url":"https:\/\/www.franz-stadlhofer.at\/shop\/wp-content\/uploads\/2021\/01\/Wirtschaftsagentur_Stadt-Wien.jpg","type":"","width":"","height":""}],"twitter_card":"summary_large_image","twitter_misc":{"Gesch\u00e4tzte Lesezeit":"7\u00a0Minuten"},"schema":{"@context":"https:\/\/schema.org","@graph":[{"@type":"WebPage","@id":"https:\/\/www.franz-stadlhofer.at\/shop\/impressum\/","url":"https:\/\/www.franz-stadlhofer.at\/shop\/impressum\/","name":"Impressum der Schnitzstube Stadlhofer - Schnitzstube Stadlhofer Shop","isPartOf":{"@id":"https:\/\/www.franz-stadlhofer.at\/shop\/#website"},"primaryImageOfPage":{"@id":"https:\/\/www.franz-stadlhofer.at\/shop\/impressum\/#primaryimage"},"image":{"@id":"https:\/\/www.franz-stadlhofer.at\/shop\/impressum\/#primaryimage"},"thumbnailUrl":"https:\/\/www.franz-stadlhofer.at\/shop\/wp-content\/uploads\/2021\/01\/Wirtschaftsagentur_Stadt-Wien.jpg","datePublished":"2020-07-16T09:31:26+00:00","dateModified":"2021-01-04T17:51:39+00:00","description":"Im Impressum der Schnitzstube Stadlhofer finden Sie alle Informationen rund um unseren Betrieb. Jetzt auf der Website einsehen.","breadcrumb":{"@id":"https:\/\/www.franz-stadlhofer.at\/shop\/impressum\/#breadcrumb"},"inLanguage":"de","potentialAction":[{"@type":"ReadAction","target":["https:\/\/www.franz-stadlhofer.at\/shop\/impressum\/"]}]},{"@type":"ImageObject","inLanguage":"de","@id":"https:\/\/www.franz-stadlhofer.at\/shop\/impressum\/#primaryimage","url":"https:\/\/www.franz-stadlhofer.at\/shop\/wp-content\/uploads\/2021\/01\/Wirtschaftsagentur_Stadt-Wien.jpg","contentUrl":"https:\/\/www.franz-stadlhofer.at\/shop\/wp-content\/uploads\/2021\/01\/Wirtschaftsagentur_Stadt-Wien.jpg","width":1900,"height":786},{"@type":"BreadcrumbList","@id":"https:\/\/www.franz-stadlhofer.at\/shop\/impressum\/#breadcrumb","itemListElement":[{"@type":"ListItem","position":1,"name":"Startseite","item":"https:\/\/www.franz-stadlhofer.at\/shop\/"},{"@type":"ListItem","position":2,"name":"Impressum"}]},{"@type":"WebSite","@id":"https:\/\/www.franz-stadlhofer.at\/shop\/#website","url":"https:\/\/www.franz-stadlhofer.at\/shop\/","name":"Schnitzstube Stadlhofer Shop","description":"Holzschnitzen Onlineshop","publisher":{"@id":"https:\/\/www.franz-stadlhofer.at\/shop\/#organization"},"potentialAction":[{"@type":"SearchAction","target":{"@type":"EntryPoint","urlTemplate":"https:\/\/www.franz-stadlhofer.at\/shop\/?s={search_term_string}"},"query-input":{"@type":"PropertyValueSpecification","valueRequired":true,"valueName":"search_term_string"}}],"inLanguage":"de"},{"@type":"Organization","@id":"https:\/\/www.franz-stadlhofer.at\/shop\/#organization","name":"Schnitzstube Stadlhofer Shop","url":"https:\/\/www.franz-stadlhofer.at\/shop\/","logo":{"@type":"ImageObject","inLanguage":"de","@id":"https:\/\/www.franz-stadlhofer.at\/shop\/#\/schema\/logo\/image\/","url":"https:\/\/www.franz-stadlhofer.at\/shop\/wp-content\/uploads\/2019\/10\/LOGO-2-RETINA.png","contentUrl":"https:\/\/www.franz-stadlhofer.at\/shop\/wp-content\/uploads\/2019\/10\/LOGO-2-RETINA.png","width":471,"height":160,"caption":"Schnitzstube Stadlhofer Shop"},"image":{"@id":"https:\/\/www.franz-stadlhofer.at\/shop\/#\/schema\/logo\/image\/"}}]}},"_links":{"self":[{"href":"https:\/\/www.franz-stadlhofer.at\/shop\/wp-json\/wp\/v2\/pages\/23995","targetHints":{"allow":["GET"]}}],"collection":[{"href":"https:\/\/www.franz-stadlhofer.at\/shop\/wp-json\/wp\/v2\/pages"}],"about":[{"href":"https:\/\/www.franz-stadlhofer.at\/shop\/wp-json\/wp\/v2\/types\/page"}],"author":[{"embeddable":true,"href":"https:\/\/www.franz-stadlhofer.at\/shop\/wp-json\/wp\/v2\/users\/7"}],"replies":[{"embeddable":true,"href":"https:\/\/www.franz-stadlhofer.at\/shop\/wp-json\/wp\/v2\/comments?post=23995"}],"version-history":[{"count":11,"href":"https:\/\/www.franz-stadlhofer.at\/shop\/wp-json\/wp\/v2\/pages\/23995\/revisions"}],"predecessor-version":[{"id":25491,"href":"https:\/\/www.franz-stadlhofer.at\/shop\/wp-json\/wp\/v2\/pages\/23995\/revisions\/25491"}],"wp:attachment":[{"href":"https:\/\/www.franz-stadlhofer.at\/shop\/wp-json\/wp\/v2\/media?parent=23995"}],"curies":[{"name":"wp","href":"https:\/\/api.w.org\/{rel}","templated":true}]}}